{"id":11130,"date":"2024-02-11T01:52:59","date_gmt":"2024-02-10T22:52:59","guid":{"rendered":"https:\/\/mebee.com.tr\/urun\/jakarli-fil-chakra-su-yesili-kimono"},"modified":"2025-03-18T22:31:44","modified_gmt":"2025-03-18T19:31:44","slug":"jacquard-elefant-chakra-wasser-grun-kimono-2","status":"publish","type":"product","link":"https:\/\/www.mebee.com.tr\/de\/produkt\/jacquard-elefant-chakra-wasser-grun-kimono-2","title":{"rendered":"Jacquard Elefant Chakra Wasser Gr\u00fcn Kimono"},"content":{"rendered":"<p>Der Jacquard Elephant Chakra Water Green Kimono bietet einen Stil voller Gelassenheit und Frieden. Der beruhigende wassergr\u00fcne Farbton in Kombination mit dem Elefanten-Chakra-Motiv verleiht ihm sowohl optische Eleganz als auch tiefe Bedeutung. Der Kimono aus hochwertigem Jacquard-Stoff besticht durch seine reiche Musterung, und seine lockere Passform sorgt f\u00fcr ganzt\u00e4gigen Tragekomfort. Ganz gleich, ob Sie ihn f\u00fcr den Strand, den Alltag oder eine besondere Abendveranstaltung bevorzugen, der Jacquard Elephant Chakra Water Green Kimono erg\u00e4nzt Ihren Stil auf nat\u00fcrliche und beeindruckende Weise. Dieser Kimono, der in jeder Umgebung eine ruhige Eleganz ausstrahlt, wird eines der unverzichtbaren St\u00fccke Ihrer Garderobe sein.<\/p>","protected":false},"excerpt":{"rendered":"<p>Jakarl\u0131 Fil Chakra Su Ye\u015fili Kimono, dinginlik ve huzur dolu bir stil sunar. Su ye\u015fili renginin sakinle\u015ftirici tonu, fil chakra<\/p>","protected":false},"featured_media":11389,"template":"","meta":{"_joinchat":[]},"product_brand":[],"product_cat":[157],"product_tag":[],"class_list":{"0":"post-11130","1":"product","2":"type-product","3":"status-publish","4":"has-post-thumbnail","6":"product_cat-jakarli-kimono","8":"first","9":"instock","10":"sale","11":"purchasable","12":"product-type-simple"},"_links":{"self":[{"href":"https:\/\/www.mebee.com.tr\/de\/wp-json\/wp\/v2\/product\/11130","targetHints":{"allow":["GET"]}}],"collection":[{"href":"https:\/\/www.mebee.com.tr\/de\/wp-json\/wp\/v2\/product"}],"about":[{"href":"https:\/\/www.mebee.com.tr\/de\/wp-json\/wp\/v2\/types\/product"}],"version-history":[{"count":0,"href":"https:\/\/www.mebee.com.tr\/de\/wp-json\/wp\/v2\/product\/11130\/revisions"}],"wp:featuredmedia":[{"embeddable":true,"href":"https:\/\/www.mebee.com.tr\/de\/wp-json\/wp\/v2\/media\/11389"}],"wp:attachment":[{"href":"https:\/\/www.mebee.com.tr\/de\/wp-json\/wp\/v2\/media?parent=11130"}],"wp:term":[{"taxonomy":"product_brand","embeddable":true,"href":"https:\/\/www.mebee.com.tr\/de\/wp-json\/wp\/v2\/product_brand?post=11130"},{"taxonomy":"product_cat","embeddable":true,"href":"https:\/\/www.mebee.com.tr\/de\/wp-json\/wp\/v2\/product_cat?post=11130"},{"taxonomy":"product_tag","embeddable":true,"href":"https:\/\/www.mebee.com.tr\/de\/wp-json\/wp\/v2\/product_tag?post=11130"}],"curies":[{"name":"wp","href":"https:\/\/api.w.org\/{rel}","templated":true}]}}