{"id":11128,"date":"2024-02-11T01:52:59","date_gmt":"2024-02-10T22:52:59","guid":{"rendered":"https:\/\/mebee.com.tr\/urun\/jakarli-fil-chakra-hardal-sarisi-kimono"},"modified":"2025-03-18T22:31:43","modified_gmt":"2025-03-18T19:31:43","slug":"jakarli-fil-chakra-hardal-sarisi-kimono","status":"publish","type":"product","link":"https:\/\/www.mebee.com.tr\/de\/produkt\/jakarli-fil-chakra-hardal-sarisi-kimono","title":{"rendered":"Jacquard Elefant Chakra Senfgelber Kimono"},"content":{"rendered":"<p>Jakarl\u0131 Fil Chakra Hardal Sar\u0131s\u0131 Kimono, s\u0131cak ve enerjik bir tarz sunar. Hardal sar\u0131s\u0131 rengin canl\u0131l\u0131\u011f\u0131 ve s\u0131cak tonu, fil chakra motifi ile birle\u015ferek hem g\u00f6rsel bir \u00e7ekicilik hem de anlaml\u0131 bir dokunu\u015f sa\u011flar. Y\u00fcksek kaliteli jakar kuma\u015ftan \u00fcretilen bu kimono, zengin desenleriyle dikkat \u00e7eker ve rahat kesimi sayesinde g\u00fcn boyu konfor sunar. \u0130ster plajda, ister g\u00fcnl\u00fck kullan\u0131mda ya da \u00f6zel bir ak\u015fam etkinli\u011finde, Jakarl\u0131 Fil Chakra Hardal Sar\u0131s\u0131 Kimono, stilinizi enerjik ve \u00e7arp\u0131c\u0131 bir \u015fekilde tamamlar. Her ortamda pozitif bir aura yans\u0131tan bu kimono, gard\u0131robunuzda \u00f6ne \u00e7\u0131kan par\u00e7alardan biri olacak.<\/p>","protected":false},"excerpt":{"rendered":"<p>Jakarl\u0131 Fil Chakra Hardal Sar\u0131s\u0131 Kimono, s\u0131cak ve enerjik bir tarz sunar. Hardal sar\u0131s\u0131 rengin canl\u0131l\u0131\u011f\u0131 ve s\u0131cak tonu, fil<\/p>","protected":false},"featured_media":11378,"template":"","meta":{"_joinchat":[]},"product_brand":[],"product_cat":[157],"product_tag":[],"class_list":{"0":"post-11128","1":"product","2":"type-product","3":"status-publish","4":"has-post-thumbnail","6":"product_cat-jakarli-kimono","8":"first","9":"instock","10":"sale","11":"purchasable","12":"product-type-simple"},"_links":{"self":[{"href":"https:\/\/www.mebee.com.tr\/de\/wp-json\/wp\/v2\/product\/11128","targetHints":{"allow":["GET"]}}],"collection":[{"href":"https:\/\/www.mebee.com.tr\/de\/wp-json\/wp\/v2\/product"}],"about":[{"href":"https:\/\/www.mebee.com.tr\/de\/wp-json\/wp\/v2\/types\/product"}],"version-history":[{"count":0,"href":"https:\/\/www.mebee.com.tr\/de\/wp-json\/wp\/v2\/product\/11128\/revisions"}],"wp:featuredmedia":[{"embeddable":true,"href":"https:\/\/www.mebee.com.tr\/de\/wp-json\/wp\/v2\/media\/11378"}],"wp:attachment":[{"href":"https:\/\/www.mebee.com.tr\/de\/wp-json\/wp\/v2\/media?parent=11128"}],"wp:term":[{"taxonomy":"product_brand","embeddable":true,"href":"https:\/\/www.mebee.com.tr\/de\/wp-json\/wp\/v2\/product_brand?post=11128"},{"taxonomy":"product_cat","embeddable":true,"href":"https:\/\/www.mebee.com.tr\/de\/wp-json\/wp\/v2\/product_cat?post=11128"},{"taxonomy":"product_tag","embeddable":true,"href":"https:\/\/www.mebee.com.tr\/de\/wp-json\/wp\/v2\/product_tag?post=11128"}],"curies":[{"name":"wp","href":"https:\/\/api.w.org\/{rel}","templated":true}]}}