{"id":11116,"date":"2024-02-11T01:52:31","date_gmt":"2024-02-10T22:52:31","guid":{"rendered":"https:\/\/mebee.com.tr\/urun\/jakarli-eye-su-yesili-kimono"},"modified":"2025-03-18T22:31:42","modified_gmt":"2025-03-18T19:31:42","slug":"jakarli-eye-su-yesili-kimono","status":"publish","type":"product","link":"https:\/\/www.mebee.com.tr\/de\/produkt\/jakarli-eye-su-yesili-kimono","title":{"rendered":"Jacquard Eye Water Gr\u00fcner Kimono"},"content":{"rendered":"<p>Jakarl\u0131 Eye Su Ye\u015fili Kimono, huzur verici ve sofistike bir stil sunar. Su ye\u015fili renginin dingin ve ferahlat\u0131c\u0131 tonu, g\u00f6z motifi ile birle\u015ferek hem g\u00f6rsel bir \u00e7ekicilik hem de mistik bir hava yarat\u0131r. Y\u00fcksek kaliteli jakar kuma\u015ftan \u00fcretilen bu kimono, detayl\u0131 desenleriyle dikkat \u00e7eker ve rahat kesimi sayesinde g\u00fcn boyu konfor sunar. \u0130ster plajda, ister g\u00fcnl\u00fck kullan\u0131mda ya da \u00f6zel bir ak\u015fam etkinli\u011finde, Jakarl\u0131 Eye Su Ye\u015fili Kimono, stilinizi zarif ve dikkat \u00e7ekici bir \u015fekilde tamamlar. Her ortamda sakin bir \u015f\u0131kl\u0131k yans\u0131tan bu kimono, gard\u0131robunuzda \u00f6ne \u00e7\u0131kan par\u00e7alardan biri olacak.<\/p>","protected":false},"excerpt":{"rendered":"<p>Jakarl\u0131 Eye Su Ye\u015fili Kimono, huzur verici ve sofistike bir stil sunar. Su ye\u015fili renginin dingin ve ferahlat\u0131c\u0131 tonu, g\u00f6z<\/p>","protected":false},"featured_media":11305,"template":"","meta":{"_joinchat":[]},"product_brand":[],"product_cat":[157],"product_tag":[],"class_list":{"0":"post-11116","1":"product","2":"type-product","3":"status-publish","4":"has-post-thumbnail","6":"product_cat-jakarli-kimono","8":"first","9":"instock","10":"sale","11":"purchasable","12":"product-type-simple"},"_links":{"self":[{"href":"https:\/\/www.mebee.com.tr\/de\/wp-json\/wp\/v2\/product\/11116","targetHints":{"allow":["GET"]}}],"collection":[{"href":"https:\/\/www.mebee.com.tr\/de\/wp-json\/wp\/v2\/product"}],"about":[{"href":"https:\/\/www.mebee.com.tr\/de\/wp-json\/wp\/v2\/types\/product"}],"version-history":[{"count":0,"href":"https:\/\/www.mebee.com.tr\/de\/wp-json\/wp\/v2\/product\/11116\/revisions"}],"wp:featuredmedia":[{"embeddable":true,"href":"https:\/\/www.mebee.com.tr\/de\/wp-json\/wp\/v2\/media\/11305"}],"wp:attachment":[{"href":"https:\/\/www.mebee.com.tr\/de\/wp-json\/wp\/v2\/media?parent=11116"}],"wp:term":[{"taxonomy":"product_brand","embeddable":true,"href":"https:\/\/www.mebee.com.tr\/de\/wp-json\/wp\/v2\/product_brand?post=11116"},{"taxonomy":"product_cat","embeddable":true,"href":"https:\/\/www.mebee.com.tr\/de\/wp-json\/wp\/v2\/product_cat?post=11116"},{"taxonomy":"product_tag","embeddable":true,"href":"https:\/\/www.mebee.com.tr\/de\/wp-json\/wp\/v2\/product_tag?post=11116"}],"curies":[{"name":"wp","href":"https:\/\/api.w.org\/{rel}","templated":true}]}}