{"id":11106,"date":"2024-02-11T01:52:31","date_gmt":"2024-02-10T22:52:31","guid":{"rendered":"https:\/\/mebee.com.tr\/urun\/jakarli-blue-eye-kimono"},"modified":"2025-03-18T22:31:41","modified_gmt":"2025-03-18T19:31:41","slug":"jakarli-blue-eye-kimono","status":"publish","type":"product","link":"https:\/\/www.mebee.com.tr\/de\/produkt\/jakarli-blue-eye-kimono","title":{"rendered":"Jacquard-Kimono mit blauen Augen"},"content":{"rendered":"<p>Jakarl\u0131 Blue Eye Kimono, canl\u0131 ve \u00e7ekici bir stil sunar. Mavi rengin derin ve g\u00f6z al\u0131c\u0131 tonu, g\u00f6z motifi ile birle\u015ferek hem g\u00f6rsel bir dinamizm hem de dikkat \u00e7ekici bir etki yarat\u0131r. Y\u00fcksek kaliteli jakar kuma\u015ftan \u00fcretilen bu kimono, zengin desenleriyle g\u00f6z kama\u015ft\u0131r\u0131r ve rahat kesimi sayesinde g\u00fcn boyu konfor sunar. \u0130ster plajda, ister g\u00fcnl\u00fck kullan\u0131mda ya da \u00f6zel bir ak\u015fam etkinli\u011finde, Jakarl\u0131 Blue Eye Kimono, stilinizi enerjik ve sofistike bir \u015fekilde tamamlar. Her ortamda canl\u0131 bir \u015f\u0131kl\u0131k yans\u0131tan bu kimono, gard\u0131robunuzda \u00f6ne \u00e7\u0131kan par\u00e7alardan biri olacak.<\/p>","protected":false},"excerpt":{"rendered":"<p>Jakarl\u0131 Blue Eye Kimono, canl\u0131 ve \u00e7ekici bir stil sunar. Mavi rengin derin ve g\u00f6z al\u0131c\u0131 tonu, g\u00f6z motifi ile<\/p>","protected":false},"featured_media":10999,"template":"","meta":{"_joinchat":[]},"product_brand":[],"product_cat":[157],"product_tag":[],"class_list":{"0":"post-11106","1":"product","2":"type-product","3":"status-publish","4":"has-post-thumbnail","6":"product_cat-jakarli-kimono","8":"first","9":"instock","10":"sale","11":"purchasable","12":"product-type-simple"},"_links":{"self":[{"href":"https:\/\/www.mebee.com.tr\/de\/wp-json\/wp\/v2\/product\/11106","targetHints":{"allow":["GET"]}}],"collection":[{"href":"https:\/\/www.mebee.com.tr\/de\/wp-json\/wp\/v2\/product"}],"about":[{"href":"https:\/\/www.mebee.com.tr\/de\/wp-json\/wp\/v2\/types\/product"}],"version-history":[{"count":0,"href":"https:\/\/www.mebee.com.tr\/de\/wp-json\/wp\/v2\/product\/11106\/revisions"}],"wp:featuredmedia":[{"embeddable":true,"href":"https:\/\/www.mebee.com.tr\/de\/wp-json\/wp\/v2\/media\/10999"}],"wp:attachment":[{"href":"https:\/\/www.mebee.com.tr\/de\/wp-json\/wp\/v2\/media?parent=11106"}],"wp:term":[{"taxonomy":"product_brand","embeddable":true,"href":"https:\/\/www.mebee.com.tr\/de\/wp-json\/wp\/v2\/product_brand?post=11106"},{"taxonomy":"product_cat","embeddable":true,"href":"https:\/\/www.mebee.com.tr\/de\/wp-json\/wp\/v2\/product_cat?post=11106"},{"taxonomy":"product_tag","embeddable":true,"href":"https:\/\/www.mebee.com.tr\/de\/wp-json\/wp\/v2\/product_tag?post=11106"}],"curies":[{"name":"wp","href":"https:\/\/api.w.org\/{rel}","templated":true}]}}