{"id":11104,"date":"2024-02-11T01:52:31","date_gmt":"2024-02-10T22:52:31","guid":{"rendered":"https:\/\/mebee.com.tr\/urun\/jakarli-beyaz-eye-baby-blue-kimono"},"modified":"2025-03-18T22:31:41","modified_gmt":"2025-03-18T19:31:41","slug":"jakarli-beyaz-eye-baby-blue-kimono","status":"publish","type":"product","link":"https:\/\/www.mebee.com.tr\/de\/produkt\/jakarli-beyaz-eye-baby-blue-kimono","title":{"rendered":"Jacquard Wei\u00df Auge Baby Blau Kimono"},"content":{"rendered":"<p>Jakarl\u0131 Beyaz Eye Baby Blue Kimono, ferah ve sofistike bir stil sunar. Beyaz rengin safl\u0131\u011f\u0131 ve baby blue detaylarla s\u00fcslenmi\u015f g\u00f6z motifi, hem g\u00f6rsel bir hafiflik hem de zarif bir dokunu\u015f sa\u011flar. Y\u00fcksek kaliteli jakar kuma\u015ftan \u00fcretilen bu kimono, zengin desenleriyle g\u00f6z al\u0131c\u0131 bir g\u00f6r\u00fcn\u00fcm kazand\u0131r\u0131r ve rahat kesimi sayesinde g\u00fcn boyu konfor sunar. \u0130ster plajda, ister g\u00fcnl\u00fck kullan\u0131mda ya da \u00f6zel bir ak\u015fam etkinli\u011finde, Jakarl\u0131 Beyaz Eye Baby Blue Kimono, stilinizi huzurlu ve \u015f\u0131k bir \u015fekilde tamamlar. Her ortamda sakin bir \u015f\u0131kl\u0131k yans\u0131tan bu kimono, gard\u0131robunuzda \u00f6ne \u00e7\u0131kan par\u00e7alardan biri olacak.<\/p>","protected":false},"excerpt":{"rendered":"<p>Jakarl\u0131 Beyaz Eye Baby Blue Kimono, ferah ve sofistike bir stil sunar. Beyaz rengin safl\u0131\u011f\u0131 ve baby blue detaylarla s\u00fcslenmi\u015f<\/p>","protected":false},"featured_media":10989,"template":"","meta":{"_joinchat":[]},"product_brand":[],"product_cat":[157],"product_tag":[],"class_list":{"0":"post-11104","1":"product","2":"type-product","3":"status-publish","4":"has-post-thumbnail","6":"product_cat-jakarli-kimono","8":"first","9":"instock","10":"sale","11":"purchasable","12":"product-type-simple"},"_links":{"self":[{"href":"https:\/\/www.mebee.com.tr\/de\/wp-json\/wp\/v2\/product\/11104","targetHints":{"allow":["GET"]}}],"collection":[{"href":"https:\/\/www.mebee.com.tr\/de\/wp-json\/wp\/v2\/product"}],"about":[{"href":"https:\/\/www.mebee.com.tr\/de\/wp-json\/wp\/v2\/types\/product"}],"version-history":[{"count":0,"href":"https:\/\/www.mebee.com.tr\/de\/wp-json\/wp\/v2\/product\/11104\/revisions"}],"wp:featuredmedia":[{"embeddable":true,"href":"https:\/\/www.mebee.com.tr\/de\/wp-json\/wp\/v2\/media\/10989"}],"wp:attachment":[{"href":"https:\/\/www.mebee.com.tr\/de\/wp-json\/wp\/v2\/media?parent=11104"}],"wp:term":[{"taxonomy":"product_brand","embeddable":true,"href":"https:\/\/www.mebee.com.tr\/de\/wp-json\/wp\/v2\/product_brand?post=11104"},{"taxonomy":"product_cat","embeddable":true,"href":"https:\/\/www.mebee.com.tr\/de\/wp-json\/wp\/v2\/product_cat?post=11104"},{"taxonomy":"product_tag","embeddable":true,"href":"https:\/\/www.mebee.com.tr\/de\/wp-json\/wp\/v2\/product_tag?post=11104"}],"curies":[{"name":"wp","href":"https:\/\/api.w.org\/{rel}","templated":true}]}}