{"id":11100,"date":"2024-02-11T01:52:31","date_gmt":"2024-02-10T22:52:31","guid":{"rendered":"https:\/\/mebee.com.tr\/urun\/hitit-desenli-kimono"},"modified":"2025-03-18T22:31:41","modified_gmt":"2025-03-18T19:31:41","slug":"hitit-desenli-kimono","status":"publish","type":"product","link":"https:\/\/www.mebee.com.tr\/de\/produkt\/hitit-desenli-kimono","title":{"rendered":"Hitit Desenli Kimono"},"content":{"rendered":"<p>Antik Hitit uygarl\u0131\u011f\u0131n\u0131n zarif desenleri ile tasarlanan Hitit Desenli Kimono, stilinize tarihi ve sanatsal bir dokunu\u015f kat\u0131yor. Bu e\u015fsiz kimono, her an\u0131n\u0131za sofistike bir hava ve \u015f\u0131kl\u0131k getirerek gard\u0131robunuzun en g\u00f6z al\u0131c\u0131 par\u00e7alar\u0131ndan biri olacak. Hem g\u00fcnl\u00fck kullan\u0131mda hem de \u00f6zel davetlerde tercih edebilece\u011finiz bu tasar\u0131m, rahatl\u0131\u011f\u0131 ve zarafeti bir arada sunuyor.<\/p>\n<p>Y\u00fcksek kaliteli ve hafif kuma\u015f\u0131, cildinize yumu\u015fak bir dokunu\u015f sa\u011flar ve g\u00fcn boyu konfor sunar. Nefes alabilir yap\u0131s\u0131 sayesinde her mevsimde rahatl\u0131kla giyilebilir. Hitit desenleriyle zenginle\u015ftirilmi\u015f bu kimono, antik motiflerin modern bir yorumunu sunarak benzersiz bir stil yarat\u0131r.<\/p>\n<p>Geni\u015f ve rahat kesimi ile hareket \u00f6zg\u00fcrl\u00fc\u011f\u00fc sunar, bu da onu hem g\u00fcnl\u00fck ya\u015famda hem de \u00f6zel etkinliklerde ideal bir par\u00e7a haline getirir. Plajda bikininizin \u00fczerine zarif bir \u00f6rt\u00fc olarak kullanabilir veya \u015fehirde g\u00fcnl\u00fck k\u0131yafetlerinizin \u00fczerine giyerek stilinizi tamamlayabilirsiniz. Ayr\u0131ca evde rahat bir g\u00fcn ge\u00e7irirken de bu kimononun konforundan faydalanabilirsiniz.<\/p>","protected":false},"excerpt":{"rendered":"<p>Antik Hitit uygarl\u0131\u011f\u0131n\u0131n zarif desenleri ile tasarlanan Hitit Desenli Kimono, stilinize tarihi ve sanatsal bir dokunu\u015f kat\u0131yor. Bu e\u015fsiz kimono,<\/p>","protected":false},"featured_media":10971,"template":"","meta":{"_joinchat":[]},"product_brand":[],"product_cat":[70],"product_tag":[],"class_list":{"0":"post-11100","1":"product","2":"type-product","3":"status-publish","4":"has-post-thumbnail","6":"product_cat-muslin-kimono","8":"first","9":"instock","10":"sale","11":"purchasable","12":"product-type-simple"},"_links":{"self":[{"href":"https:\/\/www.mebee.com.tr\/de\/wp-json\/wp\/v2\/product\/11100","targetHints":{"allow":["GET"]}}],"collection":[{"href":"https:\/\/www.mebee.com.tr\/de\/wp-json\/wp\/v2\/product"}],"about":[{"href":"https:\/\/www.mebee.com.tr\/de\/wp-json\/wp\/v2\/types\/product"}],"version-history":[{"count":0,"href":"https:\/\/www.mebee.com.tr\/de\/wp-json\/wp\/v2\/product\/11100\/revisions"}],"wp:featuredmedia":[{"embeddable":true,"href":"https:\/\/www.mebee.com.tr\/de\/wp-json\/wp\/v2\/media\/10971"}],"wp:attachment":[{"href":"https:\/\/www.mebee.com.tr\/de\/wp-json\/wp\/v2\/media?parent=11100"}],"wp:term":[{"taxonomy":"product_brand","embeddable":true,"href":"https:\/\/www.mebee.com.tr\/de\/wp-json\/wp\/v2\/product_brand?post=11100"},{"taxonomy":"product_cat","embeddable":true,"href":"https:\/\/www.mebee.com.tr\/de\/wp-json\/wp\/v2\/product_cat?post=11100"},{"taxonomy":"product_tag","embeddable":true,"href":"https:\/\/www.mebee.com.tr\/de\/wp-json\/wp\/v2\/product_tag?post=11100"}],"curies":[{"name":"wp","href":"https:\/\/api.w.org\/{rel}","templated":true}]}}