{"id":11084,"date":"2024-02-11T01:51:56","date_gmt":"2024-02-10T22:51:56","guid":{"rendered":"https:\/\/mebee.com.tr\/urun\/crop-sortlu-takim-parlament-mavi"},"modified":"2025-03-18T22:31:39","modified_gmt":"2025-03-18T19:31:39","slug":"crop-sortiert-anzug-parlament-blau-2","status":"publish","type":"product","link":"https:\/\/www.mebee.com.tr\/de\/produkt\/crop-sortiert-anzug-parlament-blau-2","title":{"rendered":"Crop Shorts Anzug Parlament Blau"},"content":{"rendered":"<p>Parlament mavisinin sofistike ve zarif tonlar\u0131 ile tasarlanan Crop \u015eortlu Tak\u0131m, stilinize modern ve \u015f\u0131k bir dokunu\u015f kat\u0131yor. Bu \u00e7arp\u0131c\u0131 tak\u0131m, her an\u0131n\u0131za asalet ve canl\u0131l\u0131k getirerek gard\u0131robunuzun en g\u00f6z al\u0131c\u0131 par\u00e7alar\u0131ndan biri olacak. Hem g\u00fcnl\u00fck kullan\u0131mda hem de \u00f6zel davetlerde tercih edebilece\u011finiz bu tasar\u0131m, rahatl\u0131\u011f\u0131 ve \u015f\u0131kl\u0131\u011f\u0131 bir arada sunuyor.<\/p>\n<p>Y\u00fcksek kaliteli ve hafif kuma\u015f\u0131, cildinize yumu\u015fak bir dokunu\u015f sa\u011flar ve g\u00fcn boyu konfor sunar. Nefes alabilir yap\u0131s\u0131 sayesinde s\u0131cak havalarda serin kalman\u0131za yard\u0131mc\u0131 olurken, crop \u00fcst ve \u015fort kombinasyonu ile modern ve zarif bir g\u00f6r\u00fcn\u00fcm sunar. Parlament mavisinin g\u00fc\u00e7l\u00fc ve derin tonu, her ortamda sofistike ve \u015f\u0131k bir stil yarat\u0131r.<\/p>\n<p>Das Crop-Top bietet Bewegungsfreiheit durch seinen eleganten Schnitt und seine bequeme Struktur. Die Shorts schaffen eine feminine und bequeme Silhouette. Dieser Anzug l\u00e4sst sich leicht f\u00fcr einen Stadtbummel, ein Treffen mit Freunden oder besondere Einladungen vorziehen. Auch am Strand oder im Urlaub k\u00f6nnen Sie damit einen bemerkenswerten Look erzielen.<\/p>","protected":false},"excerpt":{"rendered":"<p>Parlament mavisinin sofistike ve zarif tonlar\u0131 ile tasarlanan Crop \u015eortlu Tak\u0131m, stilinize modern ve \u015f\u0131k bir dokunu\u015f kat\u0131yor. Bu \u00e7arp\u0131c\u0131<\/p>","protected":false},"featured_media":10867,"template":"","meta":{"_joinchat":[]},"product_brand":[],"product_cat":[79],"product_tag":[],"class_list":{"0":"post-11084","1":"product","2":"type-product","3":"status-publish","4":"has-post-thumbnail","6":"product_cat-muslin-crop","8":"first","9":"outofstock","10":"sale","11":"purchasable","12":"product-type-simple"},"_links":{"self":[{"href":"https:\/\/www.mebee.com.tr\/de\/wp-json\/wp\/v2\/product\/11084","targetHints":{"allow":["GET"]}}],"collection":[{"href":"https:\/\/www.mebee.com.tr\/de\/wp-json\/wp\/v2\/product"}],"about":[{"href":"https:\/\/www.mebee.com.tr\/de\/wp-json\/wp\/v2\/types\/product"}],"version-history":[{"count":1,"href":"https:\/\/www.mebee.com.tr\/de\/wp-json\/wp\/v2\/product\/11084\/revisions"}],"predecessor-version":[{"id":12846,"href":"https:\/\/www.mebee.com.tr\/de\/wp-json\/wp\/v2\/product\/11084\/revisions\/12846"}],"wp:featuredmedia":[{"embeddable":true,"href":"https:\/\/www.mebee.com.tr\/de\/wp-json\/wp\/v2\/media\/10867"}],"wp:attachment":[{"href":"https:\/\/www.mebee.com.tr\/de\/wp-json\/wp\/v2\/media?parent=11084"}],"wp:term":[{"taxonomy":"product_brand","embeddable":true,"href":"https:\/\/www.mebee.com.tr\/de\/wp-json\/wp\/v2\/product_brand?post=11084"},{"taxonomy":"product_cat","embeddable":true,"href":"https:\/\/www.mebee.com.tr\/de\/wp-json\/wp\/v2\/product_cat?post=11084"},{"taxonomy":"product_tag","embeddable":true,"href":"https:\/\/www.mebee.com.tr\/de\/wp-json\/wp\/v2\/product_tag?post=11084"}],"curies":[{"name":"wp","href":"https:\/\/api.w.org\/{rel}","templated":true}]}}