{"id":11072,"date":"2024-02-11T01:51:56","date_gmt":"2024-02-10T22:51:56","guid":{"rendered":"https:\/\/mebee.com.tr\/urun\/crop-sortlu-takim-antrasit"},"modified":"2025-03-18T22:31:36","modified_gmt":"2025-03-18T19:31:36","slug":"crop-sortlu-takim-antrasit","status":"publish","type":"product","link":"https:\/\/www.mebee.com.tr\/de\/produkt\/crop-sortlu-takim-antrasit","title":{"rendered":"Crop Shorts Set Anthrazit"},"content":{"rendered":"<p>Crop \u015eortlu Tak\u0131m Antrasit, \u015f\u0131k ve modern bir stil sunar. Antrasit rengin sofistike ve n\u00f6tr tonu, hafif ve rahat kuma\u015f\u0131yla birle\u015ferek hem g\u00f6rsel bir zarafet hem de \u00fcst d\u00fczey bir konfor sunar. Bu iki par\u00e7al\u0131 tak\u0131m, bir crop top ve \u015forttan olu\u015fur, her ikisi de \u00e7a\u011fda\u015f ve \u015fehirli bir siluet sergiler.<\/p>\n<p>Crop top, k\u0131sa ve s\u0131k\u0131 kesimiyle \u00e7a\u011fda\u015f bir g\u00f6r\u00fcn\u00fcm sunarken, \u015fort y\u00fcksek belli ve rahat bir kesimle tamamlan\u0131r. \u0130ster g\u00fcnl\u00fck kullan\u0131mda ister gece \u015fehir hayat\u0131nda, Crop \u015eortlu Tak\u0131m Antrasit, stilinizi zarif ve \u00e7arp\u0131c\u0131 bir \u015fekilde tamamlar. Bu \u015f\u0131k ve rahat tak\u0131m, hem konfor hem de sofistike bir tarz arayanlar i\u00e7in m\u00fckemmel bir se\u00e7imdir. Her durumda \u015f\u0131k bir g\u00f6r\u00fcn\u00fcm sunan bu tak\u0131m, gard\u0131robunuzun en sevilen ve en \u00e7ok kullan\u0131lan par\u00e7alar\u0131ndan biri olacak.<\/p>","protected":false},"excerpt":{"rendered":"<p>Crop \u015eortlu Tak\u0131m Antrasit, \u015f\u0131k ve modern bir stil sunar. Antrasit rengin sofistike ve n\u00f6tr tonu, hafif ve rahat kuma\u015f\u0131yla<\/p>","protected":false},"featured_media":14765,"template":"","meta":{"_joinchat":[]},"product_brand":[],"product_cat":[79],"product_tag":[],"class_list":{"0":"post-11072","1":"product","2":"type-product","3":"status-publish","4":"has-post-thumbnail","6":"product_cat-muslin-crop","8":"first","9":"instock","10":"sale","11":"purchasable","12":"product-type-simple"},"_links":{"self":[{"href":"https:\/\/www.mebee.com.tr\/de\/wp-json\/wp\/v2\/product\/11072","targetHints":{"allow":["GET"]}}],"collection":[{"href":"https:\/\/www.mebee.com.tr\/de\/wp-json\/wp\/v2\/product"}],"about":[{"href":"https:\/\/www.mebee.com.tr\/de\/wp-json\/wp\/v2\/types\/product"}],"version-history":[{"count":1,"href":"https:\/\/www.mebee.com.tr\/de\/wp-json\/wp\/v2\/product\/11072\/revisions"}],"predecessor-version":[{"id":12840,"href":"https:\/\/www.mebee.com.tr\/de\/wp-json\/wp\/v2\/product\/11072\/revisions\/12840"}],"wp:featuredmedia":[{"embeddable":true,"href":"https:\/\/www.mebee.com.tr\/de\/wp-json\/wp\/v2\/media\/14765"}],"wp:attachment":[{"href":"https:\/\/www.mebee.com.tr\/de\/wp-json\/wp\/v2\/media?parent=11072"}],"wp:term":[{"taxonomy":"product_brand","embeddable":true,"href":"https:\/\/www.mebee.com.tr\/de\/wp-json\/wp\/v2\/product_brand?post=11072"},{"taxonomy":"product_cat","embeddable":true,"href":"https:\/\/www.mebee.com.tr\/de\/wp-json\/wp\/v2\/product_cat?post=11072"},{"taxonomy":"product_tag","embeddable":true,"href":"https:\/\/www.mebee.com.tr\/de\/wp-json\/wp\/v2\/product_tag?post=11072"}],"curies":[{"name":"wp","href":"https:\/\/api.w.org\/{rel}","templated":true}]}}