{"id":11064,"date":"2024-02-11T01:51:56","date_gmt":"2024-02-10T22:51:56","guid":{"rendered":"https:\/\/mebee.com.tr\/urun\/crop-pantolonlu-pembe-takim"},"modified":"2025-03-18T22:31:35","modified_gmt":"2025-03-18T19:31:35","slug":"crop-pantolonlu-pembe-takim","status":"publish","type":"product","link":"https:\/\/www.mebee.com.tr\/de\/produkt\/crop-pantolonlu-pembe-takim","title":{"rendered":"Rosa Anzug mit Crop-Hose"},"content":{"rendered":"<p>Crop Pantolonlu Pembe Tak\u0131m, canl\u0131 ve \u015f\u0131k bir stil sunar. Pembe rengin parlak ve ne\u015feli tonu, hafif ve konforlu kuma\u015f\u0131yla birle\u015ferek hem g\u00f6rsel bir \u00e7ekicilik hem de rahat bir kullan\u0131m sunar. Bu iki par\u00e7al\u0131 tak\u0131m, bir crop top ve geni\u015f pa\u00e7al\u0131 pantolondan olu\u015fur, her ikisi de modern bir siluet sergiler.<\/p>\n<p>Crop top, s\u0131k\u0131 ve k\u0131sa kesimiyle \u00e7a\u011fda\u015f bir g\u00f6r\u00fcn\u00fcm sunarken, pantolon y\u00fcksek belli ve bol kesimi ile \u015f\u0131k bir d\u00f6k\u00fcml\u00fc yap\u0131 sunar. \u0130ster g\u00fcnl\u00fck kullan\u0131mda ister \u00f6zel bir gece etkinli\u011finde, Crop Pantolonlu Pembe Tak\u0131m, stilinizi canl\u0131 ve dinamik bir \u015fekilde tamamlar. Bu \u015f\u0131k ve rahat tak\u0131m, hem rahatl\u0131k hem de dikkat \u00e7ekici bir tarz arayanlar i\u00e7in m\u00fckemmel bir se\u00e7enektir. Her ortamda pozitif bir enerji yayan bu tak\u0131m, gard\u0131robunuzun en sevilen par\u00e7alar\u0131ndan biri olacak.<\/p>","protected":false},"excerpt":{"rendered":"<p>Crop Pantolonlu Pembe Tak\u0131m, canl\u0131 ve \u015f\u0131k bir stil sunar. Pembe rengin parlak ve ne\u015feli tonu, hafif ve konforlu kuma\u015f\u0131yla<\/p>","protected":false},"featured_media":10746,"template":"","meta":{"_joinchat":[]},"product_brand":[],"product_cat":[79],"product_tag":[],"class_list":{"0":"post-11064","1":"product","2":"type-product","3":"status-publish","4":"has-post-thumbnail","6":"product_cat-muslin-crop","8":"first","9":"outofstock","10":"sale","11":"purchasable","12":"product-type-simple"},"_links":{"self":[{"href":"https:\/\/www.mebee.com.tr\/de\/wp-json\/wp\/v2\/product\/11064","targetHints":{"allow":["GET"]}}],"collection":[{"href":"https:\/\/www.mebee.com.tr\/de\/wp-json\/wp\/v2\/product"}],"about":[{"href":"https:\/\/www.mebee.com.tr\/de\/wp-json\/wp\/v2\/types\/product"}],"version-history":[{"count":1,"href":"https:\/\/www.mebee.com.tr\/de\/wp-json\/wp\/v2\/product\/11064\/revisions"}],"predecessor-version":[{"id":12836,"href":"https:\/\/www.mebee.com.tr\/de\/wp-json\/wp\/v2\/product\/11064\/revisions\/12836"}],"wp:featuredmedia":[{"embeddable":true,"href":"https:\/\/www.mebee.com.tr\/de\/wp-json\/wp\/v2\/media\/10746"}],"wp:attachment":[{"href":"https:\/\/www.mebee.com.tr\/de\/wp-json\/wp\/v2\/media?parent=11064"}],"wp:term":[{"taxonomy":"product_brand","embeddable":true,"href":"https:\/\/www.mebee.com.tr\/de\/wp-json\/wp\/v2\/product_brand?post=11064"},{"taxonomy":"product_cat","embeddable":true,"href":"https:\/\/www.mebee.com.tr\/de\/wp-json\/wp\/v2\/product_cat?post=11064"},{"taxonomy":"product_tag","embeddable":true,"href":"https:\/\/www.mebee.com.tr\/de\/wp-json\/wp\/v2\/product_tag?post=11064"}],"curies":[{"name":"wp","href":"https:\/\/api.w.org\/{rel}","templated":true}]}}