{"id":11044,"date":"2024-02-11T01:51:22","date_gmt":"2024-02-10T22:51:22","guid":{"rendered":"https:\/\/mebee.com.tr\/urun\/crop-etekli-takim-haki"},"modified":"2025-03-18T22:31:33","modified_gmt":"2025-03-18T19:31:33","slug":"crop-etekli-takim-haki","status":"publish","type":"product","link":"https:\/\/www.mebee.com.tr\/de\/produkt\/crop-etekli-takim-haki","title":{"rendered":"Crop-Rock-Anzug Khaki"},"content":{"rendered":"<p>Crop Etekli Tak\u0131m Haki, do\u011fal ve sofistike bir stil sunar. Haki rengin s\u0131cak ve zarif tonu, hafif ve rahat kuma\u015f\u0131yla birle\u015ferek hem g\u00f6rsel bir \u00e7ekicilik hem de konforlu bir kullan\u0131m sa\u011flar. Bu iki par\u00e7al\u0131 tak\u0131m, bir crop top ve midi boy etekten olu\u015fur, her ikisi de modern ve \u015f\u0131k bir siluet sergiler.<\/p>\n<p>Crop top, k\u0131sa ve dar kesimiyle \u00e7a\u011fda\u015f bir g\u00f6r\u00fcn\u00fcm sunarken, etek y\u00fcksek belli ve hafif d\u00f6k\u00fcml\u00fc yap\u0131s\u0131yla rahat bir fit sa\u011flar. \u0130ster g\u00fcnl\u00fck kullan\u0131mda ister \u00f6zel bir etkinlikte, Crop Etekli Tak\u0131m Haki, stilinizi do\u011fal ve zarif bir \u015fekilde tamamlar. Bu \u015f\u0131k tak\u0131m, hem konfor hem de sofistike bir tarz arayanlar i\u00e7in m\u00fckemmel bir se\u00e7imdir. Her ortamda do\u011fal bir \u015f\u0131kl\u0131k sunan bu tak\u0131m, gard\u0131robunuzun en sevilen par\u00e7alar\u0131ndan biri olacak.<\/p>","protected":false},"excerpt":{"rendered":"<p>Crop Etekli Tak\u0131m Haki, do\u011fal ve sofistike bir stil sunar. Haki rengin s\u0131cak ve zarif tonu, hafif ve rahat kuma\u015f\u0131yla<\/p>","protected":false},"featured_media":10626,"template":"","meta":{"_joinchat":[]},"product_brand":[],"product_cat":[79],"product_tag":[],"class_list":{"0":"post-11044","1":"product","2":"type-product","3":"status-publish","4":"has-post-thumbnail","6":"product_cat-muslin-crop","8":"first","9":"outofstock","10":"sale","11":"purchasable","12":"product-type-simple"},"_links":{"self":[{"href":"https:\/\/www.mebee.com.tr\/de\/wp-json\/wp\/v2\/product\/11044","targetHints":{"allow":["GET"]}}],"collection":[{"href":"https:\/\/www.mebee.com.tr\/de\/wp-json\/wp\/v2\/product"}],"about":[{"href":"https:\/\/www.mebee.com.tr\/de\/wp-json\/wp\/v2\/types\/product"}],"version-history":[{"count":1,"href":"https:\/\/www.mebee.com.tr\/de\/wp-json\/wp\/v2\/product\/11044\/revisions"}],"predecessor-version":[{"id":12857,"href":"https:\/\/www.mebee.com.tr\/de\/wp-json\/wp\/v2\/product\/11044\/revisions\/12857"}],"wp:featuredmedia":[{"embeddable":true,"href":"https:\/\/www.mebee.com.tr\/de\/wp-json\/wp\/v2\/media\/10626"}],"wp:attachment":[{"href":"https:\/\/www.mebee.com.tr\/de\/wp-json\/wp\/v2\/media?parent=11044"}],"wp:term":[{"taxonomy":"product_brand","embeddable":true,"href":"https:\/\/www.mebee.com.tr\/de\/wp-json\/wp\/v2\/product_brand?post=11044"},{"taxonomy":"product_cat","embeddable":true,"href":"https:\/\/www.mebee.com.tr\/de\/wp-json\/wp\/v2\/product_cat?post=11044"},{"taxonomy":"product_tag","embeddable":true,"href":"https:\/\/www.mebee.com.tr\/de\/wp-json\/wp\/v2\/product_tag?post=11044"}],"curies":[{"name":"wp","href":"https:\/\/api.w.org\/{rel}","templated":true}]}}