{"id":11042,"date":"2024-02-11T01:51:22","date_gmt":"2024-02-10T22:51:22","guid":{"rendered":"https:\/\/mebee.com.tr\/urun\/crop-etekli-takim-fildisi"},"modified":"2025-03-18T22:31:33","modified_gmt":"2025-03-18T19:31:33","slug":"crop-etekli-takim-fildisi","status":"publish","type":"product","link":"https:\/\/www.mebee.com.tr\/de\/produkt\/crop-etekli-takim-fildisi","title":{"rendered":"Crop-Rock-Anzug Elfenbein"},"content":{"rendered":"<p>Safl\u0131\u011f\u0131n ve zarafetin temsilcisi olan fildi\u015fi rengi ile tasarlanan Crop Etekli Tak\u0131m, stilinize modern ve sofistike bir dokunu\u015f kat\u0131yor. Bu zarif tak\u0131m, her an\u0131n\u0131za \u015f\u0131kl\u0131k ve elegan bir hava getirerek gard\u0131robunuzun en g\u00f6z al\u0131c\u0131 par\u00e7alar\u0131ndan biri olacak. Hem g\u00fcnl\u00fck kullan\u0131mda hem de \u00f6zel davetlerde tercih edebilece\u011finiz bu tasar\u0131m, rahatl\u0131\u011f\u0131 ve zarafeti bir arada sunuyor.<\/p>\n<p>Y\u00fcksek kaliteli ve hafif kuma\u015f\u0131, cildinize yumu\u015fak bir dokunu\u015f sa\u011flar ve g\u00fcn boyu konfor sunar. Nefes alabilir yap\u0131s\u0131 sayesinde her mevsimde rahatl\u0131kla giyilebilir. Crop \u00fcst ve etek kombinasyonu, modern ve \u015f\u0131k bir siluet olu\u015ftururken, fildi\u015fi renginin zarafeti her ortamda dikkat \u00e7ekici bir stil yarat\u0131r.<\/p>\n<p>Crop \u00fcst\u00fc, zarif ve rahat kesimi ile hareket \u00f6zg\u00fcrl\u00fc\u011f\u00fc sunar. Etek ise feminen ve \u015f\u0131k bir duru\u015f sergiler. Bu tak\u0131m, \u015fehirde gezintiye \u00e7\u0131karken, arkada\u015f bulu\u015fmalar\u0131nda veya \u00f6zel davetlerde rahatl\u0131kla tercih edilebilir. Ayr\u0131ca, plajda veya tatilde de zarif bir g\u00f6r\u00fcn\u00fcm elde etmenizi sa\u011flar.<\/p>","protected":false},"excerpt":{"rendered":"<p>Safl\u0131\u011f\u0131n ve zarafetin temsilcisi olan fildi\u015fi rengi ile tasarlanan Crop Etekli Tak\u0131m, stilinize modern ve sofistike bir dokunu\u015f kat\u0131yor. Bu<\/p>","protected":false},"featured_media":14767,"template":"","meta":{"_joinchat":[]},"product_brand":[],"product_cat":[79],"product_tag":[],"class_list":{"0":"post-11042","1":"product","2":"type-product","3":"status-publish","4":"has-post-thumbnail","6":"product_cat-muslin-crop","8":"first","9":"instock","10":"sale","11":"purchasable","12":"product-type-simple"},"_links":{"self":[{"href":"https:\/\/www.mebee.com.tr\/de\/wp-json\/wp\/v2\/product\/11042","targetHints":{"allow":["GET"]}}],"collection":[{"href":"https:\/\/www.mebee.com.tr\/de\/wp-json\/wp\/v2\/product"}],"about":[{"href":"https:\/\/www.mebee.com.tr\/de\/wp-json\/wp\/v2\/types\/product"}],"version-history":[{"count":1,"href":"https:\/\/www.mebee.com.tr\/de\/wp-json\/wp\/v2\/product\/11042\/revisions"}],"predecessor-version":[{"id":12853,"href":"https:\/\/www.mebee.com.tr\/de\/wp-json\/wp\/v2\/product\/11042\/revisions\/12853"}],"wp:featuredmedia":[{"embeddable":true,"href":"https:\/\/www.mebee.com.tr\/de\/wp-json\/wp\/v2\/media\/14767"}],"wp:attachment":[{"href":"https:\/\/www.mebee.com.tr\/de\/wp-json\/wp\/v2\/media?parent=11042"}],"wp:term":[{"taxonomy":"product_brand","embeddable":true,"href":"https:\/\/www.mebee.com.tr\/de\/wp-json\/wp\/v2\/product_brand?post=11042"},{"taxonomy":"product_cat","embeddable":true,"href":"https:\/\/www.mebee.com.tr\/de\/wp-json\/wp\/v2\/product_cat?post=11042"},{"taxonomy":"product_tag","embeddable":true,"href":"https:\/\/www.mebee.com.tr\/de\/wp-json\/wp\/v2\/product_tag?post=11042"}],"curies":[{"name":"wp","href":"https:\/\/api.w.org\/{rel}","templated":true}]}}