{"id":11028,"date":"2024-02-11T01:51:22","date_gmt":"2024-02-10T22:51:22","guid":{"rendered":"https:\/\/mebee.com.tr\/urun\/colorful-little-eyes-kimono"},"modified":"2025-03-18T22:31:31","modified_gmt":"2025-03-18T19:31:31","slug":"bunte-kleine-augen-kimono-2","status":"publish","type":"product","link":"https:\/\/www.mebee.com.tr\/de\/produkt\/bunte-kleine-augen-kimono-2","title":{"rendered":"Bunter Kimono mit kleinen Augen"},"content":{"rendered":"<p>Der Colourful Little Eyes Kimono verleiht Ihrem Stil einen lebendigen und energiegeladenen Touch. Dieser elegante Kimono ist mit niedlichen kleinen Augenmotiven verziert und bringt mit seinem farbenfrohen Design Freude in jeden Moment. Mit seiner Kombination aus Komfort und Eleganz wird dieses besondere St\u00fcck zu einem der bemerkenswertesten Teile Ihrer Garderobe.<\/p>\n<p>Sein hochwertiges und leichtes Material bietet ganzt\u00e4gigen Komfort und f\u00fchlt sich weich auf der Haut an. Dank seiner atmungsaktiven Struktur hilft er Ihnen, bei hei\u00dfem Wetter k\u00fchl zu bleiben und bietet mit seinem weiten Schnitt viel Bewegungsfreiheit. Der farbenfrohe Little Eyes Kimono unterstreicht Ihren Stil im Alltag und in besonderen Momenten.<\/p>\n<p>Seine farbenfrohen Augenmotive und das lebendige Design passen zu jedem Outfit und verleihen Ihrem Stil eine einzigartige Note. Sie k\u00f6nnen ihn als stilvollen \u00dcberwurf verwenden, indem Sie ihn am Strand \u00fcber Ihrem Bikini tragen, oder Sie k\u00f6nnen einen energiegeladenen Stil \u00fcber Ihren t\u00e4glichen Outfits in der Stadt kreieren. Sie k\u00f6nnen auch von dem Komfort dieses Kimonos profitieren, wenn Sie einen entspannten Tag zu Hause verbringen.<\/p>","protected":false},"excerpt":{"rendered":"<p>Colorful Little Eyes Kimono, stilinize canl\u0131l\u0131k ve enerjik bir dokunu\u015f katmak i\u00e7in tasarland\u0131. K\u00fc\u00e7\u00fck ve sevimli g\u00f6z motifleri ile s\u00fcslenmi\u015f<\/p>","protected":false},"featured_media":10524,"template":"","meta":{"_joinchat":[]},"product_brand":[],"product_cat":[70],"product_tag":[],"class_list":{"0":"post-11028","1":"product","2":"type-product","3":"status-publish","4":"has-post-thumbnail","6":"product_cat-muslin-kimono","8":"first","9":"instock","10":"sale","11":"purchasable","12":"product-type-simple"},"_links":{"self":[{"href":"https:\/\/www.mebee.com.tr\/de\/wp-json\/wp\/v2\/product\/11028","targetHints":{"allow":["GET"]}}],"collection":[{"href":"https:\/\/www.mebee.com.tr\/de\/wp-json\/wp\/v2\/product"}],"about":[{"href":"https:\/\/www.mebee.com.tr\/de\/wp-json\/wp\/v2\/types\/product"}],"version-history":[{"count":0,"href":"https:\/\/www.mebee.com.tr\/de\/wp-json\/wp\/v2\/product\/11028\/revisions"}],"wp:featuredmedia":[{"embeddable":true,"href":"https:\/\/www.mebee.com.tr\/de\/wp-json\/wp\/v2\/media\/10524"}],"wp:attachment":[{"href":"https:\/\/www.mebee.com.tr\/de\/wp-json\/wp\/v2\/media?parent=11028"}],"wp:term":[{"taxonomy":"product_brand","embeddable":true,"href":"https:\/\/www.mebee.com.tr\/de\/wp-json\/wp\/v2\/product_brand?post=11028"},{"taxonomy":"product_cat","embeddable":true,"href":"https:\/\/www.mebee.com.tr\/de\/wp-json\/wp\/v2\/product_cat?post=11028"},{"taxonomy":"product_tag","embeddable":true,"href":"https:\/\/www.mebee.com.tr\/de\/wp-json\/wp\/v2\/product_tag?post=11028"}],"curies":[{"name":"wp","href":"https:\/\/api.w.org\/{rel}","templated":true}]}}