{"id":11024,"date":"2024-02-11T01:51:22","date_gmt":"2024-02-10T22:51:22","guid":{"rendered":"https:\/\/mebee.com.tr\/urun\/bonita-tall-kimono"},"modified":"2025-03-18T22:31:31","modified_gmt":"2025-03-18T19:31:31","slug":"bonita-tall-kimono","status":"publish","type":"product","link":"https:\/\/www.mebee.com.tr\/de\/produkt\/bonita-tall-kimono","title":{"rendered":"Bonita Tall Kimono"},"content":{"rendered":"<p>Bonita Tall Kimono, zarafeti ve rahatl\u0131\u011f\u0131 uzun ve \u015f\u0131k bir tasar\u0131mda bulu\u015fturan \u00f6zel bir par\u00e7ad\u0131r. Canl\u0131 renkleri ve ince detaylar\u0131 ile g\u00f6z kama\u015ft\u0131ran bu kimono, her an\u0131n\u0131za sofistike bir dokunu\u015f kat\u0131yor. Hem g\u00fcnl\u00fck kullan\u0131mda hem de \u00f6zel davetlerde stilinizi tamamlamak i\u00e7in m\u00fckemmel bir se\u00e7imdir.<\/p>\n<p>Y\u00fcksek kaliteli ve hafif kuma\u015f\u0131, cildinize nazik\u00e7e dokunarak g\u00fcn boyu konfor sa\u011flar. Nefes alabilir yap\u0131s\u0131 sayesinde s\u0131cak havalarda serin kalman\u0131za yard\u0131mc\u0131 olurken, uzun kesimi ile hem \u015f\u0131kl\u0131k hem de rahatl\u0131k sunar. Bonita Tall Kimono, geni\u015f ve rahat kesimi sayesinde hareket \u00f6zg\u00fcrl\u00fc\u011f\u00fc sa\u011flayarak, her durumda rahat\u00e7a kullan\u0131labilir.<\/p>\n<p>Bu uzun kimono, \u00e7ok y\u00f6nl\u00fc tasar\u0131m\u0131 ile dikkat \u00e7eker. Plajda bikininizin \u00fczerine zarif bir \u00f6rt\u00fc olarak kullanabilir, \u015fehirde g\u00fcnl\u00fck k\u0131yafetlerinizin \u00fczerine giyerek stilinizi tamamlayabilirsiniz. Ayr\u0131ca evde rahat bir g\u00fcn ge\u00e7irirken de bu kimononun konforundan faydalanabilirsiniz. Bonita Tall Kimono, her ortamda sofistike bir g\u00f6r\u00fcn\u00fcm sunarak stilinizi \u00f6n plana \u00e7\u0131kar\u0131r.<\/p>","protected":false},"excerpt":{"rendered":"<p>Bonita Tall Kimono, zarafeti ve rahatl\u0131\u011f\u0131 uzun ve \u015f\u0131k bir tasar\u0131mda bulu\u015fturan \u00f6zel bir par\u00e7ad\u0131r. Canl\u0131 renkleri ve ince detaylar\u0131<\/p>","protected":false},"featured_media":10510,"template":"","meta":{"_joinchat":[]},"product_brand":[],"product_cat":[70],"product_tag":[],"class_list":{"0":"post-11024","1":"product","2":"type-product","3":"status-publish","4":"has-post-thumbnail","6":"product_cat-muslin-kimono","8":"first","9":"instock","10":"sale","11":"purchasable","12":"product-type-simple"},"_links":{"self":[{"href":"https:\/\/www.mebee.com.tr\/de\/wp-json\/wp\/v2\/product\/11024","targetHints":{"allow":["GET"]}}],"collection":[{"href":"https:\/\/www.mebee.com.tr\/de\/wp-json\/wp\/v2\/product"}],"about":[{"href":"https:\/\/www.mebee.com.tr\/de\/wp-json\/wp\/v2\/types\/product"}],"version-history":[{"count":0,"href":"https:\/\/www.mebee.com.tr\/de\/wp-json\/wp\/v2\/product\/11024\/revisions"}],"wp:featuredmedia":[{"embeddable":true,"href":"https:\/\/www.mebee.com.tr\/de\/wp-json\/wp\/v2\/media\/10510"}],"wp:attachment":[{"href":"https:\/\/www.mebee.com.tr\/de\/wp-json\/wp\/v2\/media?parent=11024"}],"wp:term":[{"taxonomy":"product_brand","embeddable":true,"href":"https:\/\/www.mebee.com.tr\/de\/wp-json\/wp\/v2\/product_brand?post=11024"},{"taxonomy":"product_cat","embeddable":true,"href":"https:\/\/www.mebee.com.tr\/de\/wp-json\/wp\/v2\/product_cat?post=11024"},{"taxonomy":"product_tag","embeddable":true,"href":"https:\/\/www.mebee.com.tr\/de\/wp-json\/wp\/v2\/product_tag?post=11024"}],"curies":[{"name":"wp","href":"https:\/\/api.w.org\/{rel}","templated":true}]}}