{"id":11022,"date":"2024-02-11T01:51:22","date_gmt":"2024-02-10T22:51:22","guid":{"rendered":"https:\/\/mebee.com.tr\/urun\/bonita-mini-kimono"},"modified":"2025-03-18T22:31:31","modified_gmt":"2025-03-18T19:31:31","slug":"bonita-mini-kimono","status":"publish","type":"product","link":"https:\/\/www.mebee.com.tr\/de\/produkt\/bonita-mini-kimono","title":{"rendered":"Bonita Mini Kimono"},"content":{"rendered":"<p>Bonita Mini Kimono, \u015f\u0131kl\u0131\u011f\u0131 ve rahatl\u0131\u011f\u0131 kompakt bir tasar\u0131mda birle\u015ftiriyor. Bu zarif par\u00e7a, canl\u0131 renkleri ve zarif detaylar\u0131 ile dikkat \u00e7ekiyor. Her mevsimde ve her durumda rahatl\u0131kla kullanabilece\u011finiz bu mini kimono, stilinizi tamamlamak i\u00e7in m\u00fckemmel bir se\u00e7im.<\/p>\n<p>Yumu\u015fak ve hafif kuma\u015f\u0131, g\u00fcn boyu konfor sunarak cildinize nazik\u00e7e dokunur. Nefes alabilir yap\u0131s\u0131 sayesinde \u00f6zellikle s\u0131cak havalarda serin kalman\u0131z\u0131 sa\u011flar. Mini kesimi, hareket \u00f6zg\u00fcrl\u00fc\u011f\u00fc sunarken modern ve \u00e7ekici bir g\u00f6r\u00fcn\u00fcm kazand\u0131r\u0131r. Bonita Mini Kimono, gard\u0131robunuzun vazge\u00e7ilmez par\u00e7alar\u0131ndan biri olacak.<\/p>\n<p>Bu kimononun \u00e7ok y\u00f6nl\u00fc tasar\u0131m\u0131, onu bir\u00e7ok farkl\u0131 durumda ideal k\u0131lar. Plajda bikininizin \u00fczerine zarif bir \u00f6rt\u00fc olarak kullanabilir, \u015fehirde g\u00fcnl\u00fck k\u0131yafetlerinizin \u00fczerine giyerek stilinizi tamamlayabilirsiniz. Ayn\u0131 zamanda evde rahat bir g\u00fcn ge\u00e7irirken de \u015f\u0131kl\u0131\u011f\u0131n\u0131zdan \u00f6d\u00fcn vermeden rahat\u00e7a giyebilirsiniz.<\/p>","protected":false},"excerpt":{"rendered":"<p>Bonita Mini Kimono, \u015f\u0131kl\u0131\u011f\u0131 ve rahatl\u0131\u011f\u0131 kompakt bir tasar\u0131mda birle\u015ftiriyor. Bu zarif par\u00e7a, canl\u0131 renkleri ve zarif detaylar\u0131 ile dikkat<\/p>","protected":false},"featured_media":10505,"template":"","meta":{"_joinchat":[]},"product_brand":[],"product_cat":[70],"product_tag":[],"class_list":{"0":"post-11022","1":"product","2":"type-product","3":"status-publish","4":"has-post-thumbnail","6":"product_cat-muslin-kimono","8":"first","9":"instock","10":"sale","11":"purchasable","12":"product-type-simple"},"_links":{"self":[{"href":"https:\/\/www.mebee.com.tr\/de\/wp-json\/wp\/v2\/product\/11022","targetHints":{"allow":["GET"]}}],"collection":[{"href":"https:\/\/www.mebee.com.tr\/de\/wp-json\/wp\/v2\/product"}],"about":[{"href":"https:\/\/www.mebee.com.tr\/de\/wp-json\/wp\/v2\/types\/product"}],"version-history":[{"count":0,"href":"https:\/\/www.mebee.com.tr\/de\/wp-json\/wp\/v2\/product\/11022\/revisions"}],"wp:featuredmedia":[{"embeddable":true,"href":"https:\/\/www.mebee.com.tr\/de\/wp-json\/wp\/v2\/media\/10505"}],"wp:attachment":[{"href":"https:\/\/www.mebee.com.tr\/de\/wp-json\/wp\/v2\/media?parent=11022"}],"wp:term":[{"taxonomy":"product_brand","embeddable":true,"href":"https:\/\/www.mebee.com.tr\/de\/wp-json\/wp\/v2\/product_brand?post=11022"},{"taxonomy":"product_cat","embeddable":true,"href":"https:\/\/www.mebee.com.tr\/de\/wp-json\/wp\/v2\/product_cat?post=11022"},{"taxonomy":"product_tag","embeddable":true,"href":"https:\/\/www.mebee.com.tr\/de\/wp-json\/wp\/v2\/product_tag?post=11022"}],"curies":[{"name":"wp","href":"https:\/\/api.w.org\/{rel}","templated":true}]}}