{"id":10198,"date":"2023-10-19T17:14:35","date_gmt":"2023-10-19T14:14:35","guid":{"rendered":"https:\/\/mebee.com.tr\/?post_type=product&#038;p=10198"},"modified":"2025-03-18T22:31:26","modified_gmt":"2025-03-18T19:31:26","slug":"dogal-cicek-tutsusu","status":"publish","type":"product","link":"https:\/\/www.mebee.com.tr\/de\/produkt\/dogal-cicek-tutsusu","title":{"rendered":"Do\u011fal \u00c7i\u00e7ek T\u00fcts\u00fcs\u00fc"},"content":{"rendered":"<div data-elementor-type=\"product-post\" data-elementor-id=\"10198\" class=\"elementor elementor-10198\" data-elementor-post-type=\"product\">\n\t\t\t\t\t\t<section class=\"wd-negative-gap elementor-section elementor-top-section elementor-element elementor-element-0dfd1fc elementor-section-boxed elementor-section-height-default elementor-section-height-default\" data-id=\"0dfd1fc\" data-element_type=\"section\" data-e-type=\"section\">\n\t\t\t\t\t\t<div class=\"elementor-container elementor-column-gap-default\">\n\t\t\t\t\t<div class=\"elementor-column elementor-col-100 elementor-top-column elementor-element elementor-element-c1af377\" data-id=\"c1af377\" data-element_type=\"column\" data-e-type=\"column\">\n\t\t\t<div class=\"elementor-widget-wrap elementor-element-populated\">\n\t\t\t\t\t\t<div class=\"elementor-element elementor-element-7627cf0 wd-width-100 elementor-widget elementor-widget-wd_title\" data-id=\"7627cf0\" data-element_type=\"widget\" data-e-type=\"widget\" data-widget_type=\"wd_title.default\">\n\t\t\t\t<div class=\"elementor-widget-container\">\n\t\t\t\t\t\t\t<div class=\"title-wrapper wd-set-mb reset-last-child wd-title-color-default wd-title-style-default wd-title-size-default text-center\">\n\n\t\t\t\t\t\t\t\t\t\t\t<div class=\"title-subtitle subtitle-color-default subtitle-style-default wd-fontsize-xs\">\n\t\t\t\t\tDo\u011fal \u00c7i\u00e7ek T\u00fcts\u00fcn\u00fcn\t\t\t\t<\/div>\n\t\t\t\n\t\t\t<div class=\"liner-continer\">\n\t\t\t\t<h4 class=\"woodmart-title-container title wd-fontsize-l\">\u0130\u00e7indeki Bitkilerin<\/h4> \n\t\t\t\t\t\t\t<\/div>\n\n\t\t\t\t\t\t\t<div class=\"title-after_title reset-last-child wd-fontsize-xs\">\n\t\t\t\t\t<p>faydalar\u0131<\/p>\t\t\t\t<\/div>\n\t\t\t\t\t<\/div>\n\t\t\t\t\t\t<\/div>\n\t\t\t\t<\/div>\n\t\t\t\t<section class=\"wd-negative-gap elementor-section elementor-inner-section elementor-element elementor-element-2039c75 elementor-section-boxed elementor-section-height-default elementor-section-height-default\" data-id=\"2039c75\" data-element_type=\"section\" data-e-type=\"section\">\n\t\t\t\t\t\t<div class=\"elementor-container elementor-column-gap-wide\">\n\t\t\t\t\t<div class=\"elementor-column elementor-col-50 elementor-inner-column elementor-element elementor-element-867cf15\" data-id=\"867cf15\" data-element_type=\"column\" data-e-type=\"column\">\n\t\t\t<div class=\"elementor-widget-wrap elementor-element-populated\">\n\t\t\t\t\t\t<div class=\"elementor-element elementor-element-f5c3b74 elementor-widget elementor-widget-heading\" data-id=\"f5c3b74\" data-element_type=\"widget\" data-e-type=\"widget\" data-widget_type=\"heading.default\">\n\t\t\t\t<div class=\"elementor-widget-container\">\n\t\t\t\t\t<h2 class=\"elementor-heading-title elementor-size-default\">Lavanta<\/h2>\t\t\t\t<\/div>\n\t\t\t\t<\/div>\n\t\t\t\t<div class=\"elementor-element elementor-element-1e2da0b text-center color-scheme-inherit elementor-widget elementor-widget-text-editor\" data-id=\"1e2da0b\" data-element_type=\"widget\" data-e-type=\"widget\" data-widget_type=\"text-editor.default\">\n\t\t\t\t<div class=\"elementor-widget-container\">\n\t\t\t\t\t\t\t\t\t<p>Lavanta t\u00fcts\u00fc, kendine has muhte\u015fem kokusuyla t\u00fcts\u00fcledi\u011fi ortamda sakinlik ve ferahl\u0131k hissi uyand\u0131r\u0131r. \u015eifada, uyku problemi, stres, migren ve depresyon tedavilerinde kullan\u0131l\u0131r. T\u00fcts\u00fcler, meditasyon, ferahlama, k\u00f6t\u00fc kokular\u0131 bast\u0131rma, bio enerji, \u00e7akra a\u00e7ma vb. nedenlerle binlerce y\u0131ld\u0131r kullan\u0131lmaktad\u0131r.<\/p>\t\t\t\t\t\t\t\t<\/div>\n\t\t\t\t<\/div>\n\t\t\t\t\t<\/div>\n\t\t<\/div>\n\t\t\t\t<div class=\"elementor-column elementor-col-50 elementor-inner-column elementor-element elementor-element-e118ecf\" data-id=\"e118ecf\" data-element_type=\"column\" data-e-type=\"column\">\n\t\t\t<div class=\"elementor-widget-wrap elementor-element-populated\">\n\t\t\t\t\t\t<div class=\"elementor-element elementor-element-692608d elementor-widget elementor-widget-heading\" data-id=\"692608d\" data-element_type=\"widget\" data-e-type=\"widget\" data-widget_type=\"heading.default\">\n\t\t\t\t<div class=\"elementor-widget-container\">\n\t\t\t\t\t<h2 class=\"elementor-heading-title elementor-size-default\">Biberiye<\/h2>\t\t\t\t<\/div>\n\t\t\t\t<\/div>\n\t\t\t\t<div class=\"elementor-element elementor-element-0128072 text-center color-scheme-inherit elementor-widget elementor-widget-text-editor\" data-id=\"0128072\" data-element_type=\"widget\" data-e-type=\"widget\" data-widget_type=\"text-editor.default\">\n\t\t\t\t<div class=\"elementor-widget-container\">\n\t\t\t\t\t\t\t\t\t<p>\u0130ltihab\u0131 da\u011f\u0131t\u0131r, v\u00fccut sa\u011fl\u0131\u011f\u0131n\u0131 yeniden kazand\u0131r\u0131r. Ki\u015fiye enerji verir, cans\u0131zl\u0131\u011f\u0131 ve isteksizli\u011fi ortadan kald\u0131r\u0131r. Ortamda kalan k\u00f6t\u00fc enerjilerin uzakla\u015fmas\u0131n\u0131 sa\u011flar. Meditasyon ve rit\u00fcellerde odaklanmaya yard\u0131m eder.<\/p>\t\t\t\t\t\t\t\t<\/div>\n\t\t\t\t<\/div>\n\t\t\t\t\t<\/div>\n\t\t<\/div>\n\t\t\t\t\t<\/div>\n\t\t<\/section>\n\t\t\t\t<section class=\"wd-negative-gap elementor-section elementor-inner-section elementor-element elementor-element-5badbc1 elementor-section-boxed elementor-section-height-default elementor-section-height-default\" data-id=\"5badbc1\" data-element_type=\"section\" data-e-type=\"section\">\n\t\t\t\t\t\t<div class=\"elementor-container elementor-column-gap-wide\">\n\t\t\t\t\t<div class=\"elementor-column elementor-col-50 elementor-inner-column elementor-element elementor-element-4f3a55c\" data-id=\"4f3a55c\" data-element_type=\"column\" data-e-type=\"column\">\n\t\t\t<div class=\"elementor-widget-wrap elementor-element-populated\">\n\t\t\t\t\t\t<div class=\"elementor-element elementor-element-4942287 elementor-widget elementor-widget-heading\" data-id=\"4942287\" data-element_type=\"widget\" data-e-type=\"widget\" data-widget_type=\"heading.default\">\n\t\t\t\t<div class=\"elementor-widget-container\">\n\t\t\t\t\t<h2 class=\"elementor-heading-title elementor-size-default\">Melisa<\/h2>\t\t\t\t<\/div>\n\t\t\t\t<\/div>\n\t\t\t\t<div class=\"elementor-element elementor-element-1a9e7f4 text-center color-scheme-inherit elementor-widget elementor-widget-text-editor\" data-id=\"1a9e7f4\" data-element_type=\"widget\" data-e-type=\"widget\" data-widget_type=\"text-editor.default\">\n\t\t\t\t<div class=\"elementor-widget-container\">\n\t\t\t\t\t\t\t\t\t<p>T\u00fcts\u00fcn\u00fcn limonsu kokusunun insan\u0131 k\u00f6t\u00fcl\u00fcklerden, kem g\u00f6zlerden uzak tuttu\u011funa inanm\u0131\u015flard\u0131r. \u015eifal\u0131 olmas\u0131yla da bilinen melisan\u0131n faydalar\u0131n\u0131 \u015f\u00f6yle s\u0131ralayabiliriz; Stresi ve kayg\u0131y\u0131 azalt\u0131r. Uyku d\u00fczenine yard\u0131mc\u0131 olur.<\/p>\t\t\t\t\t\t\t\t<\/div>\n\t\t\t\t<\/div>\n\t\t\t\t\t<\/div>\n\t\t<\/div>\n\t\t\t\t<div class=\"elementor-column elementor-col-50 elementor-inner-column elementor-element elementor-element-864afd8\" data-id=\"864afd8\" data-element_type=\"column\" data-e-type=\"column\">\n\t\t\t<div class=\"elementor-widget-wrap elementor-element-populated\">\n\t\t\t\t\t\t<div class=\"elementor-element elementor-element-d1e9b36 elementor-widget elementor-widget-heading\" data-id=\"d1e9b36\" data-element_type=\"widget\" data-e-type=\"widget\" data-widget_type=\"heading.default\">\n\t\t\t\t<div class=\"elementor-widget-container\">\n\t\t\t\t\t<h2 class=\"elementor-heading-title elementor-size-default\">Ada\u00e7ay\u0131<\/h2>\t\t\t\t<\/div>\n\t\t\t\t<\/div>\n\t\t\t\t<div class=\"elementor-element elementor-element-0acabf9 text-center color-scheme-inherit elementor-widget elementor-widget-text-editor\" data-id=\"0acabf9\" data-element_type=\"widget\" data-e-type=\"widget\" data-widget_type=\"text-editor.default\">\n\t\t\t\t<div class=\"elementor-widget-container\">\n\t\t\t\t\t\t\t\t\t<p>Ada\u00e7ay\u0131 t\u00fcts\u00fcs\u00fc etrafa ho\u015f gelen kokusu bir yana insan\u0131 rahatlat\u0131c\u0131 bir etkiye sahiptir. Uykusuzlu\u011fa iyi gelen ada\u00e7ay\u0131 t\u00fcts\u00fcs\u00fc haf\u0131zan\u0131n g\u00fccenmesine yard\u0131mc\u0131 olur. Psikolojik olarak insan \u00e7ok etkisi olan ada\u00e7ay\u0131 t\u00fcts\u00fcs\u00fcn grip, ast\u0131m, bron\u015fit gibi a\u011f\u0131r hastal\u0131klar\u0131n tedavisinde de olduk\u00e7a i\u015fe yarad\u0131\u011f\u0131 bilinmektedir.<\/p>\t\t\t\t\t\t\t\t<\/div>\n\t\t\t\t<\/div>\n\t\t\t\t\t<\/div>\n\t\t<\/div>\n\t\t\t\t\t<\/div>\n\t\t<\/section>\n\t\t\t\t<section class=\"wd-negative-gap elementor-section elementor-inner-section elementor-element elementor-element-96cb58d elementor-section-boxed elementor-section-height-default elementor-section-height-default\" data-id=\"96cb58d\" data-element_type=\"section\" data-e-type=\"section\">\n\t\t\t\t\t\t<div class=\"elementor-container elementor-column-gap-wide\">\n\t\t\t\t\t<div class=\"elementor-column elementor-col-50 elementor-inner-column elementor-element elementor-element-3072367\" data-id=\"3072367\" data-element_type=\"column\" data-e-type=\"column\">\n\t\t\t<div class=\"elementor-widget-wrap elementor-element-populated\">\n\t\t\t\t\t\t<div class=\"elementor-element elementor-element-0d565a7 elementor-widget elementor-widget-heading\" data-id=\"0d565a7\" data-element_type=\"widget\" data-e-type=\"widget\" data-widget_type=\"heading.default\">\n\t\t\t\t<div class=\"elementor-widget-container\">\n\t\t\t\t\t<h2 class=\"elementor-heading-title elementor-size-default\">\u00dczerlik Otu<\/h2>\t\t\t\t<\/div>\n\t\t\t\t<\/div>\n\t\t\t\t<div class=\"elementor-element elementor-element-9c064df text-center color-scheme-inherit elementor-widget elementor-widget-text-editor\" data-id=\"9c064df\" data-element_type=\"widget\" data-e-type=\"widget\" data-widget_type=\"text-editor.default\">\n\t\t\t\t<div class=\"elementor-widget-container\">\n\t\t\t\t\t\t\t\t\t<p>\u00dczerlik otu t\u00fcts\u00fcs\u00fc, halk aras\u0131nda nazar t\u00fcts\u00fcs\u00fc olarak da bilinir. Kullanan ki\u015fiyi nazardan, b\u00fcy\u00fcden ve ya\u015fam alan\u0131ndaki d\u00fc\u015f\u00fck frekansl\u0131 enerjilerin etkilerinden korur. Stres, endi\u015fe ve kayg\u0131 gibi durumlar\u0131n giderilmesine yard\u0131mc\u0131 olur.<\/p>\t\t\t\t\t\t\t\t<\/div>\n\t\t\t\t<\/div>\n\t\t\t\t\t<\/div>\n\t\t<\/div>\n\t\t\t\t<div class=\"elementor-column elementor-col-50 elementor-inner-column elementor-element elementor-element-49c0e1a\" data-id=\"49c0e1a\" data-element_type=\"column\" data-e-type=\"column\">\n\t\t\t<div class=\"elementor-widget-wrap elementor-element-populated\">\n\t\t\t\t\t\t<div class=\"elementor-element elementor-element-acbc44a elementor-widget elementor-widget-heading\" data-id=\"acbc44a\" data-element_type=\"widget\" data-e-type=\"widget\" data-widget_type=\"heading.default\">\n\t\t\t\t<div class=\"elementor-widget-container\">\n\t\t\t\t\t<h2 class=\"elementor-heading-title elementor-size-default\">Defne Yapra\u011f\u0131<\/h2>\t\t\t\t<\/div>\n\t\t\t\t<\/div>\n\t\t\t\t<div class=\"elementor-element elementor-element-365b80d text-center color-scheme-inherit elementor-widget elementor-widget-text-editor\" data-id=\"365b80d\" data-element_type=\"widget\" data-e-type=\"widget\" data-widget_type=\"text-editor.default\">\n\t\t\t\t<div class=\"elementor-widget-container\">\n\t\t\t\t\t\t\t\t\t<p>Defne Yapra\u011f\u0131 T\u00fcts\u00fcs\u00fc Ne \u0130\u015fe Yarar? Defne yapra\u011f\u0131n\u0131 t\u00fcts\u00fcs\u00fc, yak\u0131ld\u0131\u011f\u0131ndan ortama g\u00fczel bir koku yayar. Bu kokunun etkisiyle beraber negatif enerji da\u011f\u0131larak pozitif iyonlar ortama dahil olur.<br \/>B\u00f6ylelikle stresin azalmas\u0131n\u0131, olumsuz ruh halinin d\u00fczelmesine zemin haz\u0131rlar. <\/p>\t\t\t\t\t\t\t\t<\/div>\n\t\t\t\t<\/div>\n\t\t\t\t\t<\/div>\n\t\t<\/div>\n\t\t\t\t\t<\/div>\n\t\t<\/section>\n\t\t\t\t<section class=\"wd-negative-gap elementor-section elementor-inner-section elementor-element elementor-element-de5c9f7 elementor-section-boxed elementor-section-height-default elementor-section-height-default\" data-id=\"de5c9f7\" data-element_type=\"section\" data-e-type=\"section\">\n\t\t\t\t\t\t<div class=\"elementor-container elementor-column-gap-wide\">\n\t\t\t\t\t<div class=\"elementor-column elementor-col-50 elementor-inner-column elementor-element elementor-element-148d6e8\" data-id=\"148d6e8\" data-element_type=\"column\" data-e-type=\"column\">\n\t\t\t<div class=\"elementor-widget-wrap elementor-element-populated\">\n\t\t\t\t\t\t<div class=\"elementor-element elementor-element-744c256 elementor-widget elementor-widget-heading\" data-id=\"744c256\" data-element_type=\"widget\" data-e-type=\"widget\" data-widget_type=\"heading.default\">\n\t\t\t\t<div class=\"elementor-widget-container\">\n\t\t\t\t\t<h2 class=\"elementor-heading-title elementor-size-default\">Alt\u0131n Otu<\/h2>\t\t\t\t<\/div>\n\t\t\t\t<\/div>\n\t\t\t\t<div class=\"elementor-element elementor-element-03665b2 text-center color-scheme-inherit elementor-widget elementor-widget-text-editor\" data-id=\"03665b2\" data-element_type=\"widget\" data-e-type=\"widget\" data-widget_type=\"text-editor.default\">\n\t\t\t\t<div class=\"elementor-widget-container\">\n\t\t\t\t\t\t\t\t\t<p>Alt\u0131n otu t\u00fcts\u00fcs\u00fc, baz\u0131 insanlar taraf\u0131ndan ruhsal veya zihinsel iyile\u015ftirme, meditasyon, rahatlama ve stresi azaltma gibi ama\u00e7larla kullan\u0131l\u0131r. Ayr\u0131ca, eski d\u00f6nemlerden beri enerji temizli\u011fi, k\u00f6t\u00fc enerjiden ar\u0131nma ve korunma amac\u0131yla da tercih edilebilir.<\/p>\t\t\t\t\t\t\t\t<\/div>\n\t\t\t\t<\/div>\n\t\t\t\t\t<\/div>\n\t\t<\/div>\n\t\t\t\t<div class=\"elementor-column elementor-col-50 elementor-inner-column elementor-element elementor-element-36ce3ef\" data-id=\"36ce3ef\" data-element_type=\"column\" data-e-type=\"column\">\n\t\t\t<div class=\"elementor-widget-wrap\">\n\t\t\t\t\t\t\t<\/div>\n\t\t<\/div>\n\t\t\t\t\t<\/div>\n\t\t<\/section>\n\t\t\t\t\t<\/div>\n\t\t<\/div>\n\t\t\t\t\t<\/div>\n\t\t<\/section>\n\t\t\t\t<\/div>","protected":false},"excerpt":{"rendered":"<p>Do\u011fal \u00e7i\u00e7ek t\u00fcts\u00fcs\u00fc, evinizde saf ve otantik bir aroma deneyimi sunar. Bu \u00f6zel t\u00fcts\u00fcler, do\u011fan\u0131n en g\u00fczel bitkilerinden elde edilir. Kimyasal i\u00e7ermeyen bu do\u011fal \u00fcr\u00fcn, hem \u00e7evre dostudur hem de evinizi bitkilerin huzur veren kokular\u0131yla doldurur.<\/p>\n<p><strong>\u0130\u00e7indeki \u00e7i\u00e7ek &amp; bitkiler;<\/strong><\/p>\n<ul>\n<li>Lavanta<\/li>\n<li>Biberiye<\/li>\n<li>Melisa<\/li>\n<li>Ada\u00e7ay\u0131<\/li>\n<li>\u00dczerlik Otu<\/li>\n<li>Defne Yapra\u011f\u0131<\/li>\n<li>Alt\u0131n Otu<\/li>\n<\/ul>\n<p>7 \u00c7i\u00e7ek bir arada.<\/p>","protected":false},"featured_media":10201,"template":"","meta":{"_joinchat":[]},"product_brand":[],"product_cat":[155],"product_tag":[],"class_list":{"0":"post-10198","1":"product","2":"type-product","3":"status-publish","4":"has-post-thumbnail","6":"product_cat-dogal-tutsuler","8":"first","9":"instock","10":"sale","11":"taxable","12":"shipping-taxable","13":"purchasable","14":"product-type-simple"},"_links":{"self":[{"href":"https:\/\/www.mebee.com.tr\/de\/wp-json\/wp\/v2\/product\/10198","targetHints":{"allow":["GET"]}}],"collection":[{"href":"https:\/\/www.mebee.com.tr\/de\/wp-json\/wp\/v2\/product"}],"about":[{"href":"https:\/\/www.mebee.com.tr\/de\/wp-json\/wp\/v2\/types\/product"}],"version-history":[{"count":0,"href":"https:\/\/www.mebee.com.tr\/de\/wp-json\/wp\/v2\/product\/10198\/revisions"}],"wp:featuredmedia":[{"embeddable":true,"href":"https:\/\/www.mebee.com.tr\/de\/wp-json\/wp\/v2\/media\/10201"}],"wp:attachment":[{"href":"https:\/\/www.mebee.com.tr\/de\/wp-json\/wp\/v2\/media?parent=10198"}],"wp:term":[{"taxonomy":"product_brand","embeddable":true,"href":"https:\/\/www.mebee.com.tr\/de\/wp-json\/wp\/v2\/product_brand?post=10198"},{"taxonomy":"product_cat","embeddable":true,"href":"https:\/\/www.mebee.com.tr\/de\/wp-json\/wp\/v2\/product_cat?post=10198"},{"taxonomy":"product_tag","embeddable":true,"href":"https:\/\/www.mebee.com.tr\/de\/wp-json\/wp\/v2\/product_tag?post=10198"}],"curies":[{"name":"wp","href":"https:\/\/api.w.org\/{rel}","templated":true}]}}