{"id":8468,"date":"2023-03-27T12:07:48","date_gmt":"2023-03-27T12:07:48","guid":{"rendered":"https:\/\/mebee.com.tr\/?page_id=8468"},"modified":"2023-06-01T23:42:46","modified_gmt":"2023-06-01T20:42:46","slug":"nutzungsbedingungen-und-mitgliedschaftsvereinbarung-2","status":"publish","type":"page","link":"https:\/\/www.mebee.com.tr\/de\/nutzungsbedingungen-und-mitgliedschaftsvereinbarung-2","title":{"rendered":"Nutzungsbedingungen und Mitgliedschaftsvereinbarung"},"content":{"rendered":"<p>Alle Rechte an www.mebee.com.tr (\"Website\") liegen bei MEBEE, und die Nutzung der Website durch Nutzer und Mitglieder unterliegt den folgenden Bestimmungen und Bedingungen. Bitte lesen Sie die folgenden Nutzungsbedingungen (\"Nutzungsbedingungen\") sorgf\u00e4ltig durch, bevor Sie auf die Website zugreifen oder diese nutzen. MEBEE kann diese Vereinbarung jederzeit \u00e4ndern, und solche \u00c4nderungen treten unmittelbar mit der Ver\u00f6ffentlichung der ge\u00e4nderten Vereinbarung auf der Website in Kraft. Sie erkl\u00e4ren sich damit einverstanden, die Vereinbarung regelm\u00e4\u00dfig zu \u00fcberpr\u00fcfen, um sich \u00fcber derartige \u00c4nderungen zu informieren, und Ihr fortgesetzter Zugriff auf die Website bzw. deren Nutzung gilt als Ihre endg\u00fcltige Zustimmung zu der ge\u00e4nderten Vereinbarung.<\/p>\n\n\n\n<p>Die Mitgliedschaft auf der Website unterliegt Ihrer Zustimmung zu den nachstehend aufgef\u00fchrten Bedingungen. Indem Sie auf die Website zugreifen oder sie nutzen, erkl\u00e4ren Sie sich mit den folgenden Bedingungen einverstanden. Wenn Sie nicht an diese Bedingungen gebunden sein wollen, d\u00fcrfen Sie die Website nicht aufrufen oder nutzen. Wenn Sie jedoch mit einer solchen Nutzung begonnen haben, m\u00fcssen Sie die Nutzung sofort einstellen. MEBEE, einschlie\u00dflich der Nutzungsbedingungen, beh\u00e4lt sich das Recht vor, die auf der Website angebotenen Dienstleistungen, Produkte, geistigen und k\u00fcnstlerischen Werke, Informationen und Daten, einschlie\u00dflich der Website und der Website-Erweiterung, ohne vorherige Ank\u00fcndigung zu \u00e4ndern, die Ver\u00f6ffentlichung der Website zu unterbrechen oder ganz einzustellen und die Website weitestgehend umzugestalten. Die von MEBEE an den Nutzungsbedingungen der Website vorzunehmenden \u00c4nderungen treten mit ihrer Ver\u00f6ffentlichung auf der Website in Kraft, und es wird davon ausgegangen, dass der Nutzer diese \u00c4nderungen akzeptiert, sobald er die Website betritt, darauf zugreift oder sie in irgendeiner Weise nutzt. Nat\u00fcrliche oder juristische Personen (\"Mitglied\"), die das Mitgliedsformular vollst\u00e4ndig ausf\u00fcllen und deren Mitgliedschaft von MEBEE genehmigt wird, gelten als Mitglieder. F\u00fcr die Mitgliedschaft ist ein Mindestalter von 18 Jahren erforderlich. Juristische Personen k\u00f6nnen die Mitgliedschaft nur \u00fcber ihre gesetzlichen Vertreter beantragen.<\/p>\n\n\n\n<p>Alle Mitglieder und Besucher, die sich auf der Website anmelden, die Website besuchen, die Website auf irgendeine Weise nutzen, auf die Website zugreifen und\/oder sich auf irgendeine andere Weise mit der Website verbinden (\"Nutzer\"), erkl\u00e4ren, akzeptieren und verpflichten sich im Voraus, die auf dieser Seite dargelegten Nutzungsbedingungen der MEBEE-Website einzuhalten. Der oben genannte Begriff \"Nutzer\" bezieht sich auf jede Person, die sich auf der Website als Mitglied oder auf andere Weise anmeldet, die Website nutzt, die Website untersucht oder sich \u00fcber ein Kommunikationsger\u00e4t (z. B. Mobiltelefon, Computer) mit der Website verbindet oder \u00fcber die Website elektronische Daten austauscht.<\/p>\n\n\n\n<p><strong>Inhalt der Dienstleistung<\/strong><\/p>\n\n\n\n<p>Die von MEBEE \u00fcber die Website zu erbringende Dienstleistung; die auf der MEBEE-Online-Shopping-Website zum Verkauf angebotenen Produkte; nach Zahlung des Preises durch das Mitglied, wenn der Lagerbestand von MEBEE angemessen ist, die Lieferung der Waren an den Kunden durch das Transportunternehmen innerhalb der zugesagten Frist ohne M\u00e4ngel und Sch\u00e4den.<\/p>\n\n\n\n<p><strong>Allgemeine Bedingungen und Konditionen<\/strong><\/p>\n\n\n\n<p>MEBEE pr\u00fcft st\u00e4ndig die Richtigkeit und Aktualit\u00e4t der auf der Website verf\u00fcgbaren Informationen. Die Mitglieder und Nutzer sollten sich jedoch dar\u00fcber im Klaren sein, dass diese Informationen m\u00f6glicherweise nicht immer aktuell sind.<\/p>\n\n\n\n<p>MEBEE hat das Recht, die Mitgliedschaft zu k\u00fcndigen, wenn es dies w\u00fcnscht, ohne dass es daf\u00fcr eine Begr\u00fcndung gibt.<\/p>\n\n\n\n<p>Alle Arten von geistigen Eigentumsrechten, die zur Website geh\u00f6ren (Produkte, Informationen, Texte, Bilder, Marken, Icons, visuelle oder Audio-Bilder, Videoclips, Designs, Kataloge, Dateien, Listen, Daten, Codes, Slogans und andere Zeichen, Seitenlayout usw.) sind ausschlie\u00dfliches Eigentum von MEBEE. MEBEE ist das Eigentum von MEBEE. Alle Arten von Informationen, Bildern und Materialien auf der Website d\u00fcrfen nicht in anderer Form verwendet werden, indem die Website ganz oder teilweise \u00fcberarbeitet, erg\u00e4nzt oder ver\u00e4ndert wird. Das Kopieren, Ver\u00e4ndern, Ver\u00f6ffentlichen, Versenden, Verbreiten oder Verkaufen des auf der Website dargestellten geistigen Eigentums, ganz oder teilweise, \u00fcber Online- oder andere Medien, verst\u00f6\u00dft eindeutig und unmissverst\u00e4ndlich gegen das Gesetz Nr. 5846 \u00fcber geistige und kommerzielle Werke und wird strafrechtlich geahndet.<\/p>\n\n\n\n<p>Das Mitglied ist verpflichtet, seine Kreditkarte sicher zu verwenden. MEBEE haftet nicht f\u00fcr direkte oder indirekte Sch\u00e4den, die durch Vertragsbruch, unerlaubte Handlungen oder aus anderen Gr\u00fcnden entstehen k\u00f6nnen.<\/p>\n\n\n\n<p>MEBEE kann diesen Vertrag jederzeit fristlos k\u00fcndigen und ihn ganz oder teilweise \u00fcbertragen. Die \u00dcbertragung des Vertrags durch den Nutzer oder das Mitglied ist null und nichtig.<\/p>\n\n\n\n<p>MEBEE hat das Recht, die Website aus Gr\u00fcnden h\u00f6herer Gewalt oder nach eigenem Ermessen und nach eigener Einsch\u00e4tzung von der Ver\u00f6ffentlichung auszuschlie\u00dfen und ihren Inhalt zu \u00e4ndern.<\/p>\n\n\n\n<p>Die Nutzer und Mitglieder sind verpflichtet, bei der Nutzung der Website die allgemeine Moral und den Anstand, alle geltenden nationalen und internationalen Gesetze und Vorschriften sowie die Kommunikations- und Internetsicherheit zu beachten. Alle Arten von \u00c4u\u00dferungen, Kommentaren, Schriften, Texten, Bildern, visuellen Darstellungen und anderen Informationen und Dokumenten, die von den Nutzern auf der Website eingestellt werden, m\u00fcssen in Inhalt und Form mit den allgemeinen Sitten und dem Anstand sowie den einschl\u00e4gigen nationalen und internationalen Gesetzen \u00fcbereinstimmen.<\/p>\n\n\n\n<p>Jede Handlung oder Transaktion, die die Software- und Hardwaresysteme der Website besch\u00e4digen, ihr Funktionieren beeintr\u00e4chtigen oder sie verlangsamen k\u00f6nnte, ist verboten. Das vorgenannte Verbot umfasst auch die Durchf\u00fchrung mehrerer Abfragen oder die Er\u00f6ffnung von Mitgliedschaftsdatens\u00e4tzen mit Hilfe automatisierter Programme oder Software oder die \u00dcbermittlung mehrerer Anfragen oder Informationen an die Website mit Hilfe automatisierter Methoden.<\/p>\n\n\n\n<p>Die Mitglieder akzeptieren, erkl\u00e4ren und verpflichten sich, dass die ihnen gegebenen Passw\u00f6rter ausschlie\u00dflich ihnen geh\u00f6ren und dass sie diese Passw\u00f6rter unter keinen Umst\u00e4nden an andere weitergeben werden, da sie sonst f\u00fcr alle Sch\u00e4den und Verluste, die entstehen k\u00f6nnten, verantwortlich sind. Es liegt nicht in der Verantwortung von MEBEE, die Richtigkeit und Vollst\u00e4ndigkeit der vom Mitglied bei der Beantragung der Mitgliedschaft gemachten Angaben zu \u00fcberpr\u00fcfen. MEBEE \u00fcbernimmt keine rechtliche Verantwortung f\u00fcr Sch\u00e4den, die durch die Angabe falscher Mitgliedsdaten entstehen.<\/p>\n\n\n\n<p>MEBEE beh\u00e4lt sich das Recht vor, alle Arten von Sicherheitsma\u00dfnahmen zu ergreifen, einschlie\u00dflich der Sperrung des Zugriffs auf die Website und der K\u00fcndigung der Mitgliedschaft von Nutzern, die gegen die Nutzungsbedingungen der Website und die oben genannten Regeln versto\u00dfen, und, falls erforderlich, gerichtliche Schritte gegen die Verletzer einzuleiten.<\/p>\n\n\n\n<p>Alle direkten und indirekten Sch\u00e4den, Verluste, Sch\u00e4den und\/oder Verluste, die Nutzern, Mitgliedern oder anderen Dritten aus irgendeinem Grund entstehen k\u00f6nnen, einschlie\u00dflich, aber nicht beschr\u00e4nkt auf Computerviren, Trojaner und \u00e4hnliche b\u00f6sartige Software (Malware) jeglicher Art, die durch die Nutzung der Website, die Nutzung der auf der Website bereitgestellten oder angebotenen Daten und Informationen, das auf diesen Daten und Informationen basierende Verhalten oder den Zugriff auf die Website ausgesetzt sein k\u00f6nnen. MEBEE kann weder rechtlich noch strafrechtlich haftbar gemacht werden. Nutzer, aufgrund der oben erw\u00e4hnten Sch\u00e4den. Sie akzeptieren, erkl\u00e4ren und verpflichten sich im Voraus, dass sie keine Anspr\u00fcche oder Forderungen unter welchem Namen auch immer gegen\u00fcber MEBEE geltend machen werden.<\/p>\n\n\n\n<p>Streitigkeiten, die sich aus diesen \"Nutzungsbedingungen und der Mitgliedschaftsvereinbarung\" ergeben, unterliegen dem t\u00fcrkischen Recht und die Gerichte und Vollstreckungsbeh\u00f6rden von Denizli sind befugt, Streitigkeiten beizulegen.<\/p>","protected":false},"excerpt":{"rendered":"<p>www.mebee.com.tr sitesinin (\u201cSite\u201d) t\u00fcm haklar\u0131 MEBEE ait olup Site\u2019nin Kullan\u0131c\u0131lar ve \u00dcyeler taraf\u0131ndan kullan\u0131m\u0131 a\u015fa\u011f\u0131daki h\u00fck\u00fcm ve \u015fartlara tabidir. Siteye<\/p>","protected":false},"author":1,"featured_media":0,"parent":0,"menu_order":0,"comment_status":"closed","ping_status":"closed","template":"","meta":{"_joinchat":[],"footnotes":""},"class_list":["post-8468","page","type-page","status-publish","hentry"],"_links":{"self":[{"href":"https:\/\/www.mebee.com.tr\/de\/wp-json\/wp\/v2\/pages\/8468","targetHints":{"allow":["GET"]}}],"collection":[{"href":"https:\/\/www.mebee.com.tr\/de\/wp-json\/wp\/v2\/pages"}],"about":[{"href":"https:\/\/www.mebee.com.tr\/de\/wp-json\/wp\/v2\/types\/page"}],"author":[{"embeddable":true,"href":"https:\/\/www.mebee.com.tr\/de\/wp-json\/wp\/v2\/users\/1"}],"replies":[{"embeddable":true,"href":"https:\/\/www.mebee.com.tr\/de\/wp-json\/wp\/v2\/comments?post=8468"}],"version-history":[{"count":0,"href":"https:\/\/www.mebee.com.tr\/de\/wp-json\/wp\/v2\/pages\/8468\/revisions"}],"wp:attachment":[{"href":"https:\/\/www.mebee.com.tr\/de\/wp-json\/wp\/v2\/media?parent=8468"}],"curies":[{"name":"wp","href":"https:\/\/api.w.org\/{rel}","templated":true}]}}