{"id":8466,"date":"2023-03-27T12:05:05","date_gmt":"2023-03-27T12:05:05","guid":{"rendered":"https:\/\/mebee.com.tr\/?page_id=8466"},"modified":"2023-06-01T23:43:45","modified_gmt":"2023-06-01T20:43:45","slug":"fernabsatzvertrag-2","status":"publish","type":"page","link":"https:\/\/www.mebee.com.tr\/de\/fernabsatzvertrag-2","title":{"rendered":"Fernabsatzvertrag"},"content":{"rendered":"<p>Dieser Vertrag wurde gem\u00e4\u00df der im Amtsblatt vom 27.11.2014 unter der Nummer 29188 ver\u00f6ffentlichten Verordnung \u00fcber die Anwendungsmodalit\u00e4ten und Grunds\u00e4tze von Fernabsatzvertr\u00e4gen erstellt und wurde gem\u00e4\u00df der Verpflichtung zum Abschluss eines Vertrages f\u00fcr Verk\u00e4ufe \u00fcber das Internet gestaltet, und die Artikel sind wie folgt.<\/p>\n\n\n\n<p><strong>ARTIKEL 1 PARTEIEN<\/strong><br><strong>VERK\u00c4UFER :<\/strong> <br><br><strong>Telefon :<\/strong> <br><strong>E-Mail:<\/strong> <\/p>\n\n\n\n<p><strong>Informationen zur Bestellung:<\/strong><\/p>\n\n\n\n<p>Zwischensumme :<br>Versandgeb\u00fchren:<br>------------<br>Allgemein Insgesamt :<\/p>\n\n\n\n<p><strong>K\u00c4UFER :<\/strong><\/p>\n\n\n\n<p><strong>ARTIKEL 2 GEGENSTAND DES VERTRAGS<\/strong><br>Der Gegenstand dieses Vertrages umfasst die Rechte und Pflichten der Parteien in \u00dcbereinstimmung mit den Bestimmungen des Gesetzes Nr. 4077 \u00fcber den Verbraucherschutz und der Verordnung \u00fcber die Grunds\u00e4tze und Verfahren f\u00fcr die Durchf\u00fchrung von Fernabsatzvertr\u00e4gen in \u00dcbereinstimmung mit den Bestimmungen des Gesetzes Nr. 4077 \u00fcber den Verbraucherschutz und der Verordnung \u00fcber die Grunds\u00e4tze und Verfahren f\u00fcr die Durchf\u00fchrung von Fernabsatzvertr\u00e4gen in Bezug auf den Verkauf und die Lieferung der Produkte, deren Qualifikationen und Verkaufspreis unten angegeben sind, die der VERK\u00c4UFER an den K\u00c4UFER elektronisch von der Website www.mebee.com.tr verkauft.<br>Der K\u00c4UFER akzeptiert und erkl\u00e4rt, dass er \u00fcber die grundlegenden Eigenschaften der zu verkaufenden Waren\/Dienstleistungen, die Verkaufspreise, die Zahlungsweise, die Lieferbedingungen, alle Vorabinformationen \u00fcber die betreffenden Waren\/Dienstleistungen und das Widerrufsrecht informiert ist, best\u00e4tigt diese Vorabinformationen elektronisch und bestellt dann die Waren\/Dienstleistungen gem\u00e4\u00df den Bestimmungen dieses Vertrags.<br>Die vorl\u00e4ufigen Informationen auf der Zahlungsseite von www.mebee.com.tr und die Verkaufsrechnung des VERK\u00c4UFERS sind integraler Bestandteil dieses Vertrags.<\/p>\n\n\n\n<p><strong>ARTIKEL 3 VERTRAGSDATUM<\/strong><br>Dieses Vertragsdoppel, das zuvor vom VERK\u00c4UFER unterzeichnet wurde, wurde vom K\u00c4UFER am ..\/..\/... unterzeichnet und akzeptiert, und eine Kopie wurde an die E-Mail-Adresse des K\u00c4UFERS gesendet.<\/p>\n\n\n\n<p><strong>ARTIKEL 4 ALLGEMEINE BESTIMMUNGEN<\/strong><br><strong>4.1 <\/strong>\u00a0Der K\u00c4UFER erkl\u00e4rt, dass er alle vorl\u00e4ufigen Informationen \u00fcber die grundlegenden Eigenschaften, den Verkaufspreis, die Zahlungsweise und die Lieferung des oder der vertragsgegenst\u00e4ndlichen Produkte gem\u00e4\u00df Artikel 2 gelesen und zur Kenntnis genommen hat und dass er die erforderliche Best\u00e4tigung auf elektronischem Wege erteilt hat.<br><strong>4.2 <\/strong>\u00a0Wenn sich die vertragsgegenst\u00e4ndlichen Waren\/Dienstleistungen an einem Ort befinden, der von dem vom VERK\u00c4UFER eingesetzten Frachtunternehmen bedient wird, werden sie an die vom K\u00c4UFER gew\u00fcnschte Adresse geliefert. Andernfalls erfolgt die Lieferung an den K\u00c4UFER in der der Adresse des K\u00c4UFERS n\u00e4chstgelegenen Niederlassung des jeweiligen Frachtunternehmens. Die Lieferkosten gehen zu Lasten des K\u00c4UFERS. Der VERK\u00c4UFER zeigt dem K\u00c4UFER die Lieferkosten bei der Bestellung an, genehmigt sie und zieht sie vom K\u00c4UFER im Rahmen der Rechnung ein.<br>Wenn der VERK\u00c4UFER erkl\u00e4rt hat, dass die Lieferkosten der K\u00e4ufer, die \u00fcber die auf der Website angegebene Anzahl hinausgehen, vom VERK\u00c4UFER \u00fcbernommen werden, gehen die Lieferkosten der betreffenden Bestellung zu Lasten des VERK\u00c4UFERS.<br>Das oder die vertragsgegenst\u00e4ndliche(n) Produkt(e) werden dem K\u00c4UFER oder der Person\/Organisation an der vom K\u00c4UFER angegebenen Adresse innerhalb der in den Vorabinformationen beschriebenen Frist geliefert, die sich nach der Entfernung der Niederlassung des K\u00c4UFERS f\u00fcr jedes Produkt richtet, sofern sie die gesetzliche Frist von 30 Tagen nicht \u00fcberschreitet. Diese Frist kann um maximal 10 Tage verl\u00e4ngert werden, sofern der K\u00c4UFER vorher dar\u00fcber informiert wird.<br><strong>4.3 <\/strong>\u00a0Wenn das vertragsgegenst\u00e4ndliche Produkt an eine andere Person\/Organisation als den K\u00c4UFER geliefert wird, kann der VERK\u00c4UFER nicht f\u00fcr die Annahmeverweigerung der Person\/Organisation verantwortlich gemacht werden.<br><strong>4.4 <\/strong>\u00a0Der VERK\u00c4UFER ist daf\u00fcr verantwortlich, dass die vertragsgegenst\u00e4ndlichen Produkte unversehrt, vollst\u00e4ndig, entsprechend den in der Bestellung angegebenen Qualifikationen und mit Garantieunterlagen und ggf. Bedienungsanleitungen geliefert werden.<br><strong>4.5 <\/strong>\u00a0F\u00fcr die Lieferung der vertragsgegenst\u00e4ndlichen Produkte muss dem VERK\u00c4UFER die unterzeichnete Kopie dieses Vertrages zugestellt werden und der Preis muss mit der vom K\u00c4UFER bevorzugten Zahlungsmethode bezahlt werden. Wenn der Produktpreis aus irgendeinem Grund nicht bezahlt oder in den Bankunterlagen storniert wird, gilt der VERK\u00c4UFER als von der Verpflichtung zur Lieferung der Produkte befreit.<br><strong>4.6 <\/strong>\u00a0Der K\u00c4UFER ist verpflichtet, die vertragsgegenst\u00e4ndlichen Waren\/Dienstleistungen vor Erhalt der vertragsgegenst\u00e4ndlichen Waren\/Dienstleistungen zu pr\u00fcfen; verbeulte, zerbrochene, zerrissene Verpackungen usw. besch\u00e4digte und mangelhafte Waren\/Dienstleistungen werden vom Frachtunternehmen oder Versender nicht angenommen.<br>Die vom K\u00c4UFER erhaltenen Waren\/Dienstleistungen gelten als unbesch\u00e4digt und unversehrt.<br>Wenn nach der Lieferung der Produkte die betreffende Bank oder das betreffende Finanzinstitut den Preis der Produkte nicht an den VERK\u00c4UFER zahlt, weil die Kreditkarte des K\u00c4UFERS von Unbefugten in unlauterer oder unrechtm\u00e4\u00dfiger Weise verwendet wurde, ist der K\u00c4UFER verpflichtet, die Produkte innerhalb von 3 Tagen an den VERK\u00c4UFER zur\u00fcckzusenden, sofern sie an den K\u00c4UFER geliefert wurden. In diesem Fall gehen die Transportkosten zu Lasten des K\u00c4UFERS.<br><strong>4.7 <\/strong>\u00a0Wenn der VERK\u00c4UFER das vertragsgegenst\u00e4ndliche Produkt aufgrund von h\u00f6herer Gewalt oder au\u00dfergew\u00f6hnlichen Umst\u00e4nden wie z.B. Wetterwidrigkeiten, Transportunterbrechungen, die den Transport verhindern, nicht innerhalb der Frist liefern kann, ist er verpflichtet, den K\u00c4UFER dar\u00fcber zu informieren. In diesem Fall kann der K\u00c4UFER von einem der Rechte Gebrauch machen, die Bestellung zu stornieren, das vertragsgegenst\u00e4ndliche Produkt gegebenenfalls durch ein anderes zu ersetzen und\/oder den Liefertermin zu verschieben, bis die verhindernde Situation verschwunden ist. Wenn der K\u00c4UFER die Bestellung storniert, wird der vom K\u00c4UFER gezahlte Betrag innerhalb von 10 Tagen in bar und bei Barzahlung in barer M\u00fcnze und bei Kreditkartenzahlung als R\u00fcckerstattung auf das Kreditkartenkonto ausgezahlt.<br><strong>4.8 <\/strong>\u00a0Art und Typ der vertragsgegenst\u00e4ndlichen Waren\/Dienstleistungen, Menge, Marke\/Modell, Farbe und Verkaufspreis einschlie\u00dflich aller Steuern ergeben sich aus den Angaben auf der Waren-\/Dienstleistungseinf\u00fchrungsseite auf der Website www.mebee.com.tr sowie aus der Rechnung des VERK\u00c4UFERS, die als integraler Bestandteil dieses Vertrages gilt.<br><strong>4.9 <\/strong>\u00a0Die Vorverkaufspreise der Waren\/Dienstleistungen sind in der Musterrechnung, die am Ende der Bestellung per E-Mail versandt wird, und im Rechnungsinhalt, der dem K\u00c4UFER zusammen mit dem Produkt zugesandt wird, enthalten.<br>Der vom VERK\u00c4UFER an den K\u00c4UFER zu zahlende Zinssatz kann nicht h\u00f6her sein als der von der t\u00fcrkischen Regierung j\u00e4hrlich festgelegte Zinssatz und in jedem Fall % 30.<br><strong>4.10 <\/strong>\u00a0F\u00fcr den Fall, dass der K\u00c4UFER einen Kauf per Kreditkarte und in Teilbetr\u00e4gen t\u00e4tigt, gilt das auf www.ozlemtuna.com gew\u00e4hlte Teilzahlungsformat.<br>Bei Teilzahlungsgesch\u00e4ften gelten die entsprechenden Bestimmungen des zwischen dem K\u00c4UFER und der kartenbesitzenden Bank abgeschlossenen Vertrags.<br>Der Zahlungstermin f\u00fcr die Kreditkarte wird durch die Bestimmungen des Vertrags zwischen der Bank und dem K\u00c4UFER bestimmt.<br>Der K\u00c4UFER kann die Anzahl der Raten und Zahlungen auch anhand des von seiner Bank \u00fcbermittelten Kontoauszugs nachvollziehen.<br><strong>4.11\u00a0<\/strong>Die Wartezeit f\u00fcr Bestellungen mit Vorkasse \/ EFT-Zahlung betr\u00e4gt 24 Stunden und der VERK\u00c4UFER beh\u00e4lt sich das Recht vor, die Bestellung nicht anzunehmen, wenn die Zahlung nicht innerhalb dieser Frist erfolgt.<br><strong>4.12<\/strong>\u00a0Wenn der K\u00c4UFER mit den mit der Kreditkarte get\u00e4tigten Transaktionen in Verzug ger\u00e4t, zahlt der Karteninhaber im Rahmen des mit der Bank geschlossenen Kreditkartenvertrags Zinsen und haftet gegen\u00fcber der Bank. In diesem Fall kann die betreffende Bank Rechtsmittel einlegen; der K\u00c4UFER kann vom K\u00c4UFER die Kosten und Anwaltshonorare verlangen, und in jedem Fall, wenn der K\u00c4UFER aufgrund seiner Schuld in Verzug ger\u00e4t, erkl\u00e4rt sich der K\u00c4UFER bereit, den Schaden und Verlust zu tragen, der dem VERK\u00c4UFER aufgrund der versp\u00e4teten Erf\u00fcllung der Schuld entsteht.<\/p>\n\n\n\n<p><strong>ARTIKEL 5 R\u00dcCKTRITTSRECHT<\/strong><br>Der K\u00c4UFER hat ein R\u00fccktrittsrecht innerhalb von (14) Tagen ab der Lieferung des vertragsgegenst\u00e4ndlichen Produkts an ihn oder die Person\/Organisation an der angegebenen Adresse. Um das R\u00fccktrittsrecht auszu\u00fcben, muss der VERK\u00c4UFER innerhalb dieser Frist per E-Mail oder Telefon benachrichtigt werden und das Produkt darf nicht im Rahmen der Bestimmungen des entsprechenden Artikels verwendet werden. Im Falle der Aus\u00fcbung des R\u00fccktrittsrechts ist die R\u00fccksendung der Originalrechnung mit einer Kopie des Frachtbriefs, der das an die dritte Person oder den K\u00c4UFER gelieferte Produkt an den VERK\u00c4UFER sendet, obligatorisch. Der Produktpreis wird dem K\u00c4UFER innerhalb von 14 Tagen nach Erhalt dieser Dokumente zur\u00fcckerstattet. Wird die Originalrechnung nicht eingereicht, k\u00f6nnen die Mehrwertsteuer und andere gesetzliche Verpflichtungen, falls vorhanden, nicht zur\u00fcckerstattet werden. Die Versandkosten f\u00fcr das aufgrund des Widerrufsrechts zur\u00fcckgesandte Produkt gehen zu Lasten des K\u00c4UFERS.<br>Das Widerrufsrecht kann nicht f\u00fcr Produkte genutzt werden, die aufgrund ihrer Beschaffenheit nicht zur\u00fcckgegeben werden k\u00f6nnen, Wegwerfprodukte, kopierbare Software und Programme, Produkte, die schnell verderben oder ablaufen. Die Nutzung des Widerrufsrechts f\u00fcr alle Arten von Software und Programmen, DVDs, VCDs, CDs und Kassetten, Batterien, alle Arten von kosmetischen Produkten, alle Arten von Lebensmitteln und pflanzlichen Gesundheitsprodukten, Kapseln, Pillen, Telefonaufladungen, Verbrauchsmaterialien (Toner, Kassetten, Farbb\u00e4nder usw.) und \u00e4hnliche Produkte unterliegt der Bedingung, dass die Verpackung des Produkts unge\u00f6ffnet und unversehrt ist und das Produkt nicht benutzt wird.<br>Dar\u00fcber hinaus kann der Verbraucher das Widerrufsrecht nicht f\u00fcr Waren in Anspruch nehmen, die nach den besonderen W\u00fcnschen und Bed\u00fcrfnissen des Verbrauchers hergestellt oder durch \u00c4nderungen oder Erg\u00e4nzungen personalisiert wurden.<br>Erfolgt die Zahlung mit einer Kreditkarte oder einer \u00e4hnlichen Zahlungskarte, kann der Verbraucher die Stornierung des Zahlungsvorgangs mit der Begr\u00fcndung verlangen, dass die Karte gegen seine Zustimmung und unrechtm\u00e4\u00dfig verwendet wurde. In diesem Fall erstattet der Kartenaussteller dem Verbraucher den Zahlungsbetrag innerhalb von 10 Tagen nach der Mitteilung des Widerspruchs.<br>Wird der Auftrag ausgef\u00fchrt, so wird davon ausgegangen, dass der K\u00c4UFER alle Bedingungen dieses Vertrages akzeptiert hat.<\/p>\n\n\n\n<p><strong>ARTIKEL 6 ZUST\u00c4NDIGES GERICHT<\/strong><br>Bei Streitigkeiten, die sich aus diesem Vertrag ergeben k\u00f6nnen, sind Verbraucherschlichtungsaussch\u00fcsse bis zu dem vom Ministerium f\u00fcr Industrie und Handel bekannt gegebenen Wert und Verbrauchergerichte zur gerichtlichen Beilegung von Streitigkeiten \u00fcber diesen Wert befugt.<\/p>","protected":false},"excerpt":{"rendered":"<p>Gem\u00e4\u00df der im Amtsblatt vom 27.11.2014 unter der Nummer 29188 ver\u00f6ffentlichten Verordnung \u00fcber die Anwendungsmodalit\u00e4ten und Grunds\u00e4tze von Fernabsatzvertr\u00e4gen wird dieser Vertrag im Internet ver\u00f6ffentlicht<\/p>","protected":false},"author":1,"featured_media":0,"parent":0,"menu_order":0,"comment_status":"closed","ping_status":"closed","template":"","meta":{"_joinchat":[],"footnotes":""},"class_list":["post-8466","page","type-page","status-publish","hentry"],"_links":{"self":[{"href":"https:\/\/www.mebee.com.tr\/de\/wp-json\/wp\/v2\/pages\/8466","targetHints":{"allow":["GET"]}}],"collection":[{"href":"https:\/\/www.mebee.com.tr\/de\/wp-json\/wp\/v2\/pages"}],"about":[{"href":"https:\/\/www.mebee.com.tr\/de\/wp-json\/wp\/v2\/types\/page"}],"author":[{"embeddable":true,"href":"https:\/\/www.mebee.com.tr\/de\/wp-json\/wp\/v2\/users\/1"}],"replies":[{"embeddable":true,"href":"https:\/\/www.mebee.com.tr\/de\/wp-json\/wp\/v2\/comments?post=8466"}],"version-history":[{"count":0,"href":"https:\/\/www.mebee.com.tr\/de\/wp-json\/wp\/v2\/pages\/8466\/revisions"}],"wp:attachment":[{"href":"https:\/\/www.mebee.com.tr\/de\/wp-json\/wp\/v2\/media?parent=8466"}],"curies":[{"name":"wp","href":"https:\/\/api.w.org\/{rel}","templated":true}]}}