{"id":3,"date":"2023-03-15T12:55:24","date_gmt":"2023-03-15T12:55:24","guid":{"rendered":"https:\/\/mebee.com.tr\/?page_id=3"},"modified":"2023-03-27T11:56:27","modified_gmt":"2023-03-27T11:56:27","slug":"datenschutzbestimmungen-2","status":"publish","type":"page","link":"https:\/\/www.mebee.com.tr\/de\/datenschutzbestimmungen-2","title":{"rendered":"Datenschutzbestimmungen"},"content":{"rendered":"<p>Bitte lesen Sie diese Vereinbarung sorgf\u00e4ltig durch, bevor Sie auf die Website zugreifen oder diese nutzen. Durch den Zugriff auf die Website oder deren Nutzung erkl\u00e4ren Sie sich mit den nachstehenden Bedingungen einverstanden. Wenn Sie nicht an diese Bedingungen gebunden sein m\u00f6chten, d\u00fcrfen Sie die Website nicht aufrufen oder nutzen. Diese Erkl\u00e4rung enth\u00e4lt die Datenschutzpolitik von www.mebee.com.tr. Mit dem Besuch von www.mebee.com.tr erkl\u00e4ren Sie sich mit den folgenden Bedingungen einverstanden.<\/p>\n\n\n\n<p>1-) www.mebee.com.tr fordert w\u00e4hrend und nach der Mitgliedschaftsphase einige pers\u00f6nliche Daten von Ihnen an. Der Schutz Ihrer pers\u00f6nlichen Daten und die Wahrung Ihrer Vertraulichkeit haben f\u00fcr uns als www.mebee.com.tr oberste Priorit\u00e4t. Aus diesem Grund werden die von Ihnen zur Verf\u00fcgung gestellten Daten in keinem anderen Zusammenhang als den in der Mitgliedschaftsvereinbarung festgelegten Regeln und Zwecken verwendet und nicht an Dritte weitergegeben.<\/p>\n\n\n\n<p>2-) Um Probleme mit dem System zu erkennen und diese so schnell wie m\u00f6glich zu beheben, ermittelt und verwendet www.mebee.com.tr bei Bedarf die IP-Adresse der Nutzer. IP-Adressen k\u00f6nnen auch verwendet werden, um Nutzer allgemein zu identifizieren und umfassende demografische Informationen zu sammeln.<\/p>\n\n\n\n<p>3-) In den Registrierungsformularen, Bestellformularen, Umfragen und Wettbewerben auf unserer Website werden Sie aufgefordert, Ihre Kontaktdaten korrekt anzugeben (Ihren Vor- und Nachnamen, Ihre E-Mail-Adresse, Telefonnummern und Ihre Postanschrift). Dar\u00fcber hinaus m\u00fcssen Sie bei K\u00e4ufen per Kreditkarte im Bestellformular Ihre Kreditkartendaten angeben. Ihre oben genannten personenbezogenen Daten werden verwendet, um Ihre Bestellungen entgegenzunehmen, unsere Produkte und Dienstleistungen anzubieten, Ihre Zahlungen auszuf\u00fchren, Ihre Bestellungen auszuliefern und Sie \u00fcber Ihre Bestellungen zu informieren, Sie zu Marketingzwecken \u00fcber Produkte und Dienstleistungen zu informieren, Ihre Daten zu aktualisieren, Ihre Mitgliedschaft zu verwalten und zu pflegen, Ihnen Produkte und Dienstleistungen zu empfehlen, die f\u00fcr Sie von Interesse sein k\u00f6nnten, und es Dritten zu erm\u00f6glichen, technische, logistische und \u00e4hnliche Funktionen in unserem Namen auszuf\u00fchren.<\/p>\n\n\n\n<p>4-) Demografische Informationen werden verwendet, um unsere Website auf die Interessen unserer Nutzer abzustimmen. Diese Informationen k\u00f6nnen mit Werbetreibenden geteilt werden, um sicherzustellen, dass die Werbung an die Zielgruppe angepasst werden kann, und zwar nur zusammen mit Informationen \u00fcber andere Nutzer. Diese Informationen geben in keiner Weise Aufschluss \u00fcber die Person des Nutzers, sondern dienen lediglich dazu, R\u00fcckschl\u00fcsse auf die Tendenzen der Nutzer als Gruppe zu ziehen und sie zu segmentieren. Die gesammelten finanziellen Informationen werden verwendet, um Ihnen die von Ihnen erworbenen Produkte und Dienstleistungen in Rechnung zu stellen. Wenn Sie auf unserer Website einen Kauf t\u00e4tigen, erkl\u00e4ren Sie sich damit einverstanden, Dritten (Banken, Kreditkartenunternehmen usw.) Ihre Finanzdaten zur Verf\u00fcgung zu stellen, die f\u00fcr die Durchf\u00fchrung Ihrer Transaktion erforderlich sind. Zu den weiterzugebenden Informationen geh\u00f6ren alle notwendigen Finanzdaten, einschlie\u00dflich Kreditkartennummer, Ablaufdatum und CVV2.<\/p>\n\n\n\n<p>5-) Alle Ihre Kreditkarten- und pers\u00f6nlichen Daten sind davor gesch\u00fctzt, w\u00e4hrend der Verbreitung im Internet von unerw\u00fcnschten Personen oder Organisationen abgefangen zu werden.<\/p>\n\n\n\n<p>6-) Unser Unternehmen verpflichtet sich, personenbezogene Daten streng privat und vertraulich zu behandeln, sie als Geheimhaltungspflicht zu betrachten, die Vertraulichkeit zu gew\u00e4hrleisten und aufrechtzuerhalten, die erforderlichen Ma\u00dfnahmen zu ergreifen, um zu verhindern, dass die vertraulichen Informationen ganz oder teilweise in die \u00d6ffentlichkeit gelangen oder unbefugt verwendet oder an Dritte weitergegeben werden, und die erforderliche Sorgfalt walten zu lassen. Obwohl unser Unternehmen die erforderlichen Ma\u00dfnahmen zur Informationssicherheit ergreift, \u00fcbernimmt unser Unternehmen keine Verantwortung f\u00fcr den Fall, dass vertrauliche Informationen durch Angriffe auf unsere Website und unser System besch\u00e4digt oder von Dritten erlangt werden.<\/p>\n\n\n\n<p>7-) Bei Fragen und Anregungen zu unserer Datenschutzpolitik k\u00f6nnen Sie uns eine E-Mail \u00fcber den Kontaktbereich auf unserer Website senden. Sie k\u00f6nnen www.mebee.com.tr \u00fcber die unten stehenden Kontaktinformationen erreichen:<\/p>","protected":false},"excerpt":{"rendered":"<p>Siteye eri\u015fiminizden veya siteyi kullan\u0131m\u0131n\u0131zdan \u00f6nce l\u00fctfen bu s\u00f6zle\u015fmeyi dikkatle okuyunuz. Siteye eri\u015fmekle veya siteyi kullanmakla, a\u015fa\u011f\u0131da belirtilen \u015fartlar ve<\/p>","protected":false},"author":1,"featured_media":0,"parent":0,"menu_order":0,"comment_status":"closed","ping_status":"closed","template":"","meta":{"_joinchat":[],"footnotes":""},"class_list":["post-3","page","type-page","status-publish","hentry"],"_links":{"self":[{"href":"https:\/\/www.mebee.com.tr\/de\/wp-json\/wp\/v2\/pages\/3","targetHints":{"allow":["GET"]}}],"collection":[{"href":"https:\/\/www.mebee.com.tr\/de\/wp-json\/wp\/v2\/pages"}],"about":[{"href":"https:\/\/www.mebee.com.tr\/de\/wp-json\/wp\/v2\/types\/page"}],"author":[{"embeddable":true,"href":"https:\/\/www.mebee.com.tr\/de\/wp-json\/wp\/v2\/users\/1"}],"replies":[{"embeddable":true,"href":"https:\/\/www.mebee.com.tr\/de\/wp-json\/wp\/v2\/comments?post=3"}],"version-history":[{"count":0,"href":"https:\/\/www.mebee.com.tr\/de\/wp-json\/wp\/v2\/pages\/3\/revisions"}],"wp:attachment":[{"href":"https:\/\/www.mebee.com.tr\/de\/wp-json\/wp\/v2\/media?parent=3"}],"curies":[{"name":"wp","href":"https:\/\/api.w.org\/{rel}","templated":true}]}}