{"id":12,"date":"2023-03-27T12:03:23","date_gmt":"2023-03-27T12:03:23","guid":{"rendered":"https:\/\/mebee.com.tr\/?page_id=12"},"modified":"2023-03-27T12:03:25","modified_gmt":"2023-03-27T12:03:25","slug":"ruckerstattung_ruckgaben-2","status":"publish","type":"page","link":"https:\/\/www.mebee.com.tr\/de\/ruckerstattung_ruckgaben-2","title":{"rendered":"Garantie und R\u00fcckgaberecht"},"content":{"rendered":"<p>Auf unsere Produkte gew\u00e4hren wir eine 24-monatige Verbrauchergarantie. Bei Beschwerden k\u00f6nnen Sie sich an unser Callcenter und unsere E-Mail-Adresse wenden.<\/p>\n\n\n\n<p>Sie k\u00f6nnen das Produkt, das Sie erhalten haben, innerhalb von f\u00fcnfzehn (15) Tagen ab dem Datum der Lieferung in der Form, in der Sie es erhalten haben, zur\u00fcckgeben, ohne es zu benutzen, zu zerst\u00f6ren oder zu vernichten. Sie k\u00f6nnen das Produkt mit einer Petition oder kontinuierliche Datentr\u00e4ger (E-Mail) mit dem Produkt Rechnung und den Grund f\u00fcr die R\u00fcckkehr zur\u00fcck.<\/p>\n\n\n\n<p>R\u00fccksendungen von Produkten, deren Originalverpackung besch\u00e4digt, zerst\u00f6rt usw. wurde, werden nicht angenommen. Auf diese Weise eingesandte Produkte <strong>mebee.com.tr<\/strong> werden nicht akzeptiert und nicht zur\u00fcckerstattet. Tritt der Kunde innerhalb der Frist vom Kauf zur\u00fcck, so ist er verpflichtet, die Ware in dem Zustand zur\u00fcckzugeben, in dem sie ihm geliefert wurde, und im Falle der Nutzung den durch die Nutzung entstandenen Verlust des Handelswertes der Ware zu ersetzen.<\/p>\n\n\n\n<p>Wenn unsere Kunden sich weigern, das von ihnen gekaufte Produkt zu kaufen, haben sie das Recht, die Bestellung zu stornieren, indem sie den Kundendienst anrufen, bevor das Produkt an die Ladung geliefert wird.<\/p>","protected":false},"excerpt":{"rendered":"<p>\u00dcr\u00fcnlerimiz 24 ay t\u00fcketici garantisi kapsam\u0131ndad\u0131r. Her t\u00fcr \u015fikayetinizde \u00e7a\u011fr\u0131 merkezimizden ve e-posta adresimizden yard\u0131m talep edebilirsiniz. Alm\u0131\u015f oldu\u011funuz \u00fcr\u00fcn\u00fc<\/p>","protected":false},"author":1,"featured_media":0,"parent":0,"menu_order":0,"comment_status":"closed","ping_status":"closed","template":"","meta":{"_joinchat":[],"footnotes":""},"class_list":["post-12","page","type-page","status-publish","hentry"],"_links":{"self":[{"href":"https:\/\/www.mebee.com.tr\/de\/wp-json\/wp\/v2\/pages\/12","targetHints":{"allow":["GET"]}}],"collection":[{"href":"https:\/\/www.mebee.com.tr\/de\/wp-json\/wp\/v2\/pages"}],"about":[{"href":"https:\/\/www.mebee.com.tr\/de\/wp-json\/wp\/v2\/types\/page"}],"author":[{"embeddable":true,"href":"https:\/\/www.mebee.com.tr\/de\/wp-json\/wp\/v2\/users\/1"}],"replies":[{"embeddable":true,"href":"https:\/\/www.mebee.com.tr\/de\/wp-json\/wp\/v2\/comments?post=12"}],"version-history":[{"count":0,"href":"https:\/\/www.mebee.com.tr\/de\/wp-json\/wp\/v2\/pages\/12\/revisions"}],"wp:attachment":[{"href":"https:\/\/www.mebee.com.tr\/de\/wp-json\/wp\/v2\/media?parent=12"}],"curies":[{"name":"wp","href":"https:\/\/api.w.org\/{rel}","templated":true}]}}