{"id":9915,"date":"2023-09-10T14:28:38","date_gmt":"2023-09-10T11:28:38","guid":{"rendered":"https:\/\/mebee.com.tr\/?post_type=product&#038;p=9915"},"modified":"2025-03-18T22:31:26","modified_gmt":"2025-03-18T19:31:26","slug":"red-eye-pamuklu-muslin-kimono-siyah","status":"publish","type":"product","link":"https:\/\/www.mebee.com.tr\/ar\/%d8%a7%d9%84%d9%85%d9%86%d8%aa%d8%ac\/red-eye-pamuklu-muslin-kimono-siyah","title":{"rendered":"\u0637\u0642\u0645 \u0643\u064a\u0645\u0648\u0646\u0648 \u0642\u0637\u0646 \u0645\u0648\u0633\u0644\u064a\u0646 \u0623\u062d\u0645\u0631 \u0627\u0644\u0639\u064a\u0646 \u0642\u0637\u0646 \u0623\u0633\u0648\u062f"},"content":{"rendered":"<p>Tutkunun ve gizemin birle\u015fti\u011fi Red Eye Pamuklu M\u00fcslin Kimono Siyah, derin bir \u015f\u0131kl\u0131\u011f\u0131 ve karizmay\u0131 temsil eder. %100 pamuk m\u00fcslinin do\u011fal ve nefes alabilen dokusu, siyah\u0131n asaleti ve k\u0131rm\u0131z\u0131 g\u00f6z motifinin etkileyici zarifli\u011fiyle bulu\u015farak hem konforlu hem de dikkat \u00e7ekici bir deneyim sunar. Red Eye&#8217;\u0131n e\u015fsiz dokunu\u015flar\u0131, bu m\u00fcslin kimononun \u00f6zg\u00fcnl\u00fc\u011f\u00fcn\u00fc vurgular. Her an\u0131n\u0131zda, Red Eye pamuklu m\u00fcslin kimono tasar\u0131m\u0131 ile hem geleneksel hem de modern bir \u015f\u0131kl\u0131\u011f\u0131 yakalay\u0131n.<\/p>\n<p>&nbsp;<\/p>","protected":false},"excerpt":{"rendered":"<p><img loading=\"lazy\" decoding=\"async\" class=\"alignnone size-medium wp-image-9928\" src=\"https:\/\/www.mebee.com.tr\/wp-content\/themes\/woodmart\/images\/lazy.svg\" data-src=\"https:\/\/mebee.com.tr\/wp-content\/uploads\/2023\/09\/red-eye-pamuklu-muslin-kimono-siyah-400x83.png\" alt=\"\" width=\"400\" height=\"83\" \/><br \/>\nBu inan\u0131lmaz yumu\u015fak, nefes alabilen ah\u015fap bask\u0131l\u0131 \u00fcr\u00fcn\u00fcm\u00fcz, plajlardan parktaki pikniklere kadar t\u00fcm yaz ihtiya\u00e7lar\u0131n\u0131z i\u00e7in m\u00fckemmel bir \u00f6rt\u00fcd\u00fcr. %100 organik pamuktan \u00fcretilmektedir. Yumu\u015fak, hafif ve \u00e7abuk kurur, suyu bir havludan daha iyi emer.<\/p>","protected":false},"featured_media":9923,"template":"","meta":{"_joinchat":[]},"product_brand":[],"product_cat":[70],"product_tag":[],"class_list":{"0":"post-9915","1":"product","2":"type-product","3":"status-publish","4":"has-post-thumbnail","6":"product_cat-muslin-kimono","8":"first","9":"instock","10":"sale","11":"taxable","12":"shipping-taxable","13":"purchasable","14":"product-type-simple"},"_links":{"self":[{"href":"https:\/\/www.mebee.com.tr\/ar\/wp-json\/wp\/v2\/product\/9915","targetHints":{"allow":["GET"]}}],"collection":[{"href":"https:\/\/www.mebee.com.tr\/ar\/wp-json\/wp\/v2\/product"}],"about":[{"href":"https:\/\/www.mebee.com.tr\/ar\/wp-json\/wp\/v2\/types\/product"}],"version-history":[{"count":0,"href":"https:\/\/www.mebee.com.tr\/ar\/wp-json\/wp\/v2\/product\/9915\/revisions"}],"wp:featuredmedia":[{"embeddable":true,"href":"https:\/\/www.mebee.com.tr\/ar\/wp-json\/wp\/v2\/media\/9923"}],"wp:attachment":[{"href":"https:\/\/www.mebee.com.tr\/ar\/wp-json\/wp\/v2\/media?parent=9915"}],"wp:term":[{"taxonomy":"product_brand","embeddable":true,"href":"https:\/\/www.mebee.com.tr\/ar\/wp-json\/wp\/v2\/product_brand?post=9915"},{"taxonomy":"product_cat","embeddable":true,"href":"https:\/\/www.mebee.com.tr\/ar\/wp-json\/wp\/v2\/product_cat?post=9915"},{"taxonomy":"product_tag","embeddable":true,"href":"https:\/\/www.mebee.com.tr\/ar\/wp-json\/wp\/v2\/product_tag?post=9915"}],"curies":[{"name":"wp","href":"https:\/\/api.w.org\/{rel}","templated":true}]}}