{"id":9898,"date":"2023-08-29T20:25:21","date_gmt":"2023-08-29T17:25:21","guid":{"rendered":"https:\/\/mebee.com.tr\/?post_type=product&#038;p=9898"},"modified":"2025-09-18T11:58:55","modified_gmt":"2025-09-18T08:58:55","slug":"dogal-gul-sabunu","status":"publish","type":"product","link":"https:\/\/www.mebee.com.tr\/ar\/%d8%a7%d9%84%d9%85%d9%86%d8%aa%d8%ac\/dogal-gul-sabunu","title":{"rendered":"\u0635\u0627\u0628\u0648\u0646 \u0627\u0644\u0648\u0631\u062f \u0627\u0644\u0637\u0628\u064a\u0639\u064a"},"content":{"rendered":"","protected":false},"excerpt":{"rendered":"<p>Cildi ya\u011fdan ve kirden ar\u0131nd\u0131r\u0131r. G\u00fcne\u015f yan\u0131klar\u0131n\u0131n, lekelerinin, k\u0131zar\u0131klar\u0131n\u0131n, egzama, akne gibi rahats\u0131zl\u0131klar\u0131n giderilmesinde etkilidir. Ya\u015flanma belirtilerini giderir.<\/p>","protected":false},"featured_media":9900,"template":"","meta":{"_joinchat":[]},"product_brand":[],"product_cat":[83],"product_tag":[],"class_list":{"0":"post-9898","1":"product","2":"type-product","3":"status-publish","4":"has-post-thumbnail","6":"product_cat-organik-sabunlar","8":"first","9":"instock","10":"sale","11":"taxable","12":"shipping-taxable","13":"purchasable","14":"product-type-simple"},"_links":{"self":[{"href":"https:\/\/www.mebee.com.tr\/ar\/wp-json\/wp\/v2\/product\/9898","targetHints":{"allow":["GET"]}}],"collection":[{"href":"https:\/\/www.mebee.com.tr\/ar\/wp-json\/wp\/v2\/product"}],"about":[{"href":"https:\/\/www.mebee.com.tr\/ar\/wp-json\/wp\/v2\/types\/product"}],"version-history":[{"count":0,"href":"https:\/\/www.mebee.com.tr\/ar\/wp-json\/wp\/v2\/product\/9898\/revisions"}],"wp:featuredmedia":[{"embeddable":true,"href":"https:\/\/www.mebee.com.tr\/ar\/wp-json\/wp\/v2\/media\/9900"}],"wp:attachment":[{"href":"https:\/\/www.mebee.com.tr\/ar\/wp-json\/wp\/v2\/media?parent=9898"}],"wp:term":[{"taxonomy":"product_brand","embeddable":true,"href":"https:\/\/www.mebee.com.tr\/ar\/wp-json\/wp\/v2\/product_brand?post=9898"},{"taxonomy":"product_cat","embeddable":true,"href":"https:\/\/www.mebee.com.tr\/ar\/wp-json\/wp\/v2\/product_cat?post=9898"},{"taxonomy":"product_tag","embeddable":true,"href":"https:\/\/www.mebee.com.tr\/ar\/wp-json\/wp\/v2\/product_tag?post=9898"}],"curies":[{"name":"wp","href":"https:\/\/api.w.org\/{rel}","templated":true}]}}