{"id":9878,"date":"2023-08-29T20:14:53","date_gmt":"2023-08-29T17:14:53","guid":{"rendered":"https:\/\/mebee.com.tr\/?post_type=product&#038;p=9878"},"modified":"2025-09-18T11:57:46","modified_gmt":"2025-09-18T08:57:46","slug":"dogal-aleo-vera-sabunu","status":"publish","type":"product","link":"https:\/\/www.mebee.com.tr\/ar\/%d8%a7%d9%84%d9%85%d9%86%d8%aa%d8%ac\/dogal-aleo-vera-sabunu","title":{"rendered":"\u0635\u0627\u0628\u0648\u0646 \u0623\u0644\u064a\u0648 \u0641\u064a\u0631\u0627 \u0627\u0644\u0637\u0628\u064a\u0639\u064a"},"content":{"rendered":"","protected":false},"excerpt":{"rendered":"<p>Yat\u0131\u015ft\u0131r\u0131c\u0131 ve canland\u0131r\u0131c\u0131 etkisiyle m\u00fckemmele yak\u0131n \u00e7\u00f6z\u00fcmler sunan aloe vera, i\u00e7erisindeki\u00a0antioksidan\u00a0sayesinde yara, yan\u0131k tedavisinde do\u011fru sonu\u00e7lar \u00e7\u0131kar\u0131r. \u00d6zellikle\u00a0pigmentasyon\u00a0konusunda rol alan A vitamini bak\u0131m\u0131ndan olduk\u00e7a zengin olan\u00a0Aloe vera, B vitamini, kalsiyum ve birden \u00e7ok minerali de b\u00fcnyesinde bar\u0131nd\u0131r\u0131r.<\/p>","protected":false},"featured_media":9879,"template":"","meta":{"_joinchat":[]},"product_brand":[],"product_cat":[83],"product_tag":[],"class_list":{"0":"post-9878","1":"product","2":"type-product","3":"status-publish","4":"has-post-thumbnail","6":"product_cat-organik-sabunlar","8":"first","9":"instock","10":"sale","11":"taxable","12":"shipping-taxable","13":"purchasable","14":"product-type-simple"},"_links":{"self":[{"href":"https:\/\/www.mebee.com.tr\/ar\/wp-json\/wp\/v2\/product\/9878","targetHints":{"allow":["GET"]}}],"collection":[{"href":"https:\/\/www.mebee.com.tr\/ar\/wp-json\/wp\/v2\/product"}],"about":[{"href":"https:\/\/www.mebee.com.tr\/ar\/wp-json\/wp\/v2\/types\/product"}],"version-history":[{"count":0,"href":"https:\/\/www.mebee.com.tr\/ar\/wp-json\/wp\/v2\/product\/9878\/revisions"}],"wp:featuredmedia":[{"embeddable":true,"href":"https:\/\/www.mebee.com.tr\/ar\/wp-json\/wp\/v2\/media\/9879"}],"wp:attachment":[{"href":"https:\/\/www.mebee.com.tr\/ar\/wp-json\/wp\/v2\/media?parent=9878"}],"wp:term":[{"taxonomy":"product_brand","embeddable":true,"href":"https:\/\/www.mebee.com.tr\/ar\/wp-json\/wp\/v2\/product_brand?post=9878"},{"taxonomy":"product_cat","embeddable":true,"href":"https:\/\/www.mebee.com.tr\/ar\/wp-json\/wp\/v2\/product_cat?post=9878"},{"taxonomy":"product_tag","embeddable":true,"href":"https:\/\/www.mebee.com.tr\/ar\/wp-json\/wp\/v2\/product_tag?post=9878"}],"curies":[{"name":"wp","href":"https:\/\/api.w.org\/{rel}","templated":true}]}}