{"id":9869,"date":"2023-08-29T20:11:37","date_gmt":"2023-08-29T17:11:37","guid":{"rendered":"https:\/\/mebee.com.tr\/?post_type=product&#038;p=9869"},"modified":"2025-09-18T12:00:56","modified_gmt":"2025-09-18T09:00:56","slug":"dogal-killi-sabun","status":"publish","type":"product","link":"https:\/\/www.mebee.com.tr\/ar\/%d8%a7%d9%84%d9%85%d9%86%d8%aa%d8%ac\/dogal-killi-sabun","title":{"rendered":"\u0635\u0627\u0628\u0648\u0646 \u0627\u0644\u0637\u064a\u0646 \u0627\u0644\u0637\u0628\u064a\u0639\u064a"},"content":{"rendered":"","protected":false},"excerpt":{"rendered":"<p>Ciltte detoks etkisi sa\u011flar. Cildi nemlendirir, g\u00f6zeneklerin derinliklerine n\u00fcfuz ederek temizler. Ya\u011fl\u0131 ve akneli ciltler i\u00e7in idealdir. Kil sabunu\u00a0cilde peeling etkisi yaparak ciltte olu\u015fan \u00f6l\u00fc tabakan\u0131n at\u0131lmas\u0131n\u0131 sa\u011flar. Kil sabunu cildin toparlanmas\u0131n\u0131 sa\u011flar ve cilde kadifemsi bir g\u00f6r\u00fcn\u00fcm verir.<\/p>","protected":false},"featured_media":9871,"template":"","meta":{"_joinchat":[]},"product_brand":[],"product_cat":[83],"product_tag":[],"class_list":{"0":"post-9869","1":"product","2":"type-product","3":"status-publish","4":"has-post-thumbnail","6":"product_cat-organik-sabunlar","8":"first","9":"instock","10":"sale","11":"taxable","12":"shipping-taxable","13":"purchasable","14":"product-type-simple"},"_links":{"self":[{"href":"https:\/\/www.mebee.com.tr\/ar\/wp-json\/wp\/v2\/product\/9869","targetHints":{"allow":["GET"]}}],"collection":[{"href":"https:\/\/www.mebee.com.tr\/ar\/wp-json\/wp\/v2\/product"}],"about":[{"href":"https:\/\/www.mebee.com.tr\/ar\/wp-json\/wp\/v2\/types\/product"}],"version-history":[{"count":0,"href":"https:\/\/www.mebee.com.tr\/ar\/wp-json\/wp\/v2\/product\/9869\/revisions"}],"wp:featuredmedia":[{"embeddable":true,"href":"https:\/\/www.mebee.com.tr\/ar\/wp-json\/wp\/v2\/media\/9871"}],"wp:attachment":[{"href":"https:\/\/www.mebee.com.tr\/ar\/wp-json\/wp\/v2\/media?parent=9869"}],"wp:term":[{"taxonomy":"product_brand","embeddable":true,"href":"https:\/\/www.mebee.com.tr\/ar\/wp-json\/wp\/v2\/product_brand?post=9869"},{"taxonomy":"product_cat","embeddable":true,"href":"https:\/\/www.mebee.com.tr\/ar\/wp-json\/wp\/v2\/product_cat?post=9869"},{"taxonomy":"product_tag","embeddable":true,"href":"https:\/\/www.mebee.com.tr\/ar\/wp-json\/wp\/v2\/product_tag?post=9869"}],"curies":[{"name":"wp","href":"https:\/\/api.w.org\/{rel}","templated":true}]}}