{"id":9866,"date":"2023-08-29T20:09:14","date_gmt":"2023-08-29T17:09:14","guid":{"rendered":"https:\/\/mebee.com.tr\/?post_type=product&#038;p=9866"},"modified":"2025-09-18T12:02:37","modified_gmt":"2025-09-18T09:02:37","slug":"dogal-zeytinyagi-sabunu","status":"publish","type":"product","link":"https:\/\/www.mebee.com.tr\/ar\/%d8%a7%d9%84%d9%85%d9%86%d8%aa%d8%ac\/dogal-zeytinyagi-sabunu","title":{"rendered":"\u0635\u0627\u0628\u0648\u0646 \u0632\u064a\u062a \u0627\u0644\u0632\u064a\u062a\u0648\u0646 \u0627\u0644\u0637\u0628\u064a\u0639\u064a"},"content":{"rendered":"","protected":false},"excerpt":{"rendered":"<p>Zeytinya\u011fl\u0131 sabun\u00a0antioksidan \u00f6zelli\u011fine sahiptir. Bu \u00f6zellik sayesinde cilt ve sa\u00e7 derisinde bulunan bakterileri temizlemeye yarar. Cildin canlanmas\u0131n\u0131 sa\u011flar ayn\u0131 zamanda sa\u00e7lar\u0131n\u0131z\u0131 besler ve g\u00fcrle\u015ftirir.<\/p>","protected":false},"featured_media":9867,"template":"","meta":{"_joinchat":[]},"product_brand":[],"product_cat":[83],"product_tag":[],"class_list":{"0":"post-9866","1":"product","2":"type-product","3":"status-publish","4":"has-post-thumbnail","6":"product_cat-organik-sabunlar","8":"first","9":"instock","10":"sale","11":"taxable","12":"shipping-taxable","13":"purchasable","14":"product-type-simple"},"_links":{"self":[{"href":"https:\/\/www.mebee.com.tr\/ar\/wp-json\/wp\/v2\/product\/9866","targetHints":{"allow":["GET"]}}],"collection":[{"href":"https:\/\/www.mebee.com.tr\/ar\/wp-json\/wp\/v2\/product"}],"about":[{"href":"https:\/\/www.mebee.com.tr\/ar\/wp-json\/wp\/v2\/types\/product"}],"version-history":[{"count":0,"href":"https:\/\/www.mebee.com.tr\/ar\/wp-json\/wp\/v2\/product\/9866\/revisions"}],"wp:featuredmedia":[{"embeddable":true,"href":"https:\/\/www.mebee.com.tr\/ar\/wp-json\/wp\/v2\/media\/9867"}],"wp:attachment":[{"href":"https:\/\/www.mebee.com.tr\/ar\/wp-json\/wp\/v2\/media?parent=9866"}],"wp:term":[{"taxonomy":"product_brand","embeddable":true,"href":"https:\/\/www.mebee.com.tr\/ar\/wp-json\/wp\/v2\/product_brand?post=9866"},{"taxonomy":"product_cat","embeddable":true,"href":"https:\/\/www.mebee.com.tr\/ar\/wp-json\/wp\/v2\/product_cat?post=9866"},{"taxonomy":"product_tag","embeddable":true,"href":"https:\/\/www.mebee.com.tr\/ar\/wp-json\/wp\/v2\/product_tag?post=9866"}],"curies":[{"name":"wp","href":"https:\/\/api.w.org\/{rel}","templated":true}]}}