{"id":9845,"date":"2023-08-29T19:44:14","date_gmt":"2023-08-29T16:44:14","guid":{"rendered":"https:\/\/mebee.com.tr\/?post_type=product&#038;p=9845"},"modified":"2025-09-18T12:01:20","modified_gmt":"2025-09-18T09:01:20","slug":"dogal-lavanta-sabunu","status":"publish","type":"product","link":"https:\/\/www.mebee.com.tr\/ar\/%d8%a7%d9%84%d9%85%d9%86%d8%aa%d8%ac\/dogal-lavanta-sabunu","title":{"rendered":"\u0635\u0627\u0628\u0648\u0646 \u0627\u0644\u0644\u0627\u0641\u0646\u062f\u0631 \u0627\u0644\u0637\u0628\u064a\u0639\u064a"},"content":{"rendered":"","protected":false},"excerpt":{"rendered":"<p>Ciltte akne ve sivilce sorunlar\u0131n\u0131 giderir. Antiseptik \u00f6zelli\u011fiyle do\u011fal koruma sa\u011flar. Ciltte kal\u0131c\u0131 yumu\u015fakl\u0131k sa\u011flar. Yan\u0131klarda ve doku bozulmalar\u0131nda iyile\u015ftirici \u00f6zelli\u011fe sahiptir. \u0130ltihaplanmalar\u0131 \u00f6nler, h\u00fccre yenileyicidir. Sa\u00e7larda olu\u015fan kepeklenmeyi giderir.<\/p>","protected":false},"featured_media":9849,"template":"","meta":{"_joinchat":[]},"product_brand":[],"product_cat":[83],"product_tag":[],"class_list":{"0":"post-9845","1":"product","2":"type-product","3":"status-publish","4":"has-post-thumbnail","6":"product_cat-organik-sabunlar","8":"first","9":"instock","10":"sale","11":"taxable","12":"shipping-taxable","13":"purchasable","14":"product-type-simple"},"_links":{"self":[{"href":"https:\/\/www.mebee.com.tr\/ar\/wp-json\/wp\/v2\/product\/9845","targetHints":{"allow":["GET"]}}],"collection":[{"href":"https:\/\/www.mebee.com.tr\/ar\/wp-json\/wp\/v2\/product"}],"about":[{"href":"https:\/\/www.mebee.com.tr\/ar\/wp-json\/wp\/v2\/types\/product"}],"version-history":[{"count":0,"href":"https:\/\/www.mebee.com.tr\/ar\/wp-json\/wp\/v2\/product\/9845\/revisions"}],"wp:featuredmedia":[{"embeddable":true,"href":"https:\/\/www.mebee.com.tr\/ar\/wp-json\/wp\/v2\/media\/9849"}],"wp:attachment":[{"href":"https:\/\/www.mebee.com.tr\/ar\/wp-json\/wp\/v2\/media?parent=9845"}],"wp:term":[{"taxonomy":"product_brand","embeddable":true,"href":"https:\/\/www.mebee.com.tr\/ar\/wp-json\/wp\/v2\/product_brand?post=9845"},{"taxonomy":"product_cat","embeddable":true,"href":"https:\/\/www.mebee.com.tr\/ar\/wp-json\/wp\/v2\/product_cat?post=9845"},{"taxonomy":"product_tag","embeddable":true,"href":"https:\/\/www.mebee.com.tr\/ar\/wp-json\/wp\/v2\/product_tag?post=9845"}],"curies":[{"name":"wp","href":"https:\/\/api.w.org\/{rel}","templated":true}]}}