{"id":9712,"date":"2023-06-17T11:43:23","date_gmt":"2023-06-17T08:43:23","guid":{"rendered":"https:\/\/mebee.com.tr\/?post_type=product&#038;p=9712"},"modified":"2025-03-18T22:31:24","modified_gmt":"2025-03-18T19:31:24","slug":"eyes-pamuklu-muslin-kimono-parlament-mavi-takim","status":"publish","type":"product","link":"https:\/\/www.mebee.com.tr\/ar\/%d8%a7%d9%84%d9%85%d9%86%d8%aa%d8%ac\/eyes-pamuklu-muslin-kimono-parlament-mavi-takim","title":{"rendered":"\u0628\u062f\u0644\u0629 \u0643\u064a\u0645\u0648\u0646\u0648 \u0642\u0637\u0646 \u0645\u0648\u0633\u0644\u064a\u0646 \u0643\u064a\u0645\u0648\u0646\u0648 \u0627\u0644\u0628\u0631\u0644\u0645\u0627\u0646 \u0623\u0632\u0631\u0642 \u0627\u0644\u0644\u0648\u0646"},"content":{"rendered":"<p>G\u00f6ky\u00fcz\u00fcn\u00fcn b\u00fcy\u00fcleyici tonlar\u0131ndan esinlenen Eye Pamuklu M\u00fcslin Kimono Parlament Mavi Tak\u0131m, sizi r\u00fcya gibi bir deneyime s\u00fcr\u00fckler. %100 pamuk m\u00fcslinin do\u011fal ve nefes alabilen dokusu, parlament mavisi tonunun sofistike zarifli\u011fi ve g\u00f6z motifinin derin dokunu\u015fuyla birle\u015ferek hem konforlu hem de etkileyici bir deneyim sunar. Tak\u0131m\u0131n tamamlay\u0131c\u0131 par\u00e7alar\u0131 hem ev i\u00e7inde hem de d\u0131\u015f\u0131nda m\u00fckemmel bir uyum ve \u015f\u0131kl\u0131k sa\u011flar. Her an\u0131n\u0131zda, Eye pamuklu m\u00fcslin kimono parlament mavi tasar\u0131m\u0131 ile geleneksel ve modern \u015f\u0131kl\u0131\u011f\u0131n en iyi kombinasyonunu ya\u015fay\u0131n.<\/p>","protected":false},"excerpt":{"rendered":"<p>Eyes Pamuklu M\u00fcslin Kimono Parlament Mavi Tak\u0131m, y\u00fcksek kaliteli pamuklu m\u00fcslin kuma\u015ftan \u00fcretilmi\u015ftir. Zarif tasar\u0131m\u0131, \u00f6zg\u00fcn g\u00f6z desenleri ve parlament mavi rengi ile \u00f6ne \u00e7\u0131kar. Bu tak\u0131m, herhangi bir \u00f6zel g\u00fcn\u00fcn\u00fczde veya g\u00fcnl\u00fck hayatta da giyebilece\u011finiz tarz\u0131n\u0131za \u00f6zg\u00fcnl\u00fck katacak. Parlament mavi rengi, tak\u0131m\u0131n \u015f\u0131k tasar\u0131m\u0131 ile birle\u015ferek, size g\u00f6z al\u0131c\u0131 bir g\u00f6r\u00fcn\u00fcm sunar. Eyes Pamuklu M\u00fcslin Kimono Parlament Mavi Tak\u0131m, y\u00fcksek kaliteli kuma\u015f\u0131 ile rahat bir kullan\u0131m imkan\u0131 sunar. Gard\u0131robunuzda yer almas\u0131 gereken bir par\u00e7a olan bu tak\u0131m, \u00f6zg\u00fcn tasar\u0131m\u0131 ve kaliteli kuma\u015f\u0131 ile sizi memnun edecektir.<\/p>","protected":false},"featured_media":9726,"template":"","meta":{"_joinchat":[]},"product_brand":[],"product_cat":[70],"product_tag":[],"class_list":{"0":"post-9712","1":"product","2":"type-product","3":"status-publish","4":"has-post-thumbnail","6":"product_cat-muslin-kimono","8":"first","9":"instock","10":"sale","11":"taxable","12":"shipping-taxable","13":"purchasable","14":"product-type-simple"},"_links":{"self":[{"href":"https:\/\/www.mebee.com.tr\/ar\/wp-json\/wp\/v2\/product\/9712","targetHints":{"allow":["GET"]}}],"collection":[{"href":"https:\/\/www.mebee.com.tr\/ar\/wp-json\/wp\/v2\/product"}],"about":[{"href":"https:\/\/www.mebee.com.tr\/ar\/wp-json\/wp\/v2\/types\/product"}],"version-history":[{"count":0,"href":"https:\/\/www.mebee.com.tr\/ar\/wp-json\/wp\/v2\/product\/9712\/revisions"}],"wp:featuredmedia":[{"embeddable":true,"href":"https:\/\/www.mebee.com.tr\/ar\/wp-json\/wp\/v2\/media\/9726"}],"wp:attachment":[{"href":"https:\/\/www.mebee.com.tr\/ar\/wp-json\/wp\/v2\/media?parent=9712"}],"wp:term":[{"taxonomy":"product_brand","embeddable":true,"href":"https:\/\/www.mebee.com.tr\/ar\/wp-json\/wp\/v2\/product_brand?post=9712"},{"taxonomy":"product_cat","embeddable":true,"href":"https:\/\/www.mebee.com.tr\/ar\/wp-json\/wp\/v2\/product_cat?post=9712"},{"taxonomy":"product_tag","embeddable":true,"href":"https:\/\/www.mebee.com.tr\/ar\/wp-json\/wp\/v2\/product_tag?post=9712"}],"curies":[{"name":"wp","href":"https:\/\/api.w.org\/{rel}","templated":true}]}}