{"id":9586,"date":"2023-06-14T01:04:48","date_gmt":"2023-06-13T22:04:48","guid":{"rendered":"https:\/\/mebee.com.tr\/?post_type=product&#038;p=9586"},"modified":"2025-03-18T22:31:20","modified_gmt":"2025-03-18T19:31:20","slug":"monstera-fiskon-baskili-muslin-bornoz","status":"publish","type":"product","link":"https:\/\/www.mebee.com.tr\/ar\/%d8%a7%d9%84%d9%85%d9%86%d8%aa%d8%ac\/monstera-fiskon-baskili-muslin-bornoz","title":{"rendered":"Monstera Fiskon Bask\u0131l\u0131 M\u00fcslin Bornoz"},"content":{"rendered":"<p style=\"text-align: justify;\">Monstera Fiskon Bask\u0131l\u0131 M\u00fcslin Bornoz, size bir tropikal r\u00fcya sunuyor. Monstera yapraklar\u0131n\u0131n egzotik g\u00fczelli\u011fi, %100 pamuk m\u00fcslin dokusunun yumu\u015fakl\u0131\u011f\u0131yla bulu\u015fuyor. Bu bornoz, banyo sonras\u0131 veya keyifli bir sabah\u0131n ba\u015flang\u0131c\u0131nda sizi sarmalayarak tatile gitmi\u015f gibi hissettirir. Hem \u015f\u0131k hem de i\u015flevsel olan Monstera Fiskon Bask\u0131l\u0131 M\u00fcslin Bornoz, hem bedeninizi hem de ruhunuzu dinlendiren bir deneyim sunar.<\/p>","protected":false},"excerpt":{"rendered":"<p>Bu inan\u0131lmaz yumu\u015fak, nefes alabilen \u00fcr\u00fcn\u00fcm\u00fcz, plajlardan parktaki pikniklere kadar t\u00fcm yaz ihtiya\u00e7lar\u0131n\u0131z i\u00e7in m\u00fckemmel bir \u00f6rt\u00fcd\u00fcr. %100 organik pamuktan \u00fcretilmektedir. Yumu\u015fak, hafif ve \u00e7abuk kurur, suyu bir havludan daha iyi emer.<\/p>","protected":false},"featured_media":9592,"template":"","meta":{"_joinchat":[]},"product_brand":[],"product_cat":[81],"product_tag":[],"class_list":{"0":"post-9586","1":"product","2":"type-product","3":"status-publish","4":"has-post-thumbnail","6":"product_cat-muslin-bornoz","8":"first","9":"outofstock","10":"sale","11":"taxable","12":"shipping-taxable","13":"purchasable","14":"product-type-simple"},"_links":{"self":[{"href":"https:\/\/www.mebee.com.tr\/ar\/wp-json\/wp\/v2\/product\/9586","targetHints":{"allow":["GET"]}}],"collection":[{"href":"https:\/\/www.mebee.com.tr\/ar\/wp-json\/wp\/v2\/product"}],"about":[{"href":"https:\/\/www.mebee.com.tr\/ar\/wp-json\/wp\/v2\/types\/product"}],"version-history":[{"count":0,"href":"https:\/\/www.mebee.com.tr\/ar\/wp-json\/wp\/v2\/product\/9586\/revisions"}],"wp:featuredmedia":[{"embeddable":true,"href":"https:\/\/www.mebee.com.tr\/ar\/wp-json\/wp\/v2\/media\/9592"}],"wp:attachment":[{"href":"https:\/\/www.mebee.com.tr\/ar\/wp-json\/wp\/v2\/media?parent=9586"}],"wp:term":[{"taxonomy":"product_brand","embeddable":true,"href":"https:\/\/www.mebee.com.tr\/ar\/wp-json\/wp\/v2\/product_brand?post=9586"},{"taxonomy":"product_cat","embeddable":true,"href":"https:\/\/www.mebee.com.tr\/ar\/wp-json\/wp\/v2\/product_cat?post=9586"},{"taxonomy":"product_tag","embeddable":true,"href":"https:\/\/www.mebee.com.tr\/ar\/wp-json\/wp\/v2\/product_tag?post=9586"}],"curies":[{"name":"wp","href":"https:\/\/api.w.org\/{rel}","templated":true}]}}