{"id":9555,"date":"2023-06-14T00:54:50","date_gmt":"2023-06-13T21:54:50","guid":{"rendered":"https:\/\/mebee.com.tr\/?post_type=product&#038;p=9555"},"modified":"2025-03-18T22:31:20","modified_gmt":"2025-03-18T19:31:20","slug":"classic-pamuklu-muslin-kimono-yesil","status":"publish","type":"product","link":"https:\/\/www.mebee.com.tr\/ar\/%d8%a7%d9%84%d9%85%d9%86%d8%aa%d8%ac\/classic-pamuklu-muslin-kimono-yesil","title":{"rendered":"\u0643\u064a\u0645\u0648\u0646\u0648 \u0642\u0637\u0646 \u0645\u0648\u0633\u0644\u064a\u0646 \u0643\u0644\u0627\u0633\u064a\u0643\u064a \u0623\u062e\u0636\u0631"},"content":{"rendered":"<p>Do\u011fan\u0131n huzurlu ve canland\u0131r\u0131c\u0131 tonlar\u0131na selam duran Classic Pamuklu M\u00fcslin Kimono Ye\u015fil, zamans\u0131z bir zarafeti temsil eder. %100 pamuk m\u00fcslinin do\u011fal ve nefes alabilen dokusu, taze ye\u015fil tonuyla birle\u015ferek hem konforlu hem de sofistike bir deneyim sunar. Klasi\u011fin e\u015fsiz dokunu\u015flar\u0131, bu m\u00fcslin kimononun \u00f6zg\u00fcnl\u00fc\u011f\u00fcn\u00fc ve \u015f\u0131kl\u0131\u011f\u0131n\u0131 vurgular. Her an\u0131n\u0131zda, Classic pamuklu m\u00fcslin kimono tasar\u0131m\u0131 ile do\u011fan\u0131n sakinli\u011fini ve modern bir \u015f\u0131kl\u0131\u011f\u0131 yakalay\u0131n.<\/p>","protected":false},"excerpt":{"rendered":"<p>Bu inan\u0131lmaz yumu\u015fak, nefes alabilen ah\u015fap bask\u0131l\u0131 \u00fcr\u00fcn\u00fcm\u00fcz, plajlardan parktaki pikniklere kadar t\u00fcm yaz ihtiya\u00e7lar\u0131n\u0131z i\u00e7in m\u00fckemmel bir \u00f6rt\u00fcd\u00fcr. %100 organik pamuktan \u00fcretilmektedir. Yumu\u015fak, hafif ve \u00e7abuk kurur, suyu bir havludan daha iyi emer.<\/p>","protected":false},"featured_media":9562,"template":"","meta":{"_joinchat":[]},"product_brand":[],"product_cat":[70],"product_tag":[],"class_list":{"0":"post-9555","1":"product","2":"type-product","3":"status-publish","4":"has-post-thumbnail","6":"product_cat-muslin-kimono","8":"first","9":"instock","10":"sale","11":"taxable","12":"shipping-taxable","13":"purchasable","14":"product-type-simple"},"_links":{"self":[{"href":"https:\/\/www.mebee.com.tr\/ar\/wp-json\/wp\/v2\/product\/9555","targetHints":{"allow":["GET"]}}],"collection":[{"href":"https:\/\/www.mebee.com.tr\/ar\/wp-json\/wp\/v2\/product"}],"about":[{"href":"https:\/\/www.mebee.com.tr\/ar\/wp-json\/wp\/v2\/types\/product"}],"version-history":[{"count":0,"href":"https:\/\/www.mebee.com.tr\/ar\/wp-json\/wp\/v2\/product\/9555\/revisions"}],"wp:featuredmedia":[{"embeddable":true,"href":"https:\/\/www.mebee.com.tr\/ar\/wp-json\/wp\/v2\/media\/9562"}],"wp:attachment":[{"href":"https:\/\/www.mebee.com.tr\/ar\/wp-json\/wp\/v2\/media?parent=9555"}],"wp:term":[{"taxonomy":"product_brand","embeddable":true,"href":"https:\/\/www.mebee.com.tr\/ar\/wp-json\/wp\/v2\/product_brand?post=9555"},{"taxonomy":"product_cat","embeddable":true,"href":"https:\/\/www.mebee.com.tr\/ar\/wp-json\/wp\/v2\/product_cat?post=9555"},{"taxonomy":"product_tag","embeddable":true,"href":"https:\/\/www.mebee.com.tr\/ar\/wp-json\/wp\/v2\/product_tag?post=9555"}],"curies":[{"name":"wp","href":"https:\/\/api.w.org\/{rel}","templated":true}]}}