{"id":9512,"date":"2023-06-13T23:57:21","date_gmt":"2023-06-13T20:57:21","guid":{"rendered":"https:\/\/mebee.com.tr\/?post_type=product&#038;p=9512"},"modified":"2025-03-18T22:31:19","modified_gmt":"2025-03-18T19:31:19","slug":"jakarli-damask-pamuklu-muslin-kimono","status":"publish","type":"product","link":"https:\/\/www.mebee.com.tr\/ar\/%d8%a7%d9%84%d9%85%d9%86%d8%aa%d8%ac\/jakarli-damask-pamuklu-muslin-kimono","title":{"rendered":"\u0643\u064a\u0645\u0648\u0646\u0648 \u0645\u0646 \u0642\u0637\u0646 \u0627\u0644\u062c\u0627\u0643\u0627\u0631 \u0627\u0644\u062f\u0645\u0634\u0642\u064a \u0627\u0644\u0645\u0648\u0633\u0644\u064a\u0646"},"content":{"rendered":"<p style=\"text-align: justify;\">Zarafetin ve sofistike dokunu\u015flar\u0131n bir araya geldi\u011fi Jakarl\u0131 Damask Pamuklu M\u00fcslin Kimono, sizi asil bir ge\u00e7mi\u015fin izlerine davet eder. %100 pamuk m\u00fcslinin do\u011fal ve nefes alabilen dokusu, jakarl\u0131 damask deseninin klasik ve \u015f\u0131k zarifli\u011fiyle bulu\u015farak hem konforlu hem de dikkat \u00e7ekici bir deneyim sunar. Damask&#8217;\u0131n e\u015fsiz dokunu\u015flar\u0131, bu m\u00fcslin kimononun \u00f6zg\u00fcnl\u00fc\u011f\u00fcn\u00fc ve derinli\u011fini vurgular. Her an\u0131n\u0131zda, Jakarl\u0131 Damask pamuklu m\u00fcslin kimono tasar\u0131m\u0131 ile tarihi ve modern \u015f\u0131kl\u0131\u011f\u0131n m\u00fckemmel uyumunu ya\u015fay\u0131n.<\/p>","protected":false},"excerpt":{"rendered":"<p>Bu inan\u0131lmaz yumu\u015fak, nefes alabilen ah\u015fap bask\u0131l\u0131 \u00fcr\u00fcn\u00fcm\u00fcz, plajlardan parktaki pikniklere kadar t\u00fcm yaz ihtiya\u00e7lar\u0131n\u0131z i\u00e7in m\u00fckemmel bir \u00f6rt\u00fcd\u00fcr. %100 organik pamuktan \u00fcretilmektedir. Yumu\u015fak, hafif ve \u00e7abuk kurur, suyu bir havludan daha iyi emer.<\/p>","protected":false},"featured_media":9520,"template":"","meta":{"_joinchat":[]},"product_brand":[],"product_cat":[70],"product_tag":[],"class_list":{"0":"post-9512","1":"product","2":"type-product","3":"status-publish","4":"has-post-thumbnail","6":"product_cat-muslin-kimono","8":"first","9":"instock","10":"sale","11":"taxable","12":"shipping-taxable","13":"purchasable","14":"product-type-simple"},"_links":{"self":[{"href":"https:\/\/www.mebee.com.tr\/ar\/wp-json\/wp\/v2\/product\/9512","targetHints":{"allow":["GET"]}}],"collection":[{"href":"https:\/\/www.mebee.com.tr\/ar\/wp-json\/wp\/v2\/product"}],"about":[{"href":"https:\/\/www.mebee.com.tr\/ar\/wp-json\/wp\/v2\/types\/product"}],"version-history":[{"count":0,"href":"https:\/\/www.mebee.com.tr\/ar\/wp-json\/wp\/v2\/product\/9512\/revisions"}],"wp:featuredmedia":[{"embeddable":true,"href":"https:\/\/www.mebee.com.tr\/ar\/wp-json\/wp\/v2\/media\/9520"}],"wp:attachment":[{"href":"https:\/\/www.mebee.com.tr\/ar\/wp-json\/wp\/v2\/media?parent=9512"}],"wp:term":[{"taxonomy":"product_brand","embeddable":true,"href":"https:\/\/www.mebee.com.tr\/ar\/wp-json\/wp\/v2\/product_brand?post=9512"},{"taxonomy":"product_cat","embeddable":true,"href":"https:\/\/www.mebee.com.tr\/ar\/wp-json\/wp\/v2\/product_cat?post=9512"},{"taxonomy":"product_tag","embeddable":true,"href":"https:\/\/www.mebee.com.tr\/ar\/wp-json\/wp\/v2\/product_tag?post=9512"}],"curies":[{"name":"wp","href":"https:\/\/api.w.org\/{rel}","templated":true}]}}