{"id":9471,"date":"2023-06-13T23:44:48","date_gmt":"2023-06-13T20:44:48","guid":{"rendered":"https:\/\/mebee.com.tr\/?post_type=product&#038;p=9471"},"modified":"2025-03-18T22:31:19","modified_gmt":"2025-03-18T19:31:19","slug":"indigo-blue-pamuklu-muslin-bornoz","status":"publish","type":"product","link":"https:\/\/www.mebee.com.tr\/ar\/%d8%a7%d9%84%d9%85%d9%86%d8%aa%d8%ac\/indigo-blue-pamuklu-muslin-bornoz","title":{"rendered":"Indigo Blue Pamuklu M\u00fcslin Bornoz"},"content":{"rendered":"<p style=\"text-align: justify;\">Pamuklu M\u00fcslin Bornoz, evde ge\u00e7irdi\u011finiz anlar\u0131n kalitesini art\u0131r\u0131r. %100 pamuk m\u00fcslinin ultra yumu\u015fak dokusu, cildinizi nazik\u00e7e sarar ve size do\u011fal bir rahatlama hissi verir. Banyo sonras\u0131 ya da rahat bir sabah kahvalt\u0131s\u0131nda, bu bornozun l\u00fcks dokusuyla kendinizi \u015f\u0131mart\u0131n. Hem pratik hem de \u015f\u0131k olan bu bornoz, g\u00fcnl\u00fck rutininize zarif bir dokunu\u015f katar.<\/p>","protected":false},"excerpt":{"rendered":"<p>Bu inan\u0131lmaz yumu\u015fak, nefes alabilen \u00fcr\u00fcn\u00fcm\u00fcz, plajlardan parktaki pikniklere kadar t\u00fcm yaz ihtiya\u00e7lar\u0131n\u0131z i\u00e7in m\u00fckemmel bir \u00f6rt\u00fcd\u00fcr. %100 organik pamuktan \u00fcretilmektedir. Yumu\u015fak, hafif ve \u00e7abuk kurur, suyu bir havludan daha iyi emer.<\/p>","protected":false},"featured_media":9478,"template":"","meta":{"_joinchat":[]},"product_brand":[],"product_cat":[81],"product_tag":[],"class_list":{"0":"post-9471","1":"product","2":"type-product","3":"status-publish","4":"has-post-thumbnail","6":"product_cat-muslin-bornoz","8":"first","9":"outofstock","10":"sale","11":"taxable","12":"shipping-taxable","13":"purchasable","14":"product-type-simple"},"_links":{"self":[{"href":"https:\/\/www.mebee.com.tr\/ar\/wp-json\/wp\/v2\/product\/9471","targetHints":{"allow":["GET"]}}],"collection":[{"href":"https:\/\/www.mebee.com.tr\/ar\/wp-json\/wp\/v2\/product"}],"about":[{"href":"https:\/\/www.mebee.com.tr\/ar\/wp-json\/wp\/v2\/types\/product"}],"version-history":[{"count":0,"href":"https:\/\/www.mebee.com.tr\/ar\/wp-json\/wp\/v2\/product\/9471\/revisions"}],"wp:featuredmedia":[{"embeddable":true,"href":"https:\/\/www.mebee.com.tr\/ar\/wp-json\/wp\/v2\/media\/9478"}],"wp:attachment":[{"href":"https:\/\/www.mebee.com.tr\/ar\/wp-json\/wp\/v2\/media?parent=9471"}],"wp:term":[{"taxonomy":"product_brand","embeddable":true,"href":"https:\/\/www.mebee.com.tr\/ar\/wp-json\/wp\/v2\/product_brand?post=9471"},{"taxonomy":"product_cat","embeddable":true,"href":"https:\/\/www.mebee.com.tr\/ar\/wp-json\/wp\/v2\/product_cat?post=9471"},{"taxonomy":"product_tag","embeddable":true,"href":"https:\/\/www.mebee.com.tr\/ar\/wp-json\/wp\/v2\/product_tag?post=9471"}],"curies":[{"name":"wp","href":"https:\/\/api.w.org\/{rel}","templated":true}]}}