{"id":9456,"date":"2023-06-13T23:37:37","date_gmt":"2023-06-13T20:37:37","guid":{"rendered":"https:\/\/mebee.com.tr\/?post_type=product&#038;p=9456"},"modified":"2025-03-18T22:31:18","modified_gmt":"2025-03-18T19:31:18","slug":"ice-blue-pamuklu-muslin-bornoz","status":"publish","type":"product","link":"https:\/\/www.mebee.com.tr\/ar\/%d8%a7%d9%84%d9%85%d9%86%d8%aa%d8%ac\/ice-blue-pamuklu-muslin-bornoz","title":{"rendered":"Ice Blue Pamuklu M\u00fcslin Bornoz"},"content":{"rendered":"<p style=\"text-align: justify;\">Pamuklu M\u00fcslin Bornoz, g\u00fcn\u00fcn her an\u0131nda sizi rahatl\u0131kla sarar. %100 pamuk m\u00fcslinin do\u011fal ve nefes alabilen dokusu, cildinizle m\u00fckemmel bir uyum i\u00e7inde hareket eder, sizi yumu\u015fac\u0131k sararken ayn\u0131 zamanda h\u0131zla kurutur. Sabahlar\u0131 uyan\u0131rken ya da bir banyo sonras\u0131, bu bornozun hafifli\u011fi ve konforu sizi sarar. Hem fonksiyonel hem de estetik olarak m\u00fckemmel olan bu bornoz, evdeki l\u00fcks\u00fcn\u00fcz\u00fc bir ad\u0131m \u00f6teye ta\u015f\u0131r.<\/p>","protected":false},"excerpt":{"rendered":"<p>Bu inan\u0131lmaz yumu\u015fak, nefes alabilen \u00fcr\u00fcn\u00fcm\u00fcz, plajlardan parktaki pikniklere kadar t\u00fcm yaz ihtiya\u00e7lar\u0131n\u0131z i\u00e7in m\u00fckemmel bir \u00f6rt\u00fcd\u00fcr. %100 organik pamuktan \u00fcretilmektedir. Yumu\u015fak, hafif ve \u00e7abuk kurur, suyu bir havludan daha iyi emer.<\/p>","protected":false},"featured_media":9468,"template":"","meta":{"_joinchat":[]},"product_brand":[],"product_cat":[81],"product_tag":[],"class_list":{"0":"post-9456","1":"product","2":"type-product","3":"status-publish","4":"has-post-thumbnail","6":"product_cat-muslin-bornoz","8":"first","9":"outofstock","10":"sale","11":"taxable","12":"shipping-taxable","13":"purchasable","14":"product-type-simple"},"_links":{"self":[{"href":"https:\/\/www.mebee.com.tr\/ar\/wp-json\/wp\/v2\/product\/9456","targetHints":{"allow":["GET"]}}],"collection":[{"href":"https:\/\/www.mebee.com.tr\/ar\/wp-json\/wp\/v2\/product"}],"about":[{"href":"https:\/\/www.mebee.com.tr\/ar\/wp-json\/wp\/v2\/types\/product"}],"version-history":[{"count":0,"href":"https:\/\/www.mebee.com.tr\/ar\/wp-json\/wp\/v2\/product\/9456\/revisions"}],"wp:featuredmedia":[{"embeddable":true,"href":"https:\/\/www.mebee.com.tr\/ar\/wp-json\/wp\/v2\/media\/9468"}],"wp:attachment":[{"href":"https:\/\/www.mebee.com.tr\/ar\/wp-json\/wp\/v2\/media?parent=9456"}],"wp:term":[{"taxonomy":"product_brand","embeddable":true,"href":"https:\/\/www.mebee.com.tr\/ar\/wp-json\/wp\/v2\/product_brand?post=9456"},{"taxonomy":"product_cat","embeddable":true,"href":"https:\/\/www.mebee.com.tr\/ar\/wp-json\/wp\/v2\/product_cat?post=9456"},{"taxonomy":"product_tag","embeddable":true,"href":"https:\/\/www.mebee.com.tr\/ar\/wp-json\/wp\/v2\/product_tag?post=9456"}],"curies":[{"name":"wp","href":"https:\/\/api.w.org\/{rel}","templated":true}]}}