{"id":9315,"date":"2023-06-13T21:47:34","date_gmt":"2023-06-13T18:47:34","guid":{"rendered":"https:\/\/mebee.com.tr\/?post_type=product&#038;p=9315"},"modified":"2025-03-18T22:31:16","modified_gmt":"2025-03-18T19:31:16","slug":"arinna-kirmizi-tas-baskili-pamuklu-muslin-surf-pancosu","status":"publish","type":"product","link":"https:\/\/www.mebee.com.tr\/ar\/%d8%a7%d9%84%d9%85%d9%86%d8%aa%d8%ac\/arinna-kirmizi-tas-baskili-pamuklu-muslin-surf-pancosu","title":{"rendered":"Arinna K\u0131rm\u0131z\u0131 Ta\u015f Bask\u0131l\u0131 Pamuklu M\u00fcslin Surf Pan\u00e7osu"},"content":{"rendered":"<p style=\"text-align: justify;\">Arinna K\u0131rm\u0131z\u0131 Ta\u015f Bask\u0131l\u0131 Pamuklu M\u00fcslin Pan\u00e7o, antik d\u00f6nemlerin asaletini modern bir tasar\u0131mla bulu\u015fturuyor. K\u0131rm\u0131z\u0131n\u0131n tutkulu tonlar\u0131, ta\u015f bask\u0131n\u0131n otantik dokusuyla birle\u015ferek sizi zamans\u0131z bir esteti\u011fin i\u00e7ine \u00e7ekiyor. %100 pamuk m\u00fcslin malzemesi, v\u00fccudunuzu nazik\u00e7e sararak hem \u015f\u0131kl\u0131k hem de rahatl\u0131k sunar. Arinna pan\u00e7osu, sadece bir giysi de\u011fil, ayn\u0131 zamanda tarihin ve esteti\u011fin m\u00fckemmel birlikteli\u011fidir. Her giydi\u011finizde, antik d\u00f6nemlerin canl\u0131l\u0131\u011f\u0131n\u0131 ve modern esteti\u011fin zarafetini yan\u0131n\u0131zda ta\u015f\u0131y\u0131n.<\/p>","protected":false},"excerpt":{"rendered":"<p>Bu inan\u0131lmaz yumu\u015fak, nefes alabilen ah\u015fap bask\u0131l\u0131 \u00fcr\u00fcn\u00fcm\u00fcz, plajlardan parktaki pikniklere kadar t\u00fcm yaz ihtiya\u00e7lar\u0131n\u0131z i\u00e7in m\u00fckemmel bir \u00f6rt\u00fcd\u00fcr. %100 organik pamuktan \u00fcretilmektedir. Yumu\u015fak, hafif ve \u00e7abuk kurur, suyu bir havludan daha iyi emer.<\/p>","protected":false},"featured_media":9320,"template":"","meta":{"_joinchat":[]},"product_brand":[],"product_cat":[80],"product_tag":[],"class_list":{"0":"post-9315","1":"product","2":"type-product","3":"status-publish","4":"has-post-thumbnail","6":"product_cat-muslin-panco","8":"first","9":"instock","10":"sale","11":"taxable","12":"shipping-taxable","13":"purchasable","14":"product-type-simple"},"_links":{"self":[{"href":"https:\/\/www.mebee.com.tr\/ar\/wp-json\/wp\/v2\/product\/9315","targetHints":{"allow":["GET"]}}],"collection":[{"href":"https:\/\/www.mebee.com.tr\/ar\/wp-json\/wp\/v2\/product"}],"about":[{"href":"https:\/\/www.mebee.com.tr\/ar\/wp-json\/wp\/v2\/types\/product"}],"version-history":[{"count":0,"href":"https:\/\/www.mebee.com.tr\/ar\/wp-json\/wp\/v2\/product\/9315\/revisions"}],"wp:featuredmedia":[{"embeddable":true,"href":"https:\/\/www.mebee.com.tr\/ar\/wp-json\/wp\/v2\/media\/9320"}],"wp:attachment":[{"href":"https:\/\/www.mebee.com.tr\/ar\/wp-json\/wp\/v2\/media?parent=9315"}],"wp:term":[{"taxonomy":"product_brand","embeddable":true,"href":"https:\/\/www.mebee.com.tr\/ar\/wp-json\/wp\/v2\/product_brand?post=9315"},{"taxonomy":"product_cat","embeddable":true,"href":"https:\/\/www.mebee.com.tr\/ar\/wp-json\/wp\/v2\/product_cat?post=9315"},{"taxonomy":"product_tag","embeddable":true,"href":"https:\/\/www.mebee.com.tr\/ar\/wp-json\/wp\/v2\/product_tag?post=9315"}],"curies":[{"name":"wp","href":"https:\/\/api.w.org\/{rel}","templated":true}]}}