{"id":9185,"date":"2023-06-13T18:53:52","date_gmt":"2023-06-13T15:53:52","guid":{"rendered":"https:\/\/mebee.com.tr\/?post_type=product&#038;p=9185"},"modified":"2025-03-18T22:31:12","modified_gmt":"2025-03-18T19:31:12","slug":"blue-classic-pamuklu-muslin-kimono","status":"publish","type":"product","link":"https:\/\/www.mebee.com.tr\/ar\/%d8%a7%d9%84%d9%85%d9%86%d8%aa%d8%ac\/blue-classic-pamuklu-muslin-kimono","title":{"rendered":"\u0643\u064a\u0645\u0648\u0646\u0648 \u0645\u0648\u0633\u0644\u064a\u0646 \u0642\u0637\u0646 \u0643\u0644\u0627\u0633\u064a\u0643\u064a \u0623\u0632\u0631\u0642 \u0645\u0648\u0633\u0644\u064a\u0646 \u0643\u0644\u0627\u0633\u064a\u0643\u064a"},"content":{"rendered":"<p style=\"text-align: justify;\"><span style=\"font-size: 11.0pt;\">Zaman\u0131n \u00f6tesinden gelen klasik bir \u015f\u0131kl\u0131\u011f\u0131 temsil eden Blue Classic Pamuklu M\u00fcslin Kimono, mavinin sakinle\u015ftirici tonlar\u0131yla bulu\u015fuyor. %100 pamuk m\u00fcslinin do\u011fal ve nefes alabilen dokusu, klasik mavi tonunun zarifli\u011fiyle harmanlanarak hem konforlu hem de sofistike bir deneyim sunar. Blue Classic&#8217;in e\u015fsiz dokunu\u015flar\u0131, bu m\u00fcslin kimononun \u00f6zg\u00fcnl\u00fc\u011f\u00fcn\u00fc vurgular. Her an\u0131n\u0131zda, Blue Classic pamuklu m\u00fcslin kimono tasar\u0131m\u0131 ile sade ve \u015f\u0131k bir duru\u015f sergileyin.<\/span><\/p>","protected":false},"excerpt":{"rendered":"<p>Ke\u015ffedildi\u011fi g\u00fcnden beri s\u0131rr\u0131 \u00e7\u00f6z\u00fclememi\u015f G\u00f6beklitepe&#8217;nin e\u015fsiz fig\u00fcrleri, Mebee Kimono ile bu yaz \u00fczerinde. Bu inan\u0131lmaz yumu\u015fak, nefes alabilen ah\u015fap bask\u0131l\u0131 \u00fcr\u00fcn\u00fcm\u00fcz, plajlardan parktaki pikniklere kadar t\u00fcm yaz ihtiya\u00e7lar\u0131n\u0131z i\u00e7in m\u00fckemmel bir \u00f6rt\u00fcd\u00fcr. %100 organik pamuktan \u00fcretilmektedir. Yumu\u015fak, hafif ve \u00e7abuk kurur, suyu bir havludan daha iyi emer.<\/p>","protected":false},"featured_media":9202,"template":"","meta":{"_joinchat":[]},"product_brand":[],"product_cat":[70],"product_tag":[],"class_list":{"0":"post-9185","1":"product","2":"type-product","3":"status-publish","4":"has-post-thumbnail","6":"product_cat-muslin-kimono","8":"first","9":"instock","10":"sale","11":"taxable","12":"shipping-taxable","13":"purchasable","14":"product-type-simple"},"_links":{"self":[{"href":"https:\/\/www.mebee.com.tr\/ar\/wp-json\/wp\/v2\/product\/9185","targetHints":{"allow":["GET"]}}],"collection":[{"href":"https:\/\/www.mebee.com.tr\/ar\/wp-json\/wp\/v2\/product"}],"about":[{"href":"https:\/\/www.mebee.com.tr\/ar\/wp-json\/wp\/v2\/types\/product"}],"version-history":[{"count":0,"href":"https:\/\/www.mebee.com.tr\/ar\/wp-json\/wp\/v2\/product\/9185\/revisions"}],"wp:featuredmedia":[{"embeddable":true,"href":"https:\/\/www.mebee.com.tr\/ar\/wp-json\/wp\/v2\/media\/9202"}],"wp:attachment":[{"href":"https:\/\/www.mebee.com.tr\/ar\/wp-json\/wp\/v2\/media?parent=9185"}],"wp:term":[{"taxonomy":"product_brand","embeddable":true,"href":"https:\/\/www.mebee.com.tr\/ar\/wp-json\/wp\/v2\/product_brand?post=9185"},{"taxonomy":"product_cat","embeddable":true,"href":"https:\/\/www.mebee.com.tr\/ar\/wp-json\/wp\/v2\/product_cat?post=9185"},{"taxonomy":"product_tag","embeddable":true,"href":"https:\/\/www.mebee.com.tr\/ar\/wp-json\/wp\/v2\/product_tag?post=9185"}],"curies":[{"name":"wp","href":"https:\/\/api.w.org\/{rel}","templated":true}]}}