{"id":9014,"date":"2023-06-05T05:45:53","date_gmt":"2023-06-05T02:45:53","guid":{"rendered":"https:\/\/mebee.com.tr\/?post_type=product&#038;p=9014"},"modified":"2025-03-18T22:31:11","modified_gmt":"2025-03-18T19:31:11","slug":"hitit-desenli-tas-baskili-pamuklu-muslin-kimono-takim","status":"publish","type":"product","link":"https:\/\/www.mebee.com.tr\/ar\/%d8%a7%d9%84%d9%85%d9%86%d8%aa%d8%ac\/hitit-desenli-tas-baskili-pamuklu-muslin-kimono-takim","title":{"rendered":"\u0637\u0642\u0645 \u0643\u064a\u0645\u0648\u0646\u0648 \u0645\u0648\u0633\u0644\u064a\u0646 \u0642\u0637\u0646 \u0645\u0637\u0628\u0648\u0639 \u0628\u0627\u0644\u062d\u062c\u0631 \u0627\u0644\u062d\u062b\u064a \u0645\u0637\u0628\u0648\u0639 \u0639\u0644\u064a\u0647 \u0646\u0642\u0648\u0634 \u062d\u062c\u0631\u064a\u0629"},"content":{"rendered":"<p style=\"text-align: justify;\">Hitit Desenli Ta\u015f Bask\u0131l\u0131 Pamuklu M\u00fcslin Kimono Tak\u0131m, antik d\u00f6nemlerin zarif motiflerini g\u00fcn\u00fcm\u00fcz\u00fcn minimalist esteti\u011fiyle bulu\u015fturuyor. Do\u011fan\u0131n canl\u0131 renkleriyle zenginle\u015fen bu tak\u0131m, her detay\u0131nda Hitit sanat\u0131n\u0131n ince izlerini ta\u015f\u0131r. %100 pamuk m\u00fcslin dokusu, v\u00fccudunuzu nazik\u00e7e sararak hem \u015f\u0131kl\u0131k hem de rahatl\u0131k sunar. Bu kimono tak\u0131m\u0131yla, her ad\u0131m\u0131n\u0131zda tarihin ve do\u011fan\u0131n e\u015fsiz dans\u0131n\u0131 hissedin.<\/p>","protected":false},"excerpt":{"rendered":"<p>Bu inan\u0131lmaz yumu\u015fak, nefes alabilen ah\u015fap bask\u0131l\u0131 \u00fcr\u00fcn\u00fcm\u00fcz, plajlardan parktaki pikniklere kadar t\u00fcm yaz ihtiya\u00e7lar\u0131n\u0131z i\u00e7in m\u00fckemmel bir \u00f6rt\u00fcd\u00fcr. %100 organik pamuktan \u00fcretilmektedir. Yumu\u015fak, hafif ve \u00e7abuk kurur, suyu bir havludan daha iyi emer.<\/p>","protected":false},"featured_media":9025,"template":"","meta":{"_joinchat":[]},"product_brand":[],"product_cat":[70],"product_tag":[],"class_list":{"0":"post-9014","1":"product","2":"type-product","3":"status-publish","4":"has-post-thumbnail","6":"product_cat-muslin-kimono","8":"first","9":"instock","10":"sale","11":"taxable","12":"shipping-taxable","13":"purchasable","14":"product-type-simple"},"_links":{"self":[{"href":"https:\/\/www.mebee.com.tr\/ar\/wp-json\/wp\/v2\/product\/9014","targetHints":{"allow":["GET"]}}],"collection":[{"href":"https:\/\/www.mebee.com.tr\/ar\/wp-json\/wp\/v2\/product"}],"about":[{"href":"https:\/\/www.mebee.com.tr\/ar\/wp-json\/wp\/v2\/types\/product"}],"version-history":[{"count":0,"href":"https:\/\/www.mebee.com.tr\/ar\/wp-json\/wp\/v2\/product\/9014\/revisions"}],"wp:featuredmedia":[{"embeddable":true,"href":"https:\/\/www.mebee.com.tr\/ar\/wp-json\/wp\/v2\/media\/9025"}],"wp:attachment":[{"href":"https:\/\/www.mebee.com.tr\/ar\/wp-json\/wp\/v2\/media?parent=9014"}],"wp:term":[{"taxonomy":"product_brand","embeddable":true,"href":"https:\/\/www.mebee.com.tr\/ar\/wp-json\/wp\/v2\/product_brand?post=9014"},{"taxonomy":"product_cat","embeddable":true,"href":"https:\/\/www.mebee.com.tr\/ar\/wp-json\/wp\/v2\/product_cat?post=9014"},{"taxonomy":"product_tag","embeddable":true,"href":"https:\/\/www.mebee.com.tr\/ar\/wp-json\/wp\/v2\/product_tag?post=9014"}],"curies":[{"name":"wp","href":"https:\/\/api.w.org\/{rel}","templated":true}]}}