{"id":8974,"date":"2023-05-31T21:48:49","date_gmt":"2023-05-31T18:48:49","guid":{"rendered":"https:\/\/mebee.com.tr\/?post_type=product&#038;p=8974"},"modified":"2025-03-18T22:31:11","modified_gmt":"2025-03-18T19:31:11","slug":"hitit-desenli-tas-baskili-pamuklu-muslin-kimono-yesil-takim","status":"publish","type":"product","link":"https:\/\/www.mebee.com.tr\/ar\/%d8%a7%d9%84%d9%85%d9%86%d8%aa%d8%ac\/hitit-desenli-tas-baskili-pamuklu-muslin-kimono-yesil-takim","title":{"rendered":"\u0637\u0642\u0645 \u0643\u064a\u0645\u0648\u0646\u0648 \u0623\u062e\u0636\u0631 \u0645\u0648\u0633\u0644\u064a\u0646 \u0642\u0637\u0646\u064a \u0645\u0637\u0628\u0648\u0639 \u0628\u0627\u0644\u062d\u062c\u0631 \u0627\u0644\u062d\u062b\u064a \u0645\u0637\u0628\u0648\u0639 \u0639\u0644\u064a\u0647 \u0646\u0642\u0648\u0634 \u062d\u062c\u0631\u064a\u0629"},"content":{"rendered":"<p style=\"text-align: justify;\">Hitit Desenli Ta\u015f Bask\u0131l\u0131 Pamuklu M\u00fcslin Kimono Ye\u015fil Tak\u0131m, tarihi dokunu\u015flar\u0131 modern bir sil\u00fcetle bulu\u015fturuyor. Do\u011fan\u0131n canl\u0131 ye\u015fil tonlar\u0131, Hitit motifleriyle birle\u015ferek hem g\u00f6z al\u0131c\u0131 bir estetik olu\u015fturuyor hem de sizi tarihin derinliklerine bir yolculu\u011fa \u00e7\u0131kar\u0131yor. Bu tak\u0131m, sadece bir moda ifadesi de\u011fil, ayn\u0131 zamanda bir hik\u00e2yenin ve miras\u0131n ta\u015f\u0131y\u0131c\u0131s\u0131d\u0131r. Giydi\u011finiz her an, antik uygarl\u0131\u011f\u0131n izlerini ve do\u011fan\u0131n enerjisini hissedin.<\/p>","protected":false},"excerpt":{"rendered":"<p>Bu inan\u0131lmaz yumu\u015fak, nefes alabilen ah\u015fap bask\u0131l\u0131 \u00fcr\u00fcn\u00fcm\u00fcz, plajlardan parktaki pikniklere kadar t\u00fcm yaz ihtiya\u00e7lar\u0131n\u0131z i\u00e7in m\u00fckemmel bir \u00f6rt\u00fcd\u00fcr. %100 organik pamuktan \u00fcretilmektedir. Yumu\u015fak, hafif ve \u00e7abuk kurur, suyu bir havludan daha iyi emer.<\/p>","protected":false},"featured_media":8976,"template":"","meta":{"_joinchat":[]},"product_brand":[],"product_cat":[70],"product_tag":[],"class_list":{"0":"post-8974","1":"product","2":"type-product","3":"status-publish","4":"has-post-thumbnail","6":"product_cat-muslin-kimono","8":"first","9":"instock","10":"sale","11":"taxable","12":"shipping-taxable","13":"purchasable","14":"product-type-simple"},"_links":{"self":[{"href":"https:\/\/www.mebee.com.tr\/ar\/wp-json\/wp\/v2\/product\/8974","targetHints":{"allow":["GET"]}}],"collection":[{"href":"https:\/\/www.mebee.com.tr\/ar\/wp-json\/wp\/v2\/product"}],"about":[{"href":"https:\/\/www.mebee.com.tr\/ar\/wp-json\/wp\/v2\/types\/product"}],"version-history":[{"count":0,"href":"https:\/\/www.mebee.com.tr\/ar\/wp-json\/wp\/v2\/product\/8974\/revisions"}],"wp:featuredmedia":[{"embeddable":true,"href":"https:\/\/www.mebee.com.tr\/ar\/wp-json\/wp\/v2\/media\/8976"}],"wp:attachment":[{"href":"https:\/\/www.mebee.com.tr\/ar\/wp-json\/wp\/v2\/media?parent=8974"}],"wp:term":[{"taxonomy":"product_brand","embeddable":true,"href":"https:\/\/www.mebee.com.tr\/ar\/wp-json\/wp\/v2\/product_brand?post=8974"},{"taxonomy":"product_cat","embeddable":true,"href":"https:\/\/www.mebee.com.tr\/ar\/wp-json\/wp\/v2\/product_cat?post=8974"},{"taxonomy":"product_tag","embeddable":true,"href":"https:\/\/www.mebee.com.tr\/ar\/wp-json\/wp\/v2\/product_tag?post=8974"}],"curies":[{"name":"wp","href":"https:\/\/api.w.org\/{rel}","templated":true}]}}