{"id":8663,"date":"2023-04-05T20:30:50","date_gmt":"2023-04-05T17:30:50","guid":{"rendered":"https:\/\/mebee.com.tr\/?post_type=product&#038;p=8663"},"modified":"2025-03-18T22:31:10","modified_gmt":"2025-03-18T19:31:10","slug":"gobeklitepe-tas-baskili-pamuklu-muslin-kimono-parlament-renk","status":"publish","type":"product","link":"https:\/\/www.mebee.com.tr\/ar\/%d8%a7%d9%84%d9%85%d9%86%d8%aa%d8%ac\/gobeklitepe-tas-baskili-pamuklu-muslin-kimono-parlament-renk","title":{"rendered":"\u0643\u064a\u0645\u0648\u0646\u0648 \u0642\u0637\u0646 \u0645\u0648\u0633\u0644\u064a\u0646 \u0643\u064a\u0645\u0648\u0646\u0648 \u0628\u0631\u0644\u0645\u0627\u0646 \u0645\u0637\u0628\u0648\u0639 \u0628\u0627\u0644\u062d\u062c\u0631 \u0645\u0646 \u062c\u0648\u0628\u064a\u0643\u0644\u064a\u062a\u064a\u0628\u064a"},"content":{"rendered":"<p>Tarihin derinliklerinden gelen bir esintiyle stilinizi yeniden tan\u0131mlay\u0131n: G\u00f6beklitepe Ta\u015f Bask\u0131l\u0131 Pamuklu M\u00fcslin Kimono Parlament. D\u00fcnyan\u0131n en eski tap\u0131naklar\u0131ndan biri olan G\u00f6beklitepe&#8217;nin gizemini, %100 pamuk m\u00fcslinin rahat ve hafif dokusuyla birle\u015ftirdik. Parlament mavisi, bu \u00f6zel tasar\u0131m\u0131n sofistike havas\u0131n\u0131 vurgulayarak hem g\u00fcndelik hem de \u00f6zel anlar\u0131n\u0131zda sizi \u00f6ne \u00e7\u0131kar\u0131r. Tarihi ve modernli\u011fi bir araya getiren bu kimono ile her ad\u0131m\u0131n\u0131zda fark yarat\u0131n.<\/p>","protected":false},"excerpt":{"rendered":"<p>Bu inan\u0131lmaz yumu\u015fak, nefes alabilen ah\u015fap bask\u0131l\u0131 \u00fcr\u00fcn\u00fcm\u00fcz, plajlardan parktaki pikniklere kadar t\u00fcm yaz ihtiya\u00e7lar\u0131n\u0131z i\u00e7in m\u00fckemmel bir \u00f6rt\u00fcd\u00fcr. %100 organik pamuktan \u00fcretilmektedir. Yumu\u015fak, hafif ve \u00e7abuk kurur, suyu bir havludan daha iyi emer.<\/p>","protected":false},"featured_media":8953,"template":"","meta":{"_joinchat":[]},"product_brand":[],"product_cat":[70],"product_tag":[],"class_list":{"0":"post-8663","1":"product","2":"type-product","3":"status-publish","4":"has-post-thumbnail","6":"product_cat-muslin-kimono","8":"first","9":"instock","10":"sale","11":"taxable","12":"shipping-taxable","13":"purchasable","14":"product-type-simple"},"_links":{"self":[{"href":"https:\/\/www.mebee.com.tr\/ar\/wp-json\/wp\/v2\/product\/8663","targetHints":{"allow":["GET"]}}],"collection":[{"href":"https:\/\/www.mebee.com.tr\/ar\/wp-json\/wp\/v2\/product"}],"about":[{"href":"https:\/\/www.mebee.com.tr\/ar\/wp-json\/wp\/v2\/types\/product"}],"version-history":[{"count":0,"href":"https:\/\/www.mebee.com.tr\/ar\/wp-json\/wp\/v2\/product\/8663\/revisions"}],"wp:featuredmedia":[{"embeddable":true,"href":"https:\/\/www.mebee.com.tr\/ar\/wp-json\/wp\/v2\/media\/8953"}],"wp:attachment":[{"href":"https:\/\/www.mebee.com.tr\/ar\/wp-json\/wp\/v2\/media?parent=8663"}],"wp:term":[{"taxonomy":"product_brand","embeddable":true,"href":"https:\/\/www.mebee.com.tr\/ar\/wp-json\/wp\/v2\/product_brand?post=8663"},{"taxonomy":"product_cat","embeddable":true,"href":"https:\/\/www.mebee.com.tr\/ar\/wp-json\/wp\/v2\/product_cat?post=8663"},{"taxonomy":"product_tag","embeddable":true,"href":"https:\/\/www.mebee.com.tr\/ar\/wp-json\/wp\/v2\/product_tag?post=8663"}],"curies":[{"name":"wp","href":"https:\/\/api.w.org\/{rel}","templated":true}]}}