{"id":8647,"date":"2023-04-05T19:53:17","date_gmt":"2023-04-05T16:53:17","guid":{"rendered":"https:\/\/mebee.com.tr\/?post_type=product&#038;p=8647"},"modified":"2025-03-18T22:31:09","modified_gmt":"2025-03-18T19:31:09","slug":"pembe-pareo","status":"publish","type":"product","link":"https:\/\/www.mebee.com.tr\/ar\/%d8%a7%d9%84%d9%85%d9%86%d8%aa%d8%ac\/pembe-pareo","title":{"rendered":"\u0635\u0648\u0641\u064a\u0629 \u0648\u0631\u062f\u064a"},"content":{"rendered":"<p style=\"text-align: justify;\">Pembe Pareo, yaz\u0131n enerjisiyle feminenli\u011fin zarif birle\u015fimini sunar. Canl\u0131 pembe tonu, plajda veya havuz ba\u015f\u0131nda sizi \u00f6ne \u00e7\u0131kar\u0131rken, hafif ve hava alabilen yap\u0131s\u0131yla g\u00fcn boyu rahatl\u0131k sa\u011flar. Bu pareo, hem basit bir sar\u0131n olarak hem de \u015f\u0131k bir elbise olarak kullan\u0131labilir, b\u00f6ylece yaz gard\u0131robunuzda \u00e7ok y\u00f6nl\u00fc bir par\u00e7a haline gelir. Her giydi\u011finizde, Pembe Pareo&#8217;nun tatl\u0131 r\u00fczgar\u0131nda yaz\u0131n s\u0131cak dokunu\u015funu hissedin.<\/p>","protected":false},"excerpt":{"rendered":"<p>Bu inan\u0131lmaz yumu\u015fak, nefes alabilen ah\u015fap bask\u0131l\u0131 \u00fcr\u00fcn\u00fcm\u00fcz, plajlardan parktaki pikniklere kadar t\u00fcm yaz ihtiya\u00e7lar\u0131n\u0131z i\u00e7in m\u00fckemmel bir \u00f6rt\u00fcd\u00fcr. %100 organik pamuktan \u00fcretilmektedir. Yumu\u015fak, hafif ve \u00e7abuk kurur, suyu bir havludan daha iyi emer.<\/p>","protected":false},"featured_media":8651,"template":"","meta":{"_joinchat":[]},"product_brand":[],"product_cat":[77],"product_tag":[],"class_list":{"0":"post-8647","1":"product","2":"type-product","3":"status-publish","4":"has-post-thumbnail","6":"product_cat-muslin-pareo","8":"first","9":"outofstock","10":"sale","11":"taxable","12":"shipping-taxable","13":"purchasable","14":"product-type-simple"},"_links":{"self":[{"href":"https:\/\/www.mebee.com.tr\/ar\/wp-json\/wp\/v2\/product\/8647","targetHints":{"allow":["GET"]}}],"collection":[{"href":"https:\/\/www.mebee.com.tr\/ar\/wp-json\/wp\/v2\/product"}],"about":[{"href":"https:\/\/www.mebee.com.tr\/ar\/wp-json\/wp\/v2\/types\/product"}],"version-history":[{"count":0,"href":"https:\/\/www.mebee.com.tr\/ar\/wp-json\/wp\/v2\/product\/8647\/revisions"}],"wp:featuredmedia":[{"embeddable":true,"href":"https:\/\/www.mebee.com.tr\/ar\/wp-json\/wp\/v2\/media\/8651"}],"wp:attachment":[{"href":"https:\/\/www.mebee.com.tr\/ar\/wp-json\/wp\/v2\/media?parent=8647"}],"wp:term":[{"taxonomy":"product_brand","embeddable":true,"href":"https:\/\/www.mebee.com.tr\/ar\/wp-json\/wp\/v2\/product_brand?post=8647"},{"taxonomy":"product_cat","embeddable":true,"href":"https:\/\/www.mebee.com.tr\/ar\/wp-json\/wp\/v2\/product_cat?post=8647"},{"taxonomy":"product_tag","embeddable":true,"href":"https:\/\/www.mebee.com.tr\/ar\/wp-json\/wp\/v2\/product_tag?post=8647"}],"curies":[{"name":"wp","href":"https:\/\/api.w.org\/{rel}","templated":true}]}}