{"id":8626,"date":"2023-04-03T00:09:59","date_gmt":"2023-04-02T21:09:59","guid":{"rendered":"https:\/\/mebee.com.tr\/?post_type=product&#038;p=8626"},"modified":"2025-03-18T22:31:09","modified_gmt":"2025-03-18T19:31:09","slug":"piramit-desenli-tas-baskili-pamuklu-muslin-kimono","status":"publish","type":"product","link":"https:\/\/www.mebee.com.tr\/ar\/%d8%a7%d9%84%d9%85%d9%86%d8%aa%d8%ac\/piramit-desenli-tas-baskili-pamuklu-muslin-kimono","title":{"rendered":"\u0643\u064a\u0645\u0648\u0646\u0648 \u0642\u0637\u0646 \u0645\u0648\u0633\u0644\u064a\u0646 \u0642\u0637\u0646\u064a \u0645\u0637\u0628\u0648\u0639 \u0628\u0646\u0642\u0648\u0634 \u0647\u0631\u0645\u064a\u0629 \u062d\u062c\u0631\u064a\u0629"},"content":{"rendered":"<p style=\"text-align: justify;\">Antik uygarl\u0131klar\u0131n gizemini ve b\u00fcy\u00fcs\u00fcn\u00fc modern tasar\u0131mla bulu\u015fturan Piramit Desenli Ta\u015f Bask\u0131l\u0131 Pamuklu M\u00fcslin Kimono, sizi tarihin derinliklerine davet eder. %100 pamuk m\u00fcslinin do\u011fal ve nefes alabilen dokusu, ta\u015f bask\u0131n\u0131n rustik zarifli\u011fi ve piramit desenlerinin etkileyici dokunu\u015fuyla birle\u015ferek hem konforlu hem de dikkat \u00e7ekici bir deneyim sunar. Piramit&#8217;in e\u015fsiz dokunu\u015flar\u0131, bu m\u00fcslin kimononun \u00f6zg\u00fcnl\u00fc\u011f\u00fcn\u00fc ve derinli\u011fini vurgular. Her an\u0131n\u0131zda, Piramit desenli ta\u015f bask\u0131l\u0131 pamuklu m\u00fcslin kimono tasar\u0131m\u0131 ile antik ve modern \u015f\u0131kl\u0131\u011f\u0131n m\u00fckemmel uyumunu ya\u015fay\u0131n.<\/p>","protected":false},"excerpt":{"rendered":"<p>Hayal g\u00fcc\u00fcn\u00fcz\u00fcn s\u0131n\u0131rlar\u0131n\u0131 zorlamaya haz\u0131r m\u0131s\u0131n\u0131z? Piramit desenli ta\u015f bask\u0131l\u0131 pamuklu muslin kimono ile stilinizde mistik bir dokunu\u015f yakalay\u0131n. Bu e\u015fsiz tasar\u0131m, piramit desenleriyle gizemli bir atmosfer yarat\u0131rken, pamuklu muslin kuma\u015f\u0131yla da hafiflik ve rahatl\u0131k sunar. Plajda, festivalde veya \u00f6zel etkinliklerde fark\u0131n\u0131z\u0131 ortaya koyacak olan bu kimono, tarz\u0131n\u0131z\u0131 \u00f6zg\u00fcn ve etkileyici bir \u015fekilde ifade etmenizi sa\u011flar. Zarif ve \u015f\u0131k bir duru\u015f sergilerken, hafif dokusuyla serinlik hissi verir. Piramit desenli ta\u015f bask\u0131l\u0131 pamuklu muslin kimono ile stilinizi ilham verici bir seviyeye ta\u015f\u0131y\u0131n ve kendinizi mistik bir yolculu\u011fun i\u00e7inde\u00a0hissedin!<\/p>","protected":false},"featured_media":9809,"template":"","meta":{"_joinchat":[]},"product_brand":[],"product_cat":[70],"product_tag":[],"class_list":{"0":"post-8626","1":"product","2":"type-product","3":"status-publish","4":"has-post-thumbnail","6":"product_cat-muslin-kimono","8":"first","9":"instock","10":"sale","11":"taxable","12":"shipping-taxable","13":"purchasable","14":"product-type-simple"},"_links":{"self":[{"href":"https:\/\/www.mebee.com.tr\/ar\/wp-json\/wp\/v2\/product\/8626","targetHints":{"allow":["GET"]}}],"collection":[{"href":"https:\/\/www.mebee.com.tr\/ar\/wp-json\/wp\/v2\/product"}],"about":[{"href":"https:\/\/www.mebee.com.tr\/ar\/wp-json\/wp\/v2\/types\/product"}],"version-history":[{"count":0,"href":"https:\/\/www.mebee.com.tr\/ar\/wp-json\/wp\/v2\/product\/8626\/revisions"}],"wp:featuredmedia":[{"embeddable":true,"href":"https:\/\/www.mebee.com.tr\/ar\/wp-json\/wp\/v2\/media\/9809"}],"wp:attachment":[{"href":"https:\/\/www.mebee.com.tr\/ar\/wp-json\/wp\/v2\/media?parent=8626"}],"wp:term":[{"taxonomy":"product_brand","embeddable":true,"href":"https:\/\/www.mebee.com.tr\/ar\/wp-json\/wp\/v2\/product_brand?post=8626"},{"taxonomy":"product_cat","embeddable":true,"href":"https:\/\/www.mebee.com.tr\/ar\/wp-json\/wp\/v2\/product_cat?post=8626"},{"taxonomy":"product_tag","embeddable":true,"href":"https:\/\/www.mebee.com.tr\/ar\/wp-json\/wp\/v2\/product_tag?post=8626"}],"curies":[{"name":"wp","href":"https:\/\/api.w.org\/{rel}","templated":true}]}}