{"id":8602,"date":"2023-04-02T23:47:10","date_gmt":"2023-04-02T20:47:10","guid":{"rendered":"https:\/\/mebee.com.tr\/?post_type=product&#038;p=8602"},"modified":"2025-03-18T22:31:08","modified_gmt":"2025-03-18T19:31:08","slug":"hitit-tas-baskili-pamuklu-kimono-muslin-gri","status":"publish","type":"product","link":"https:\/\/www.mebee.com.tr\/ar\/%d8%a7%d9%84%d9%85%d9%86%d8%aa%d8%ac\/hitit-tas-baskili-pamuklu-kimono-muslin-gri","title":{"rendered":"Hitit Ta\u015f Bask\u0131l\u0131 Pamuklu Kimono M\u00fcslin Gri"},"content":{"rendered":"<p style=\"text-align: justify;\">Hitit Desenli Ta\u015f Bask\u0131l\u0131 Pamuklu Kimono M\u00fcslin Gri, antik d\u00f6nemlerin izlerini sofistike bir tasar\u0131mla g\u00fcn\u00fcm\u00fcze ta\u015f\u0131yor. Gri tonunun dinginli\u011fi, Hitit motiflerinin zenginli\u011fiyle birle\u015ferek s\u0131rad\u0131\u015f\u0131 bir estetik olu\u015fturuyor. Bu kimono, sadece bir giysi de\u011fil, ayn\u0131 zamanda tarihin ve k\u00fclt\u00fcr\u00fcn bir yans\u0131mas\u0131d\u0131r. Her giydi\u011finizde, Hititlerin sanatsal dokunu\u015flar\u0131n\u0131 hissedin ve modern zamanlar\u0131n konforunda kaybolun.<\/p>","protected":false},"excerpt":{"rendered":"<p>Bu inan\u0131lmaz yumu\u015fak, nefes alabilen ah\u015fap bask\u0131l\u0131 \u00fcr\u00fcn\u00fcm\u00fcz, plajlardan parktaki pikniklere kadar t\u00fcm yaz ihtiya\u00e7lar\u0131n\u0131z i\u00e7in m\u00fckemmel bir \u00f6rt\u00fcd\u00fcr. %100 organik pamuktan \u00fcretilmektedir. Yumu\u015fak, hafif ve \u00e7abuk kurur, suyu bir havludan daha iyi emer.<\/p>","protected":false},"featured_media":8606,"template":"","meta":{"_joinchat":[]},"product_brand":[],"product_cat":[70],"product_tag":[],"class_list":{"0":"post-8602","1":"product","2":"type-product","3":"status-publish","4":"has-post-thumbnail","6":"product_cat-muslin-kimono","8":"first","9":"outofstock","10":"sale","11":"taxable","12":"shipping-taxable","13":"purchasable","14":"product-type-simple"},"_links":{"self":[{"href":"https:\/\/www.mebee.com.tr\/ar\/wp-json\/wp\/v2\/product\/8602","targetHints":{"allow":["GET"]}}],"collection":[{"href":"https:\/\/www.mebee.com.tr\/ar\/wp-json\/wp\/v2\/product"}],"about":[{"href":"https:\/\/www.mebee.com.tr\/ar\/wp-json\/wp\/v2\/types\/product"}],"version-history":[{"count":0,"href":"https:\/\/www.mebee.com.tr\/ar\/wp-json\/wp\/v2\/product\/8602\/revisions"}],"wp:featuredmedia":[{"embeddable":true,"href":"https:\/\/www.mebee.com.tr\/ar\/wp-json\/wp\/v2\/media\/8606"}],"wp:attachment":[{"href":"https:\/\/www.mebee.com.tr\/ar\/wp-json\/wp\/v2\/media?parent=8602"}],"wp:term":[{"taxonomy":"product_brand","embeddable":true,"href":"https:\/\/www.mebee.com.tr\/ar\/wp-json\/wp\/v2\/product_brand?post=8602"},{"taxonomy":"product_cat","embeddable":true,"href":"https:\/\/www.mebee.com.tr\/ar\/wp-json\/wp\/v2\/product_cat?post=8602"},{"taxonomy":"product_tag","embeddable":true,"href":"https:\/\/www.mebee.com.tr\/ar\/wp-json\/wp\/v2\/product_tag?post=8602"}],"curies":[{"name":"wp","href":"https:\/\/api.w.org\/{rel}","templated":true}]}}