{"id":8583,"date":"2023-04-02T23:28:13","date_gmt":"2023-04-02T20:28:13","guid":{"rendered":"https:\/\/mebee.com.tr\/?post_type=product&#038;p=8583"},"modified":"2025-03-18T22:31:08","modified_gmt":"2025-03-18T19:31:08","slug":"palmiye-desenli-tas-baskili-pamuklu-kimono","status":"publish","type":"product","link":"https:\/\/www.mebee.com.tr\/ar\/%d8%a7%d9%84%d9%85%d9%86%d8%aa%d8%ac\/palmiye-desenli-tas-baskili-pamuklu-kimono","title":{"rendered":"\u0643\u064a\u0645\u0648\u0646\u0648 \u0645\u0648\u0633\u0644\u064a\u0646 \u0645\u0637\u0628\u0648\u0639 \u0628\u0646\u0642\u0634\u0627\u062a \u0627\u0644\u0646\u062e\u064a\u0644 \u0627\u0644\u062d\u062c\u0631\u064a\u0629"},"content":{"rendered":"<p style=\"text-align: justify;\">Tropik r\u00fczgarlar\u0131n esintisini ve deniz kenar\u0131n\u0131n huzurunu hissettiren Palmiye Desenli Ta\u015f Bask\u0131l\u0131 M\u00fcslin Kimono, sizi yaz\u0131n s\u0131cak g\u00fcnlerine davet eder. %100 m\u00fcslinin do\u011fal ve nefes alabilen dokusu, ta\u015f bask\u0131n\u0131n otantik zarifli\u011fi ve palmiye desenlerinin ferahlat\u0131c\u0131 dokunu\u015fuyla birle\u015ferek hem konforlu hem de stil sahibi bir deneyim sunar. Palmiye&#8217;nin e\u015fsiz dokunu\u015flar\u0131, bu m\u00fcslin kimononun \u00f6zg\u00fcnl\u00fc\u011f\u00fcn\u00fc ve rahatl\u0131\u011f\u0131n\u0131 vurgular. Her an\u0131n\u0131zda, Palmiye desenli ta\u015f bask\u0131l\u0131 m\u00fcslin kimono tasar\u0131m\u0131 ile tropik bir ka\u00e7amak hissini ya\u015fay\u0131n.<\/p>","protected":false},"excerpt":{"rendered":"<p>Bu inan\u0131lmaz yumu\u015fak, nefes alabilen ah\u015fap bask\u0131l\u0131 \u00fcr\u00fcn\u00fcm\u00fcz, plajlardan parktaki pikniklere kadar t\u00fcm yaz ihtiya\u00e7lar\u0131n\u0131z i\u00e7in m\u00fckemmel bir \u00f6rt\u00fcd\u00fcr. %100 organik pamuktan \u00fcretilmektedir. Yumu\u015fak, hafif ve \u00e7abuk kurur, suyu bir havludan daha iyi emer.<\/p>","protected":false},"featured_media":8587,"template":"","meta":{"_joinchat":[]},"product_brand":[],"product_cat":[70],"product_tag":[],"class_list":{"0":"post-8583","1":"product","2":"type-product","3":"status-publish","4":"has-post-thumbnail","6":"product_cat-muslin-kimono","8":"first","9":"outofstock","10":"sale","11":"taxable","12":"shipping-taxable","13":"purchasable","14":"product-type-simple"},"_links":{"self":[{"href":"https:\/\/www.mebee.com.tr\/ar\/wp-json\/wp\/v2\/product\/8583","targetHints":{"allow":["GET"]}}],"collection":[{"href":"https:\/\/www.mebee.com.tr\/ar\/wp-json\/wp\/v2\/product"}],"about":[{"href":"https:\/\/www.mebee.com.tr\/ar\/wp-json\/wp\/v2\/types\/product"}],"version-history":[{"count":0,"href":"https:\/\/www.mebee.com.tr\/ar\/wp-json\/wp\/v2\/product\/8583\/revisions"}],"wp:featuredmedia":[{"embeddable":true,"href":"https:\/\/www.mebee.com.tr\/ar\/wp-json\/wp\/v2\/media\/8587"}],"wp:attachment":[{"href":"https:\/\/www.mebee.com.tr\/ar\/wp-json\/wp\/v2\/media?parent=8583"}],"wp:term":[{"taxonomy":"product_brand","embeddable":true,"href":"https:\/\/www.mebee.com.tr\/ar\/wp-json\/wp\/v2\/product_brand?post=8583"},{"taxonomy":"product_cat","embeddable":true,"href":"https:\/\/www.mebee.com.tr\/ar\/wp-json\/wp\/v2\/product_cat?post=8583"},{"taxonomy":"product_tag","embeddable":true,"href":"https:\/\/www.mebee.com.tr\/ar\/wp-json\/wp\/v2\/product_tag?post=8583"}],"curies":[{"name":"wp","href":"https:\/\/api.w.org\/{rel}","templated":true}]}}