{"id":8545,"date":"2023-04-02T22:58:26","date_gmt":"2023-04-02T19:58:26","guid":{"rendered":"https:\/\/mebee.com.tr\/?post_type=product&#038;p=8545"},"modified":"2025-09-18T12:05:37","modified_gmt":"2025-09-18T09:05:37","slug":"hint-desenli-tas-baskili-pamuklu-muslin-kimono","status":"publish","type":"product","link":"https:\/\/www.mebee.com.tr\/ar\/%d8%a7%d9%84%d9%85%d9%86%d8%aa%d8%ac\/hint-desenli-tas-baskili-pamuklu-muslin-kimono","title":{"rendered":"\u0643\u064a\u0645\u0648\u0646\u0648 \u0642\u0637\u0646 \u0645\u0648\u0633\u0644\u064a\u0646 \u0647\u0646\u062f\u064a \u0645\u0637\u0628\u0648\u0639 \u0628\u0627\u0644\u062d\u062c\u0631 \u0627\u0644\u0645\u0646\u0642\u0648\u0634 \u0628\u0627\u0644\u062d\u062c\u0631 \u0627\u0644\u0647\u0646\u062f\u064a"},"content":{"rendered":"<p style=\"text-align: justify;\">Hint k\u00fclt\u00fcr\u00fcn\u00fcn b\u00fcy\u00fcl\u00fc motifleri, bu kimono ile sofistike bir estetik olu\u015fturuyor. Ta\u015f bask\u0131n\u0131n otantik dokusu, Hint desenleriyle birle\u015ferek, zengin bir tarih ve sanat\u0131n izlerini g\u00fcn\u00fcm\u00fcze ta\u015f\u0131yor. %100 pamuk m\u00fcslin malzemesi, v\u00fccudunuzu nazik\u00e7e sararak hem \u015f\u0131kl\u0131k hem de konfor sunar. Bu kimono, sadece bir giysi de\u011fil, ayn\u0131 zamanda farkl\u0131 k\u00fclt\u00fcrlerin ve d\u00f6nemlerin birle\u015fti\u011fi bir sanat eseridir.<\/p>","protected":false},"excerpt":{"rendered":"<p>Bu inan\u0131lmaz yumu\u015fak, nefes alabilen ah\u015fap bask\u0131l\u0131 \u00fcr\u00fcn\u00fcm\u00fcz, plajlardan parktaki pikniklere kadar t\u00fcm yaz ihtiya\u00e7lar\u0131n\u0131z i\u00e7in m\u00fckemmel bir \u00f6rt\u00fcd\u00fcr. %100 organik pamuktan \u00fcretilmektedir. Yumu\u015fak, hafif ve \u00e7abuk kurur, suyu bir havludan daha iyi emer.<\/p>","protected":false},"featured_media":8551,"template":"","meta":{"_joinchat":[]},"product_brand":[],"product_cat":[70],"product_tag":[],"class_list":{"0":"post-8545","1":"product","2":"type-product","3":"status-publish","4":"has-post-thumbnail","6":"product_cat-muslin-kimono","8":"first","9":"instock","10":"sale","11":"taxable","12":"shipping-taxable","13":"purchasable","14":"product-type-simple"},"_links":{"self":[{"href":"https:\/\/www.mebee.com.tr\/ar\/wp-json\/wp\/v2\/product\/8545","targetHints":{"allow":["GET"]}}],"collection":[{"href":"https:\/\/www.mebee.com.tr\/ar\/wp-json\/wp\/v2\/product"}],"about":[{"href":"https:\/\/www.mebee.com.tr\/ar\/wp-json\/wp\/v2\/types\/product"}],"version-history":[{"count":0,"href":"https:\/\/www.mebee.com.tr\/ar\/wp-json\/wp\/v2\/product\/8545\/revisions"}],"wp:featuredmedia":[{"embeddable":true,"href":"https:\/\/www.mebee.com.tr\/ar\/wp-json\/wp\/v2\/media\/8551"}],"wp:attachment":[{"href":"https:\/\/www.mebee.com.tr\/ar\/wp-json\/wp\/v2\/media?parent=8545"}],"wp:term":[{"taxonomy":"product_brand","embeddable":true,"href":"https:\/\/www.mebee.com.tr\/ar\/wp-json\/wp\/v2\/product_brand?post=8545"},{"taxonomy":"product_cat","embeddable":true,"href":"https:\/\/www.mebee.com.tr\/ar\/wp-json\/wp\/v2\/product_cat?post=8545"},{"taxonomy":"product_tag","embeddable":true,"href":"https:\/\/www.mebee.com.tr\/ar\/wp-json\/wp\/v2\/product_tag?post=8545"}],"curies":[{"name":"wp","href":"https:\/\/api.w.org\/{rel}","templated":true}]}}