{"id":8494,"date":"2023-04-01T21:36:24","date_gmt":"2023-04-01T18:36:24","guid":{"rendered":"https:\/\/mebee.com.tr\/?post_type=product&#038;p=8494"},"modified":"2025-09-18T12:05:14","modified_gmt":"2025-09-18T09:05:14","slug":"goz-desenli-tas-baskili-pamuklu-muslin-kimono-2","status":"publish","type":"product","link":"https:\/\/www.mebee.com.tr\/ar\/%d8%a7%d9%84%d9%85%d9%86%d8%aa%d8%ac\/goz-desenli-tas-baskili-pamuklu-muslin-kimono-2","title":{"rendered":"\u0643\u064a\u0645\u0648\u0646\u0648 \u0645\u0646 \u0627\u0644\u0642\u0637\u0646 \u0627\u0644\u0645\u0648\u0633\u0644\u064a\u0646 \u0627\u0644\u0645\u0637\u0628\u0648\u0639 \u0628\u0627\u0644\u062d\u062c\u0631 \u0627\u0644\u0645\u0646\u0642\u0648\u0634 \u0628\u0627\u0644\u0639\u064a\u0646\u064a\u0646"},"content":{"rendered":"<p style=\"text-align: justify;\">G\u00f6z Desenli Ta\u015f Bask\u0131l\u0131 Pamuklu M\u00fcslin Kimono, sizi mistik bir yolculu\u011fa \u00e7\u0131kar\u0131r. G\u00f6z motifi, derin anlamlar ta\u015f\u0131yan koruyucu bir sembol olarak kar\u015f\u0131m\u0131za \u00e7\u0131kar, ta\u015f bask\u0131 ise do\u011fan\u0131n en saf haliyle bulu\u015fman\u0131z\u0131 sa\u011flar. Bu kimono, sadece bir giysi de\u011fil, ayn\u0131 zamanda bir hik\u00e2yenin par\u00e7as\u0131d\u0131r. Her giydi\u011finizde, bu hik\u00e2yenin bir par\u00e7as\u0131 olun.<\/p>","protected":false},"excerpt":{"rendered":"<p>Bu inan\u0131lmaz yumu\u015fak, nefes alabilen ah\u015fap bask\u0131l\u0131 \u00fcr\u00fcn\u00fcm\u00fcz, plajlardan parktaki pikniklere kadar t\u00fcm yaz ihtiya\u00e7lar\u0131n\u0131z i\u00e7in m\u00fckemmel bir \u00f6rt\u00fcd\u00fcr. %100 organik pamuktan \u00fcretilmektedir. Yumu\u015fak, hafif ve \u00e7abuk kurur, suyu bir havludan daha iyi emer.<\/p>","protected":false},"featured_media":8496,"template":"","meta":{"_joinchat":[]},"product_brand":[],"product_cat":[70],"product_tag":[],"class_list":{"0":"post-8494","1":"product","2":"type-product","3":"status-publish","4":"has-post-thumbnail","6":"product_cat-muslin-kimono","8":"first","9":"instock","10":"sale","11":"taxable","12":"shipping-taxable","13":"purchasable","14":"product-type-simple"},"_links":{"self":[{"href":"https:\/\/www.mebee.com.tr\/ar\/wp-json\/wp\/v2\/product\/8494","targetHints":{"allow":["GET"]}}],"collection":[{"href":"https:\/\/www.mebee.com.tr\/ar\/wp-json\/wp\/v2\/product"}],"about":[{"href":"https:\/\/www.mebee.com.tr\/ar\/wp-json\/wp\/v2\/types\/product"}],"version-history":[{"count":0,"href":"https:\/\/www.mebee.com.tr\/ar\/wp-json\/wp\/v2\/product\/8494\/revisions"}],"wp:featuredmedia":[{"embeddable":true,"href":"https:\/\/www.mebee.com.tr\/ar\/wp-json\/wp\/v2\/media\/8496"}],"wp:attachment":[{"href":"https:\/\/www.mebee.com.tr\/ar\/wp-json\/wp\/v2\/media?parent=8494"}],"wp:term":[{"taxonomy":"product_brand","embeddable":true,"href":"https:\/\/www.mebee.com.tr\/ar\/wp-json\/wp\/v2\/product_brand?post=8494"},{"taxonomy":"product_cat","embeddable":true,"href":"https:\/\/www.mebee.com.tr\/ar\/wp-json\/wp\/v2\/product_cat?post=8494"},{"taxonomy":"product_tag","embeddable":true,"href":"https:\/\/www.mebee.com.tr\/ar\/wp-json\/wp\/v2\/product_tag?post=8494"}],"curies":[{"name":"wp","href":"https:\/\/api.w.org\/{rel}","templated":true}]}}