{"id":14624,"date":"2024-06-19T10:41:49","date_gmt":"2024-06-19T07:41:49","guid":{"rendered":"https:\/\/mebee.com.tr\/urun\/iznik-kapsonlu-kisa-pareo"},"modified":"2025-03-18T22:32:12","modified_gmt":"2025-03-18T19:32:12","slug":"iznik-kapsonlu-kisa-pareo","status":"publish","type":"product","link":"https:\/\/www.mebee.com.tr\/ar\/%d8%a7%d9%84%d9%85%d9%86%d8%aa%d8%ac\/iznik-kapsonlu-kisa-pareo","title":{"rendered":"\u0130znik Kap\u015fonlu K\u0131sa Pareo"},"content":{"rendered":"","protected":false},"excerpt":{"rendered":"","protected":false},"featured_media":14246,"template":"","meta":{"_joinchat":[]},"product_brand":[],"product_cat":[161,181],"product_tag":[],"class_list":{"0":"post-14624","1":"product","2":"type-product","3":"status-publish","4":"has-post-thumbnail","6":"product_cat-kampanyali","7":"product_cat-muslin-pareo-kampanyali","8":"pa_renk-ekru","10":"first","11":"instock","12":"sale","13":"purchasable","14":"product-type-simple"},"_links":{"self":[{"href":"https:\/\/www.mebee.com.tr\/ar\/wp-json\/wp\/v2\/product\/14624","targetHints":{"allow":["GET"]}}],"collection":[{"href":"https:\/\/www.mebee.com.tr\/ar\/wp-json\/wp\/v2\/product"}],"about":[{"href":"https:\/\/www.mebee.com.tr\/ar\/wp-json\/wp\/v2\/types\/product"}],"version-history":[{"count":0,"href":"https:\/\/www.mebee.com.tr\/ar\/wp-json\/wp\/v2\/product\/14624\/revisions"}],"wp:featuredmedia":[{"embeddable":true,"href":"https:\/\/www.mebee.com.tr\/ar\/wp-json\/wp\/v2\/media\/14246"}],"wp:attachment":[{"href":"https:\/\/www.mebee.com.tr\/ar\/wp-json\/wp\/v2\/media?parent=14624"}],"wp:term":[{"taxonomy":"product_brand","embeddable":true,"href":"https:\/\/www.mebee.com.tr\/ar\/wp-json\/wp\/v2\/product_brand?post=14624"},{"taxonomy":"product_cat","embeddable":true,"href":"https:\/\/www.mebee.com.tr\/ar\/wp-json\/wp\/v2\/product_cat?post=14624"},{"taxonomy":"product_tag","embeddable":true,"href":"https:\/\/www.mebee.com.tr\/ar\/wp-json\/wp\/v2\/product_tag?post=14624"}],"curies":[{"name":"wp","href":"https:\/\/api.w.org\/{rel}","templated":true}]}}