{"id":12437,"date":"2023-06-13T14:08:40","date_gmt":"2023-06-13T11:08:40","guid":{"rendered":"https:\/\/mebee.com.tr\/urun\/anchor-fiskon-baskili-pamuklu-muslin-kimono-2"},"modified":"2025-03-18T22:32:01","modified_gmt":"2025-03-18T19:32:01","slug":"anchor-fiskon-baskili-pamuklu-muslin-kimono-2","status":"publish","type":"product","link":"https:\/\/www.mebee.com.tr\/ar\/%d8%a7%d9%84%d9%85%d9%86%d8%aa%d8%ac\/anchor-fiskon-baskili-pamuklu-muslin-kimono-2","title":{"rendered":"Anchor Fiskon Bask\u0131l\u0131 Pamuklu M\u00fcslin Kimono"},"content":{"rendered":"<p style=\"text-align: justify;\"><span style=\"font-size: 11.0pt;\">Denizin derinliklerinden esinlenen tasar\u0131m\u0131yla Anchor Fiskon Bask\u0131l\u0131 Pamuklu M\u00fcslin Kimono, yaz\u0131n t\u00fcm ferahl\u0131\u011f\u0131n\u0131 ve \u00f6zg\u00fcrl\u00fc\u011f\u00fcn\u00fc \u00fczerinizde ta\u015f\u0131man\u0131z\u0131 sa\u011flar. %100 pamu\u011fun do\u011fal ve nefes alabilen dokusu, fiskon deseninin zarifli\u011fiyle bulu\u015farak hem konforlu hem de stil sahibi bir deneyim sunar. Fiskon bask\u0131n\u0131n verdi\u011fi otantik ve denizci hava, bu m\u00fcslin kimononun e\u015fsizli\u011fini vurgular. S\u0131cak yaz g\u00fcnlerinde ya da deniz kenar\u0131ndaki serin ak\u015famlarda, Anchor fiskon bask\u0131l\u0131 m\u00fcslin kimono tasar\u0131m\u0131 ile \u015f\u0131kl\u0131\u011f\u0131n\u0131z\u0131 bir ad\u0131m \u00f6ne ta\u015f\u0131y\u0131n.<\/span><\/p>","protected":false},"excerpt":{"rendered":"<p>Bu inan\u0131lmaz yumu\u015fak, nefes alabilen ah\u015fap bask\u0131l\u0131 \u00fcr\u00fcn\u00fcm\u00fcz, plajlardan parktaki pikniklere kadar t\u00fcm yaz ihtiya\u00e7lar\u0131n\u0131z i\u00e7in m\u00fckemmel bir \u00f6rt\u00fcd\u00fcr. %100 organik pamuktan \u00fcretilmektedir. Yumu\u015fak, hafif ve \u00e7abuk kurur, suyu bir havludan daha iyi emer.<\/p>","protected":false},"featured_media":12438,"template":"","meta":{"_joinchat":[]},"product_brand":[],"product_cat":[70],"product_tag":[],"class_list":{"0":"post-12437","1":"product","2":"type-product","3":"status-publish","4":"has-post-thumbnail","6":"product_cat-muslin-kimono","8":"first","9":"outofstock","10":"sale","11":"taxable","12":"shipping-taxable","13":"purchasable","14":"product-type-simple"},"_links":{"self":[{"href":"https:\/\/www.mebee.com.tr\/ar\/wp-json\/wp\/v2\/product\/12437","targetHints":{"allow":["GET"]}}],"collection":[{"href":"https:\/\/www.mebee.com.tr\/ar\/wp-json\/wp\/v2\/product"}],"about":[{"href":"https:\/\/www.mebee.com.tr\/ar\/wp-json\/wp\/v2\/types\/product"}],"version-history":[{"count":0,"href":"https:\/\/www.mebee.com.tr\/ar\/wp-json\/wp\/v2\/product\/12437\/revisions"}],"wp:featuredmedia":[{"embeddable":true,"href":"https:\/\/www.mebee.com.tr\/ar\/wp-json\/wp\/v2\/media\/12438"}],"wp:attachment":[{"href":"https:\/\/www.mebee.com.tr\/ar\/wp-json\/wp\/v2\/media?parent=12437"}],"wp:term":[{"taxonomy":"product_brand","embeddable":true,"href":"https:\/\/www.mebee.com.tr\/ar\/wp-json\/wp\/v2\/product_brand?post=12437"},{"taxonomy":"product_cat","embeddable":true,"href":"https:\/\/www.mebee.com.tr\/ar\/wp-json\/wp\/v2\/product_cat?post=12437"},{"taxonomy":"product_tag","embeddable":true,"href":"https:\/\/www.mebee.com.tr\/ar\/wp-json\/wp\/v2\/product_tag?post=12437"}],"curies":[{"name":"wp","href":"https:\/\/api.w.org\/{rel}","templated":true}]}}