{"id":12187,"date":"2023-04-02T20:10:22","date_gmt":"2023-04-02T17:10:22","guid":{"rendered":"https:\/\/mebee.com.tr\/urun\/ananas-desenli-tas-baskili-pamuklu-kimono-2"},"modified":"2025-03-18T22:31:58","modified_gmt":"2025-03-18T19:31:58","slug":"ananas-desenli-tas-baskili-pamuklu-kimono-2","status":"publish","type":"product","link":"https:\/\/www.mebee.com.tr\/ar\/%d8%a7%d9%84%d9%85%d9%86%d8%aa%d8%ac\/ananas-desenli-tas-baskili-pamuklu-kimono-2","title":{"rendered":"\u0643\u064a\u0645\u0648\u0646\u0648 \u0642\u0637\u0646 \u0645\u0637\u0628\u0648\u0639 \u0628\u0646\u0642\u0634\u0629 \u0627\u0644\u0623\u0646\u0627\u0646\u0627\u0633 \u0628\u0646\u0642\u0634\u0629 \u062d\u062c\u0631\u064a\u0629"},"content":{"rendered":"<p style=\"text-align: justify;\"><span style=\"font-size: 11.0pt;\">Yaz\u0131n enerjisini ve tarihin dokunu\u015flar\u0131n\u0131 bir araya getiren Ananas Desenli Ta\u015f Bask\u0131l\u0131 Pamuklu Kimono, gard\u0131robunuzun vazge\u00e7ilmez bir par\u00e7as\u0131 olacak. %100 pamu\u011fun do\u011fal ve nefes alabilen dokusu, ananas deseninin canl\u0131l\u0131\u011f\u0131yla bulu\u015farak hem konforlu hem de stil sahibi bir deneyim sunar. Ta\u015f bask\u0131n\u0131n verdi\u011fi otantik hava, bu kimononun e\u015fsizli\u011fini vurgular. S\u0131cak yaz g\u00fcnlerinde ya da serin ak\u015famlarda, tarihi ve modernli\u011fi bir araya getiren bu tasar\u0131m ile \u015f\u0131kl\u0131\u011f\u0131n\u0131z\u0131 bir ad\u0131m \u00f6ne ta\u015f\u0131y\u0131n.<\/span><\/p>","protected":false},"excerpt":{"rendered":"<p>Bu inan\u0131lmaz yumu\u015fak, nefes alabilen ah\u015fap bask\u0131l\u0131 \u00fcr\u00fcn\u00fcm\u00fcz, plajlardan parktaki pikniklere kadar t\u00fcm yaz ihtiya\u00e7lar\u0131n\u0131z i\u00e7in m\u00fckemmel bir \u00f6rt\u00fcd\u00fcr. %100 organik pamuktan \u00fcretilmektedir. Yumu\u015fak, hafif ve \u00e7abuk kurur, suyu bir havludan daha iyi emer.<\/p>","protected":false},"featured_media":12188,"template":"","meta":{"_joinchat":[]},"product_brand":[],"product_cat":[70],"product_tag":[],"class_list":{"0":"post-12187","1":"product","2":"type-product","3":"status-publish","4":"has-post-thumbnail","6":"product_cat-muslin-kimono","8":"first","9":"instock","10":"sale","11":"taxable","12":"shipping-taxable","13":"purchasable","14":"product-type-simple"},"_links":{"self":[{"href":"https:\/\/www.mebee.com.tr\/ar\/wp-json\/wp\/v2\/product\/12187","targetHints":{"allow":["GET"]}}],"collection":[{"href":"https:\/\/www.mebee.com.tr\/ar\/wp-json\/wp\/v2\/product"}],"about":[{"href":"https:\/\/www.mebee.com.tr\/ar\/wp-json\/wp\/v2\/types\/product"}],"version-history":[{"count":0,"href":"https:\/\/www.mebee.com.tr\/ar\/wp-json\/wp\/v2\/product\/12187\/revisions"}],"wp:featuredmedia":[{"embeddable":true,"href":"https:\/\/www.mebee.com.tr\/ar\/wp-json\/wp\/v2\/media\/12188"}],"wp:attachment":[{"href":"https:\/\/www.mebee.com.tr\/ar\/wp-json\/wp\/v2\/media?parent=12187"}],"wp:term":[{"taxonomy":"product_brand","embeddable":true,"href":"https:\/\/www.mebee.com.tr\/ar\/wp-json\/wp\/v2\/product_brand?post=12187"},{"taxonomy":"product_cat","embeddable":true,"href":"https:\/\/www.mebee.com.tr\/ar\/wp-json\/wp\/v2\/product_cat?post=12187"},{"taxonomy":"product_tag","embeddable":true,"href":"https:\/\/www.mebee.com.tr\/ar\/wp-json\/wp\/v2\/product_tag?post=12187"}],"curies":[{"name":"wp","href":"https:\/\/api.w.org\/{rel}","templated":true}]}}