{"id":11192,"date":"2024-02-11T01:53:26","date_gmt":"2024-02-10T22:53:26","guid":{"rendered":"https:\/\/mebee.com.tr\/urun\/moon-woman-pink-kimono"},"modified":"2025-03-18T22:31:52","modified_gmt":"2025-03-18T19:31:52","slug":"moon-woman-pink-kimono","status":"publish","type":"product","link":"https:\/\/www.mebee.com.tr\/ar\/%d8%a7%d9%84%d9%85%d9%86%d8%aa%d8%ac\/moon-woman-pink-kimono","title":{"rendered":"Moon Woman Pink Kimono"},"content":{"rendered":"<p>Pembe tonlar\u0131n\u0131n zarafeti ve ay \u0131\u015f\u0131\u011f\u0131n\u0131n mistik havas\u0131 ile tasarlanan Moon Woman Pink Kimono, stilinize sofistike ve b\u00fcy\u00fcleyici bir dokunu\u015f kat\u0131yor. Bu \u015f\u0131k kimono, her an\u0131n\u0131za dinginlik ve \u015f\u0131kl\u0131k getirerek gard\u0131robunuzun en dikkat \u00e7ekici par\u00e7alar\u0131ndan biri olacak. Hem g\u00fcnl\u00fck kullan\u0131mda hem de \u00f6zel davetlerde tercih edebilece\u011finiz bu tasar\u0131m, rahatl\u0131\u011f\u0131 ve zarafeti bir arada sunuyor.<\/p>\n<p>Y\u00fcksek kaliteli ve hafif kuma\u015f\u0131, cildinize yumu\u015fak bir dokunu\u015f sa\u011flar ve g\u00fcn boyu konfor sunar. Nefes alabilir yap\u0131s\u0131 ile her mevsimde rahatl\u0131kla giyilebilir. Moon Woman Pink Kimono&#8217;nun zarif kesimi ve detaylar\u0131, pembe rengin romantik tonlar\u0131yla ay \u0131\u015f\u0131\u011f\u0131n\u0131n b\u00fcy\u00fcleyici etkisini stilinize yans\u0131tarak benzersiz bir g\u00f6r\u00fcn\u00fcm yarat\u0131r.<\/p>\n<p>\u0628\u0641\u0636\u0644 \u0642\u0635\u062a\u0647 \u0627\u0644\u0639\u0631\u064a\u0636\u0629 \u0648\u0627\u0644\u0645\u0631\u064a\u062d\u0629\u060c \u064a\u0645\u0643\u0646 \u0627\u0633\u062a\u062e\u062f\u0627\u0645\u0647 \u0643\u0642\u0637\u0639\u0629 \u0645\u062b\u0627\u0644\u064a\u0629 \u0644\u0644\u062d\u064a\u0627\u0629 \u0627\u0644\u064a\u0648\u0645\u064a\u0629 \u0648\u0627\u0644\u0645\u0646\u0627\u0633\u0628\u0627\u062a \u0627\u0644\u062e\u0627\u0635\u0629. \u064a\u0645\u0643\u0646\u0643 \u0627\u0633\u062a\u062e\u062f\u0627\u0645\u0647 \u0643\u063a\u0637\u0627\u0621 \u0623\u0646\u064a\u0642 \u0641\u0648\u0642 \u0627\u0644\u0628\u064a\u0643\u064a\u0646\u064a \u0639\u0644\u0649 \u0627\u0644\u0634\u0627\u0637\u0626 \u0623\u0648 \u0627\u0631\u062a\u062f\u0627\u0626\u0647 \u0641\u0648\u0642 \u0645\u0644\u0627\u0628\u0633\u0643 \u0627\u0644\u064a\u0648\u0645\u064a\u0629 \u0641\u064a \u0627\u0644\u0645\u062f\u064a\u0646\u0629 \u0644\u0625\u0643\u0645\u0627\u0644 \u0623\u0646\u0627\u0642\u062a\u0643. \u064a\u0645\u0643\u0646\u0643 \u0623\u064a\u0636\u064b\u0627 \u0627\u0644\u0627\u0633\u062a\u0641\u0627\u062f\u0629 \u0645\u0646 \u0631\u0627\u062d\u0629 \u0647\u0630\u0627 \u0627\u0644\u0643\u064a\u0645\u0648\u0646\u0648 \u0623\u062b\u0646\u0627\u0621 \u0642\u0636\u0627\u0621 \u064a\u0648\u0645 \u0645\u0631\u064a\u062d \u0641\u064a \u0627\u0644\u0645\u0646\u0632\u0644.<\/p>","protected":false},"excerpt":{"rendered":"<p>Pembe tonlar\u0131n\u0131n zarafeti ve ay \u0131\u015f\u0131\u011f\u0131n\u0131n mistik havas\u0131 ile tasarlanan Moon Woman Pink Kimono, stilinize sofistike ve b\u00fcy\u00fcleyici bir dokunu\u015f<\/p>","protected":false},"featured_media":11718,"template":"","meta":{"_joinchat":[]},"product_brand":[],"product_cat":[70],"product_tag":[],"class_list":{"0":"post-11192","1":"product","2":"type-product","3":"status-publish","4":"has-post-thumbnail","6":"product_cat-muslin-kimono","8":"first","9":"instock","10":"sale","11":"purchasable","12":"product-type-simple"},"_links":{"self":[{"href":"https:\/\/www.mebee.com.tr\/ar\/wp-json\/wp\/v2\/product\/11192","targetHints":{"allow":["GET"]}}],"collection":[{"href":"https:\/\/www.mebee.com.tr\/ar\/wp-json\/wp\/v2\/product"}],"about":[{"href":"https:\/\/www.mebee.com.tr\/ar\/wp-json\/wp\/v2\/types\/product"}],"version-history":[{"count":0,"href":"https:\/\/www.mebee.com.tr\/ar\/wp-json\/wp\/v2\/product\/11192\/revisions"}],"wp:featuredmedia":[{"embeddable":true,"href":"https:\/\/www.mebee.com.tr\/ar\/wp-json\/wp\/v2\/media\/11718"}],"wp:attachment":[{"href":"https:\/\/www.mebee.com.tr\/ar\/wp-json\/wp\/v2\/media?parent=11192"}],"wp:term":[{"taxonomy":"product_brand","embeddable":true,"href":"https:\/\/www.mebee.com.tr\/ar\/wp-json\/wp\/v2\/product_brand?post=11192"},{"taxonomy":"product_cat","embeddable":true,"href":"https:\/\/www.mebee.com.tr\/ar\/wp-json\/wp\/v2\/product_cat?post=11192"},{"taxonomy":"product_tag","embeddable":true,"href":"https:\/\/www.mebee.com.tr\/ar\/wp-json\/wp\/v2\/product_tag?post=11192"}],"curies":[{"name":"wp","href":"https:\/\/api.w.org\/{rel}","templated":true}]}}