{"id":11188,"date":"2024-02-11T01:53:26","date_gmt":"2024-02-10T22:53:26","guid":{"rendered":"https:\/\/mebee.com.tr\/urun\/moon-woman-gul-kurusu"},"modified":"2025-03-18T22:31:51","modified_gmt":"2025-03-18T19:31:51","slug":"moon-woman-gul-kurusu","status":"publish","type":"product","link":"https:\/\/www.mebee.com.tr\/ar\/%d8%a7%d9%84%d9%85%d9%86%d8%aa%d8%ac\/moon-woman-gul-kurusu","title":{"rendered":"\u0648\u0631\u062f\u0629 \u0627\u0644\u0645\u0631\u0623\u0629 \u0627\u0644\u0642\u0645\u0631 \u0627\u0644\u0645\u062c\u0641\u0641\u0629"},"content":{"rendered":"<p>G\u00fcl kurusunun zarif ve romantik tonlar\u0131yla tasarlanan Moon Woman G\u00fcl Kurusu, stilinize sofistike ve \u00e7ekici bir dokunu\u015f kat\u0131yor. Bu g\u00f6z al\u0131c\u0131 par\u00e7a, her an\u0131n\u0131za \u015f\u0131kl\u0131k ve zarafet getirerek gard\u0131robunuzun en dikkat \u00e7ekici par\u00e7alar\u0131ndan biri olacak. Hem g\u00fcnl\u00fck kullan\u0131mda hem de \u00f6zel davetlerde tercih edebilece\u011finiz bu tasar\u0131m, rahatl\u0131\u011f\u0131 ve \u015f\u0131kl\u0131\u011f\u0131 bir arada sunuyor.<\/p>\n<p>Y\u00fcksek kaliteli kuma\u015f\u0131, cildinize yumu\u015fak bir dokunu\u015f sa\u011flar ve g\u00fcn boyu konfor sunar. Nefes alabilir yap\u0131s\u0131 sayesinde her mevsimde rahatl\u0131kla giyilebilir. G\u00fcl kurusunun romantik tonu, zarif kesim ve detaylarla birle\u015ferek benzersiz bir stil yarat\u0131r. Moon Woman G\u00fcl Kurusu, her ortamda sofistike ve feminen bir g\u00f6r\u00fcn\u00fcm sunar.<\/p>\n<p>Bu par\u00e7a, \u015fehirde gezintiye \u00e7\u0131karken, arkada\u015f bulu\u015fmalar\u0131nda veya \u00f6zel davetlerde rahatl\u0131kla tercih edilebilir. Ayr\u0131ca evde rahat bir g\u00fcn ge\u00e7irirken de bu par\u00e7an\u0131n konforundan faydalanabilirsiniz. \u00c7ok y\u00f6nl\u00fc kullan\u0131m \u00f6zelli\u011fi sayesinde, her ortamda fark yaratman\u0131z\u0131 sa\u011flar.<\/p>","protected":false},"excerpt":{"rendered":"<p>G\u00fcl kurusunun zarif ve romantik tonlar\u0131yla tasarlanan Moon Woman G\u00fcl Kurusu, stilinize sofistike ve \u00e7ekici bir dokunu\u015f kat\u0131yor. Bu g\u00f6z<\/p>","protected":false},"featured_media":11704,"template":"","meta":{"_joinchat":[]},"product_brand":[],"product_cat":[70],"product_tag":[],"class_list":{"0":"post-11188","1":"product","2":"type-product","3":"status-publish","4":"has-post-thumbnail","6":"product_cat-muslin-kimono","8":"first","9":"instock","10":"sale","11":"purchasable","12":"product-type-simple"},"_links":{"self":[{"href":"https:\/\/www.mebee.com.tr\/ar\/wp-json\/wp\/v2\/product\/11188","targetHints":{"allow":["GET"]}}],"collection":[{"href":"https:\/\/www.mebee.com.tr\/ar\/wp-json\/wp\/v2\/product"}],"about":[{"href":"https:\/\/www.mebee.com.tr\/ar\/wp-json\/wp\/v2\/types\/product"}],"version-history":[{"count":0,"href":"https:\/\/www.mebee.com.tr\/ar\/wp-json\/wp\/v2\/product\/11188\/revisions"}],"wp:featuredmedia":[{"embeddable":true,"href":"https:\/\/www.mebee.com.tr\/ar\/wp-json\/wp\/v2\/media\/11704"}],"wp:attachment":[{"href":"https:\/\/www.mebee.com.tr\/ar\/wp-json\/wp\/v2\/media?parent=11188"}],"wp:term":[{"taxonomy":"product_brand","embeddable":true,"href":"https:\/\/www.mebee.com.tr\/ar\/wp-json\/wp\/v2\/product_brand?post=11188"},{"taxonomy":"product_cat","embeddable":true,"href":"https:\/\/www.mebee.com.tr\/ar\/wp-json\/wp\/v2\/product_cat?post=11188"},{"taxonomy":"product_tag","embeddable":true,"href":"https:\/\/www.mebee.com.tr\/ar\/wp-json\/wp\/v2\/product_tag?post=11188"}],"curies":[{"name":"wp","href":"https:\/\/api.w.org\/{rel}","templated":true}]}}