{"id":11180,"date":"2024-02-11T01:53:26","date_gmt":"2024-02-10T22:53:26","guid":{"rendered":"https:\/\/mebee.com.tr\/urun\/mandala-pantolonlu-siyah-kisa-kol-kimono"},"modified":"2025-03-18T22:31:51","modified_gmt":"2025-03-18T19:31:51","slug":"mandala-pantolonlu-siyah-kisa-kol-kimono","status":"publish","type":"product","link":"https:\/\/www.mebee.com.tr\/ar\/%d8%a7%d9%84%d9%85%d9%86%d8%aa%d8%ac\/mandala-pantolonlu-siyah-kisa-kol-kimono","title":{"rendered":"\u0641\u064a\u0633\u062a \u0645\u0648\u0633\u0644\u064a\u0646 \u0623\u0633\u0648\u062f \u0645\u0639 \u0628\u0646\u0637\u0644\u0648\u0646 \u0645\u0627\u0646\u062f\u0627\u0644\u0627"},"content":{"rendered":"<p>Siyah\u0131n zamans\u0131z zarafeti ve mandala desenlerinin b\u00fcy\u00fcleyici uyumu ile tasarlanan Mandala Pantolonlu Siyah M\u00fcslin Yelek, stilinize sofistike ve mistik bir dokunu\u015f kat\u0131yor. Bu g\u00f6z al\u0131c\u0131 tak\u0131m, her an\u0131n\u0131za asalet ve \u015f\u0131kl\u0131k getirerek gard\u0131robunuzun en dikkat \u00e7ekici par\u00e7alar\u0131ndan biri olacak. Hem g\u00fcnl\u00fck kullan\u0131mda hem de \u00f6zel anlarda tercih edebilece\u011finiz bu tasar\u0131m, rahatl\u0131\u011f\u0131 ve zarafeti bir arada sunuyor.<\/p>\n<p>Y\u00fcksek kaliteli m\u00fcslin kuma\u015f\u0131, cildinize yumu\u015fak bir dokunu\u015f sa\u011flar ve g\u00fcn boyu konfor sunar. Nefes alabilir yap\u0131s\u0131 ile s\u0131cak havalarda serin kalman\u0131za yard\u0131mc\u0131 olurken, mandala desenlerinin mistik ve estetik g\u00f6r\u00fcnt\u00fcs\u00fc ile modern bir stil yarat\u0131r. Siyah\u0131n g\u00fc\u00e7l\u00fc tonu, her ortamda sofistike bir g\u00f6r\u00fcn\u00fcm sunarak stilinize benzersiz bir dokunu\u015f katar.<\/p>\n<p>Geni\u015f ve rahat kesimi ile pantolon, hareket \u00f6zg\u00fcrl\u00fc\u011f\u00fc sunarken yelek ise feminen ve \u015f\u0131k bir duru\u015f sergiler. Bu tak\u0131m, \u015fehirde gezintiye \u00e7\u0131karken, arkada\u015f bulu\u015fmalar\u0131nda veya \u00f6zel davetlerde rahatl\u0131kla tercih edilebilir. Ayr\u0131ca plajda veya tatilde de dikkat \u00e7ekici bir g\u00f6r\u00fcn\u00fcm elde etmenizi sa\u011flar.<\/p>","protected":false},"excerpt":{"rendered":"<p>Siyah\u0131n zamans\u0131z zarafeti ve mandala desenlerinin b\u00fcy\u00fcleyici uyumu ile tasarlanan Mandala Pantolonlu Siyah M\u00fcslin Yelek, stilinize sofistike ve mistik bir<\/p>","protected":false},"featured_media":11656,"template":"","meta":{"_joinchat":[]},"product_brand":[],"product_cat":[70],"product_tag":[],"class_list":{"0":"post-11180","1":"product","2":"type-product","3":"status-publish","4":"has-post-thumbnail","6":"product_cat-muslin-kimono","8":"first","9":"instock","10":"sale","11":"purchasable","12":"product-type-simple"},"_links":{"self":[{"href":"https:\/\/www.mebee.com.tr\/ar\/wp-json\/wp\/v2\/product\/11180","targetHints":{"allow":["GET"]}}],"collection":[{"href":"https:\/\/www.mebee.com.tr\/ar\/wp-json\/wp\/v2\/product"}],"about":[{"href":"https:\/\/www.mebee.com.tr\/ar\/wp-json\/wp\/v2\/types\/product"}],"version-history":[{"count":0,"href":"https:\/\/www.mebee.com.tr\/ar\/wp-json\/wp\/v2\/product\/11180\/revisions"}],"wp:featuredmedia":[{"embeddable":true,"href":"https:\/\/www.mebee.com.tr\/ar\/wp-json\/wp\/v2\/media\/11656"}],"wp:attachment":[{"href":"https:\/\/www.mebee.com.tr\/ar\/wp-json\/wp\/v2\/media?parent=11180"}],"wp:term":[{"taxonomy":"product_brand","embeddable":true,"href":"https:\/\/www.mebee.com.tr\/ar\/wp-json\/wp\/v2\/product_brand?post=11180"},{"taxonomy":"product_cat","embeddable":true,"href":"https:\/\/www.mebee.com.tr\/ar\/wp-json\/wp\/v2\/product_cat?post=11180"},{"taxonomy":"product_tag","embeddable":true,"href":"https:\/\/www.mebee.com.tr\/ar\/wp-json\/wp\/v2\/product_tag?post=11180"}],"curies":[{"name":"wp","href":"https:\/\/api.w.org\/{rel}","templated":true}]}}