{"id":11168,"date":"2024-02-11T01:53:26","date_gmt":"2024-02-10T22:53:26","guid":{"rendered":"https:\/\/mebee.com.tr\/urun\/lotus-eye-ekru-pantolonlu-kimono-takim"},"modified":"2024-05-25T14:48:20","modified_gmt":"2024-05-25T11:48:20","slug":"lotus-eye-ekru-pantolonlu-kimono-takim","status":"publish","type":"product","link":"https:\/\/www.mebee.com.tr\/ar\/%d8%a7%d9%84%d9%85%d9%86%d8%aa%d8%ac\/lotus-eye-ekru-pantolonlu-kimono-takim","title":{"rendered":"\u0637\u0642\u0645 \u0643\u064a\u0645\u0648\u0646\u0648 \u0644\u0648\u062a\u0633 \u0622\u064a \u0625\u064a\u0643\u0631\u0648 \u0628\u0646\u0637\u0644\u0648\u0646 \u0628\u0646\u0637\u0644\u0648\u0646 \u0643\u064a\u0645\u0648\u0646\u0648"},"content":{"rendered":"<p>Lotus motiflerinin zarafeti ve ekru renginin sade \u015f\u0131kl\u0131\u011f\u0131 ile tasarlanan Lotus Eye Ekru Pantolonlu Kimono Tak\u0131m, stilinize mistik ve sofistike bir dokunu\u015f kat\u0131yor. Bu zarif tak\u0131m, her an\u0131n\u0131za huzur ve \u015f\u0131kl\u0131k getirerek gard\u0131robunuzun en dikkat \u00e7ekici par\u00e7alar\u0131ndan biri olacak. Hem g\u00fcnl\u00fck kullan\u0131mda hem de \u00f6zel davetlerde tercih edebilece\u011finiz bu tasar\u0131m, rahatl\u0131\u011f\u0131 ve zarafeti bir arada sunuyor.<\/p>\n<p>Y\u00fcksek kaliteli ve hafif kuma\u015f\u0131, cildinize yumu\u015fak bir dokunu\u015f sa\u011flar ve g\u00fcn boyu konfor sunar. Nefes alabilir yap\u0131s\u0131 ile s\u0131cak havalarda serin kalman\u0131za yard\u0131mc\u0131 olurken, kimono ve pantolon kombinasyonu ile modern ve \u015f\u0131k bir g\u00f6r\u00fcn\u00fcm sunar. Lotus motifleri ve g\u00f6z detaylar\u0131 ile s\u00fcslenmi\u015f bu tak\u0131m, ekru renginin zarafeti ile birle\u015ferek benzersiz bir stil yarat\u0131r.<\/p>\n<p>Kimono, geni\u015f ve rahat kesimi ile hareket \u00f6zg\u00fcrl\u00fc\u011f\u00fc sunar ve zarif bir duru\u015f sergiler. Pantolon ise feminen ve \u015f\u0131k bir siluet olu\u015fturur. Bu tak\u0131m, \u015fehirde gezintiye \u00e7\u0131karken, arkada\u015f bulu\u015fmalar\u0131nda veya \u00f6zel davetlerde rahatl\u0131kla tercih edilebilir. Ayr\u0131ca plajda veya tatilde de dikkat \u00e7ekici bir g\u00f6r\u00fcn\u00fcm elde etmenizi sa\u011flar.<\/p>","protected":false},"excerpt":{"rendered":"<p>Lotus motiflerinin zarafeti ve ekru renginin sade \u015f\u0131kl\u0131\u011f\u0131 ile tasarlanan Lotus Eye Ekru Pantolonlu Kimono Tak\u0131m, stilinize mistik ve sofistike<\/p>","protected":false},"featured_media":11584,"template":"","meta":{"_joinchat":[]},"product_brand":[],"product_cat":[70],"product_tag":[],"class_list":{"0":"post-11168","1":"product","2":"type-product","3":"status-publish","4":"has-post-thumbnail","6":"product_cat-muslin-kimono","8":"first","9":"instock","10":"sale","11":"purchasable","12":"product-type-simple"},"_links":{"self":[{"href":"https:\/\/www.mebee.com.tr\/ar\/wp-json\/wp\/v2\/product\/11168","targetHints":{"allow":["GET"]}}],"collection":[{"href":"https:\/\/www.mebee.com.tr\/ar\/wp-json\/wp\/v2\/product"}],"about":[{"href":"https:\/\/www.mebee.com.tr\/ar\/wp-json\/wp\/v2\/types\/product"}],"version-history":[{"count":0,"href":"https:\/\/www.mebee.com.tr\/ar\/wp-json\/wp\/v2\/product\/11168\/revisions"}],"wp:featuredmedia":[{"embeddable":true,"href":"https:\/\/www.mebee.com.tr\/ar\/wp-json\/wp\/v2\/media\/11584"}],"wp:attachment":[{"href":"https:\/\/www.mebee.com.tr\/ar\/wp-json\/wp\/v2\/media?parent=11168"}],"wp:term":[{"taxonomy":"product_brand","embeddable":true,"href":"https:\/\/www.mebee.com.tr\/ar\/wp-json\/wp\/v2\/product_brand?post=11168"},{"taxonomy":"product_cat","embeddable":true,"href":"https:\/\/www.mebee.com.tr\/ar\/wp-json\/wp\/v2\/product_cat?post=11168"},{"taxonomy":"product_tag","embeddable":true,"href":"https:\/\/www.mebee.com.tr\/ar\/wp-json\/wp\/v2\/product_tag?post=11168"}],"curies":[{"name":"wp","href":"https:\/\/api.w.org\/{rel}","templated":true}]}}