{"id":11152,"date":"2024-02-11T01:52:59","date_gmt":"2024-02-10T22:52:59","guid":{"rendered":"https:\/\/mebee.com.tr\/urun\/leopar-kimono"},"modified":"2025-03-18T22:31:48","modified_gmt":"2025-03-18T19:31:48","slug":"leopar-kimono","status":"publish","type":"product","link":"https:\/\/www.mebee.com.tr\/ar\/%d8%a7%d9%84%d9%85%d9%86%d8%aa%d8%ac\/leopar-kimono","title":{"rendered":"\u0643\u064a\u0645\u0648\u0646\u0648 \u0627\u0644\u0646\u0645\u0631"},"content":{"rendered":"<p>Cesur ve iddial\u0131 tarz\u0131n\u0131z\u0131 yans\u0131tman\u0131n en \u015f\u0131k yolu Leopar Kimono ile tan\u0131\u015f\u0131n. Bu \u00f6zel tasar\u0131m, leopar deseninin vah\u015fi cazibesiyle birle\u015ferek her an\u0131n\u0131za enerji ve \u015f\u0131kl\u0131k kat\u0131yor. Hem rahat hem de g\u00f6z al\u0131c\u0131 bu kimono, gard\u0131robunuzun en dikkat \u00e7ekici par\u00e7alar\u0131ndan biri olacak.<\/p>\n<p>Leopar Kimono, y\u00fcksek kaliteli ve hafif kuma\u015f\u0131 sayesinde cildinize yumu\u015fak bir dokunu\u015f sa\u011flar. Nefes alabilir yap\u0131s\u0131 ile s\u0131cak havalarda serin kalman\u0131za yard\u0131mc\u0131 olurken, geni\u015f kesimi ile hareket \u00f6zg\u00fcrl\u00fc\u011f\u00fc sunar. Hem g\u00fcnl\u00fck kullan\u0131mda hem de \u00f6zel anlara uyum sa\u011flayan bu kimono, tarz\u0131n\u0131za benzersiz bir dokunu\u015f katacak.<\/p>\n<p>Leopar deseninin vah\u015fi ve sofistike g\u00f6r\u00fcn\u00fcm\u00fc, her kombinle uyum sa\u011flar. Plajda bikininizin \u00fczerine giyerek \u015f\u0131kl\u0131\u011f\u0131n\u0131z\u0131 tamamlayabilir, \u015fehirde jean ve ti\u015f\u00f6rt kombinleriyle cesur bir stil yaratabilirsiniz. Ayr\u0131ca evde rahat bir g\u00fcn ge\u00e7irirken de bu kimononun konforundan faydalanabilirsiniz. \u00c7ok y\u00f6nl\u00fc kullan\u0131m \u00f6zelli\u011fi sayesinde, her ortamda fark yaratman\u0131z\u0131 sa\u011flar.<\/p>","protected":false},"excerpt":{"rendered":"<p>Cesur ve iddial\u0131 tarz\u0131n\u0131z\u0131 yans\u0131tman\u0131n en \u015f\u0131k yolu Leopar Kimono ile tan\u0131\u015f\u0131n. Bu \u00f6zel tasar\u0131m, leopar deseninin vah\u015fi cazibesiyle birle\u015ferek<\/p>","protected":false},"featured_media":11520,"template":"","meta":{"_joinchat":[]},"product_brand":[],"product_cat":[70],"product_tag":[],"class_list":{"0":"post-11152","1":"product","2":"type-product","3":"status-publish","4":"has-post-thumbnail","6":"product_cat-muslin-kimono","8":"first","9":"instock","10":"sale","11":"purchasable","12":"product-type-simple"},"_links":{"self":[{"href":"https:\/\/www.mebee.com.tr\/ar\/wp-json\/wp\/v2\/product\/11152","targetHints":{"allow":["GET"]}}],"collection":[{"href":"https:\/\/www.mebee.com.tr\/ar\/wp-json\/wp\/v2\/product"}],"about":[{"href":"https:\/\/www.mebee.com.tr\/ar\/wp-json\/wp\/v2\/types\/product"}],"version-history":[{"count":0,"href":"https:\/\/www.mebee.com.tr\/ar\/wp-json\/wp\/v2\/product\/11152\/revisions"}],"wp:featuredmedia":[{"embeddable":true,"href":"https:\/\/www.mebee.com.tr\/ar\/wp-json\/wp\/v2\/media\/11520"}],"wp:attachment":[{"href":"https:\/\/www.mebee.com.tr\/ar\/wp-json\/wp\/v2\/media?parent=11152"}],"wp:term":[{"taxonomy":"product_brand","embeddable":true,"href":"https:\/\/www.mebee.com.tr\/ar\/wp-json\/wp\/v2\/product_brand?post=11152"},{"taxonomy":"product_cat","embeddable":true,"href":"https:\/\/www.mebee.com.tr\/ar\/wp-json\/wp\/v2\/product_cat?post=11152"},{"taxonomy":"product_tag","embeddable":true,"href":"https:\/\/www.mebee.com.tr\/ar\/wp-json\/wp\/v2\/product_tag?post=11152"}],"curies":[{"name":"wp","href":"https:\/\/api.w.org\/{rel}","templated":true}]}}